{"id":1183,"date":"2024-12-02T09:16:36","date_gmt":"2024-12-02T08:16:36","guid":{"rendered":"https:\/\/www.mesastrigoeconomistes.com\/eva-seixas\/"},"modified":"2025-06-16T12:37:00","modified_gmt":"2025-06-16T10:37:00","slug":"eva-seixas","status":"publish","type":"page","link":"https:\/\/www.mesastrigoeconomistes.com\/fr\/eva-seixas\/","title":{"rendered":"Eva Seixas"},"content":{"rendered":"\t\t<div data-elementor-type=\"wp-page\" data-elementor-id=\"1183\" class=\"elementor elementor-1183 elementor-41\">\n\t\t\t\t        <section class=\"elementor-section elementor-top-section elementor-element elementor-element-62dcf59 elementor-section-boxed elementor-section-height-default elementor-section-height-default pxl-type-header-none pxl-row-scroll-none pxl-bg-color-none pxl-section-overlay-none\" data-id=\"62dcf59\" data-element_type=\"section\" data-settings=\"{&quot;background_background&quot;:&quot;classic&quot;}\">\n\n                \n                <div class=\"elementor-container elementor-column-gap-default \">\n                <div class=\"elementor-column elementor-col-50 elementor-top-column elementor-element elementor-element-ff63054 pxl-col-none pxl-column-none\" data-id=\"ff63054\" data-element_type=\"column\">\r\n        <div class=\"elementor-widget-wrap elementor-element-populated\">\r\n                     \r\n        \t\t<div class=\"elementor-element elementor-element-3780552 elementor-widget elementor-widget-spacer\" data-id=\"3780552\" data-element_type=\"widget\" data-widget_type=\"spacer.default\">\n\t\t\t\t<div class=\"elementor-widget-container\">\n\t\t\t\t\t<div class=\"elementor-spacer\">\n\t\t\t<div class=\"elementor-spacer-inner\"><\/div>\n\t\t<\/div>\n\t\t\t\t<\/div>\n\t\t\t\t<\/div>\n\t\t\t\t<div class=\"elementor-element elementor-element-3a2946e elementor-widget elementor-widget-pxl_image\" data-id=\"3a2946e\" data-element_type=\"widget\" data-widget_type=\"pxl_image.default\">\n\t\t\t\t<div class=\"elementor-widget-container\">\n\t\t\t<div id=\"pxl_image-3a2946e-9130\" class=\"pxl-image-single  shape-gradient-left \" data-wow-delay=\"ms\" >\r\n    \r\n                        <div class=\"pxl-item--inner\">\r\n                                            <img fetchpriority=\"high\" decoding=\"async\" width=\"364\" height=\"370\" src=\"https:\/\/www.mesastrigoeconomistes.com\/wp-content\/uploads\/sites\/3\/2025\/03\/Eva-2.png\" class=\"no-lazyload attachment-full\" alt=\"\" \/>                                    <\/div>\r\n                \r\n    <\/div>\t\t<\/div>\n\t\t\t\t<\/div>\n\t\t\t\t<div class=\"elementor-element elementor-element-b6ba496 elementor-widget elementor-widget-spacer\" data-id=\"b6ba496\" data-element_type=\"widget\" data-widget_type=\"spacer.default\">\n\t\t\t\t<div class=\"elementor-widget-container\">\n\t\t\t\t\t<div class=\"elementor-spacer\">\n\t\t\t<div class=\"elementor-spacer-inner\"><\/div>\n\t\t<\/div>\n\t\t\t\t<\/div>\n\t\t\t\t<\/div>\n\t\t            <\/div>\r\n        <\/div>\r\n                <div class=\"elementor-column elementor-col-50 elementor-top-column elementor-element elementor-element-3f93665 pxl-col-none pxl-column-none\" data-id=\"3f93665\" data-element_type=\"column\">\r\n        <div class=\"elementor-widget-wrap elementor-element-populated\">\r\n                     \r\n        \t\t<div class=\"elementor-element elementor-element-1636da9 elementor-widget elementor-widget-spacer\" data-id=\"1636da9\" data-element_type=\"widget\" data-widget_type=\"spacer.default\">\n\t\t\t\t<div class=\"elementor-widget-container\">\n\t\t\t\t\t<div class=\"elementor-spacer\">\n\t\t\t<div class=\"elementor-spacer-inner\"><\/div>\n\t\t<\/div>\n\t\t\t\t<\/div>\n\t\t\t\t<\/div>\n\t\t\t\t<div class=\"elementor-element elementor-element-74f1c2b elementor-widget elementor-widget-team_single\" data-id=\"74f1c2b\" data-element_type=\"widget\" data-widget_type=\"team_single.default\">\n\t\t\t\t<div class=\"elementor-widget-container\">\n\t\t\t<div class=\"pxl-team-single pxl-team-single1 \" data-wow-delay=\"ms\">\r\n    <div class=\"pxl-item--inner\">\r\n                <div class=\"pxl-item--holder\">\r\n            <h4 class=\"pxl-item--title el-empty\">Eva Seixas<\/h4>\r\n            <div class=\"pxl-item--position el-empty\"><\/div>\r\n            <div class=\"pxl-item--description el-empty\">Conseill\u00e8re senior\n\n\n\n\n\n\n\n\n<\/div>\r\n        <\/div>\r\n    <\/div>\r\n<\/div>\t\t<\/div>\n\t\t\t\t<\/div>\n\t\t        <section class=\"elementor-section elementor-inner-section elementor-element elementor-element-100488e elementor-section-boxed elementor-section-height-default elementor-section-height-default pxl-type-header-none pxl-row-scroll-none pxl-bg-color-none pxl-section-overlay-none\" data-id=\"100488e\" data-element_type=\"section\">\n\n                \n                <div class=\"elementor-container elementor-column-gap-default \">\n                <div class=\"elementor-column elementor-col-50 elementor-inner-column elementor-element elementor-element-5458fe0 pxl-col-none pxl-column-none\" data-id=\"5458fe0\" data-element_type=\"column\">\r\n        <div class=\"elementor-widget-wrap elementor-element-populated\">\r\n                     \r\n        \t\t<div class=\"elementor-element elementor-element-76da7cc elementor-shape-square elementor-widget__width-initial elementor-grid-0 e-grid-align-center elementor-widget elementor-widget-social-icons\" data-id=\"76da7cc\" data-element_type=\"widget\" data-widget_type=\"social-icons.default\">\n\t\t\t\t<div class=\"elementor-widget-container\">\n\t\t\t\t\t<div class=\"elementor-social-icons-wrapper elementor-grid\">\n\t\t\t\t\t\t\t<span class=\"elementor-grid-item\">\n\t\t\t\t\t<a class=\"elementor-icon elementor-social-icon elementor-social-icon-linkedin elementor-repeater-item-b2ecd59\" href=\"https:\/\/www.linkedin.com\/in\/eva-seixas-967093110\/\" target=\"_blank\">\n\t\t\t\t\t\t<span class=\"elementor-screen-only\">Linkedin<\/span>\n\t\t\t\t\t\t<i class=\"fab fa-linkedin\"><\/i>\t\t\t\t\t<\/a>\n\t\t\t\t<\/span>\n\t\t\t\t\t<\/div>\n\t\t\t\t<\/div>\n\t\t\t\t<\/div>\n\t\t            <\/div>\r\n        <\/div>\r\n                <div class=\"elementor-column elementor-col-50 elementor-inner-column elementor-element elementor-element-402d6a4 pxl-col-none pxl-column-none\" data-id=\"402d6a4\" data-element_type=\"column\">\r\n        <div class=\"elementor-widget-wrap\">\r\n                     \r\n                    <\/div>\r\n        <\/div>\r\n        \t\t\t<\/div>\n\t\t<\/section>\n\t\t\t\t<div class=\"elementor-element elementor-element-0bdeae5 elementor-widget elementor-widget-spacer\" data-id=\"0bdeae5\" data-element_type=\"widget\" data-widget_type=\"spacer.default\">\n\t\t\t\t<div class=\"elementor-widget-container\">\n\t\t\t\t\t<div class=\"elementor-spacer\">\n\t\t\t<div class=\"elementor-spacer-inner\"><\/div>\n\t\t<\/div>\n\t\t\t\t<\/div>\n\t\t\t\t<\/div>\n\t\t            <\/div>\r\n        <\/div>\r\n        \t\t\t<\/div>\n\t\t<\/section>\n\t\t        <section class=\"elementor-section elementor-top-section elementor-element elementor-element-6d4e5ca elementor-section-boxed elementor-section-height-default elementor-section-height-default pxl-type-header-none pxl-row-scroll-none pxl-bg-color-none pxl-section-overlay-none\" data-id=\"6d4e5ca\" data-element_type=\"section\">\n\n                \n                <div class=\"elementor-container elementor-column-gap-default \">\n                <div class=\"elementor-column elementor-col-100 elementor-top-column elementor-element elementor-element-ee6bb6e pxl-col-none pxl-column-none\" data-id=\"ee6bb6e\" data-element_type=\"column\">\r\n        <div class=\"elementor-widget-wrap elementor-element-populated\">\r\n                     \r\n        \t\t<div class=\"elementor-element elementor-element-2baee35 elementor-widget elementor-widget-spacer\" data-id=\"2baee35\" data-element_type=\"widget\" data-widget_type=\"spacer.default\">\n\t\t\t\t<div class=\"elementor-widget-container\">\n\t\t\t\t\t<div class=\"elementor-spacer\">\n\t\t\t<div class=\"elementor-spacer-inner\"><\/div>\n\t\t<\/div>\n\t\t\t\t<\/div>\n\t\t\t\t<\/div>\n\t\t            <\/div>\r\n        <\/div>\r\n        \t\t\t<\/div>\n\t\t<\/section>\n\t\t        <section class=\"elementor-section elementor-top-section elementor-element elementor-element-4800108 elementor-section-boxed elementor-section-height-default elementor-section-height-default pxl-type-header-none pxl-row-scroll-none pxl-bg-color-none pxl-section-overlay-none\" data-id=\"4800108\" data-element_type=\"section\">\n\n                \n                <div class=\"elementor-container elementor-column-gap-default \">\n                <div class=\"elementor-column elementor-col-100 elementor-top-column elementor-element elementor-element-30db834 pxl-col-none pxl-column-none\" data-id=\"30db834\" data-element_type=\"column\">\r\n        <div class=\"elementor-widget-wrap elementor-element-populated\">\r\n                     \r\n        \t\t<div class=\"elementor-element elementor-element-9109ec3 elementor-widget elementor-widget-heading\" data-id=\"9109ec3\" data-element_type=\"widget\" data-widget_type=\"heading.default\">\n\t\t\t\t<div class=\"elementor-widget-container\">\n\t\t\t<div id=\"pxl-heading-9109ec3-5508\" class=\"pxl-heading typewriter-color\">\n\t<div class=\"pxl-heading--inner\">\n\t\t\n\t\t\t\t\t<h3 class=\"pxl-item--title  highlight-default \" data-wow-delay=\"ms\">\n\t\t\t\tDescription et exp\u00e9rience\t\t\n\t\t\t<\/h3>\n\t\t\n\t\t\t<\/div>\n<\/div>\t\t<\/div>\n\t\t\t\t<\/div>\n\t\t\t\t<div class=\"elementor-element elementor-element-556819e elementor-widget elementor-widget-spacer\" data-id=\"556819e\" data-element_type=\"widget\" data-widget_type=\"spacer.default\">\n\t\t\t\t<div class=\"elementor-widget-container\">\n\t\t\t\t\t<div class=\"elementor-spacer\">\n\t\t\t<div class=\"elementor-spacer-inner\"><\/div>\n\t\t<\/div>\n\t\t\t\t<\/div>\n\t\t\t\t<\/div>\n\t\t\t\t<div class=\"elementor-element elementor-element-d37bfa2 elementor-widget elementor-widget-text-editor\" data-id=\"d37bfa2\" data-element_type=\"widget\" data-widget_type=\"text-editor.default\">\n\t\t\t\t<div class=\"elementor-widget-container\">\n\t\t\t\t\t\t\t<p>Eva fait partie de l\u2019\u00e9quipe financi\u00e8re de Mesas Trigo.<\/p><p>Elle est sp\u00e9cialis\u00e9e dans la gestion comptable globale des entreprises, tant au niveau national qu\u2019international. Elle se concentre sur la fourniture de solutions comptables efficaces et adapt\u00e9es aux besoins sp\u00e9cifiques de chaque client, dans le but d\u2019optimiser la gestion financi\u00e8re et de se conformer aux normes comptables en vigueur.<\/p><p>Elle assiste l\u2019\u00e9quipe dans la gestion compl\u00e8te de la comptabilit\u00e9 des entreprises, en se concentrant sur la gestion et l\u2019enregistrement des transactions financi\u00e8res, la pr\u00e9paration des rapports et le maintien des registres comptables, en travaillant en \u00e9troite collaboration avec l\u2019\u00e9quipe financi\u00e8re pour garantir l\u2019exactitude et l\u2019efficacit\u00e9 de tous les processus.<\/p><p>Eva contribue au bon fonctionnement du d\u00e9partement financier, en am\u00e9liorant la fluidit\u00e9 des op\u00e9rations quotidiennes et en soutenant l\u2019\u00e9quipe pour r\u00e9pondre aux obligations des clients.<\/p>\t\t\t\t\t\t<\/div>\n\t\t\t\t<\/div>\n\t\t            <\/div>\r\n        <\/div>\r\n        \t\t\t<\/div>\n\t\t<\/section>\n\t\t        <section class=\"elementor-section elementor-top-section elementor-element elementor-element-424d356 elementor-section-boxed elementor-section-height-default elementor-section-height-default pxl-type-header-none pxl-row-scroll-none pxl-bg-color-none pxl-section-overlay-none\" data-id=\"424d356\" data-element_type=\"section\">\n\n                \n                <div class=\"elementor-container elementor-column-gap-default \">\n                <div class=\"elementor-column elementor-col-100 elementor-top-column elementor-element elementor-element-e25cf6b pxl-col-none pxl-column-none\" data-id=\"e25cf6b\" data-element_type=\"column\">\r\n        <div class=\"elementor-widget-wrap elementor-element-populated\">\r\n                     \r\n        \t\t<div class=\"elementor-element elementor-element-c91426d elementor-widget elementor-widget-accordion\" data-id=\"c91426d\" data-element_type=\"widget\" data-widget_type=\"accordion.default\">\n\t\t\t\t<div class=\"elementor-widget-container\">\n\t\t\t    <div class=\"pxl-accordion pxl-accordion1 style8 \" data-wow-delay=\"ms\">\r\n                    <div class=\"pxl--item \">\r\n                <h3 class=\"pxl-item--title\" data-target=\"#accordion-c91426d-3017-58bf840\">\r\n                                        <span class=\"pxl-title--text\">\u00c9ducation<\/span>\r\n                    <i class=\"pxl-icon--plus\"><\/i>\r\n                <\/h3>\r\n                <div id=\"accordion-c91426d-3017-58bf840\" class=\"pxl-item--content\" >Dipl\u00f4me Sup\u00e9rieur en Administration des Entreprises, Institut Polytechnique de Leiria, Portugal (2002)<\/div>\r\n            <\/div>\r\n                    <div class=\"pxl--item \">\r\n                <h3 class=\"pxl-item--title\" data-target=\"#accordion-c91426d-3017-49269bb\">\r\n                                        <span class=\"pxl-title--text\">Langues<\/span>\r\n                    <i class=\"pxl-icon--plus\"><\/i>\r\n                <\/h3>\r\n                <div id=\"accordion-c91426d-3017-49269bb\" class=\"pxl-item--content\" >Espagnol<br \/>\n<br \/>\nCatalan<br \/>\n<br \/>\nPortugais<br \/>\n<br \/>\nFran\u00e7ais<br \/>\n<br \/>\nAnglais<\/div>\r\n            <\/div>\r\n            <\/div>\r\n\t\t<\/div>\n\t\t\t\t<\/div>\n\t\t            <\/div>\r\n        <\/div>\r\n        \t\t\t<\/div>\n\t\t<\/section>\n\t\t        <section class=\"elementor-section elementor-top-section elementor-element elementor-element-81025b8 elementor-section-boxed elementor-section-height-default elementor-section-height-default pxl-type-header-none pxl-row-scroll-none pxl-bg-color-none pxl-section-overlay-none\" data-id=\"81025b8\" data-element_type=\"section\">\n\n                \n                <div class=\"elementor-container elementor-column-gap-default \">\n                <div class=\"elementor-column elementor-col-50 elementor-top-column elementor-element elementor-element-abcf9fc pxl-col-none pxl-column-none\" data-id=\"abcf9fc\" data-element_type=\"column\">\r\n        <div class=\"elementor-widget-wrap\">\r\n                     \r\n                    <\/div>\r\n        <\/div>\r\n                <div class=\"elementor-column elementor-col-50 elementor-top-column elementor-element elementor-element-98fce16 pxl-col-none pxl-column-none\" data-id=\"98fce16\" data-element_type=\"column\">\r\n        <div class=\"elementor-widget-wrap\">\r\n                     \r\n                    <\/div>\r\n        <\/div>\r\n        \t\t\t<\/div>\n\t\t<\/section>\n\t\t\t\t<\/div>\n\t\t","protected":false},"excerpt":{"rendered":"<p>Eva Seixas Conseill\u00e8re senior Linkedin Description et exp\u00e9rience Eva fait partie de l\u2019\u00e9quipe financi\u00e8re de Mesas Trigo. Elle est sp\u00e9cialis\u00e9e dans la gestion comptable globale des entreprises, tant au niveau national qu\u2019international. Elle se concentre sur la fourniture de solutions comptables efficaces et adapt\u00e9es aux besoins sp\u00e9cifiques de chaque client, dans le but d\u2019optimiser la [&hellip;]<\/p>\n","protected":false},"author":3,"featured_media":0,"parent":0,"menu_order":0,"comment_status":"closed","ping_status":"closed","template":"","meta":{"footnotes":""},"class_list":["post-1183","page","type-page","status-publish","hentry"],"yoast_head":"<!-- This site is optimized with the Yoast SEO Premium plugin v25.3 (Yoast SEO v25.3) - https:\/\/yoast.com\/wordpress\/plugins\/seo\/ -->\n<title>Eva Seixas - Mesas Trigo Economistes<\/title>\n<meta name=\"robots\" content=\"index, follow, max-snippet:-1, max-image-preview:large, max-video-preview:-1\" \/>\n<link rel=\"canonical\" href=\"https:\/\/www.mesastrigoeconomistes.com\/fr\/eva-seixas\/\" \/>\n<meta property=\"og:locale\" content=\"fr_FR\" \/>\n<meta property=\"og:type\" content=\"article\" \/>\n<meta property=\"og:title\" content=\"Eva Seixas\" \/>\n<meta property=\"og:description\" content=\"Eva Seixas Conseill\u00e8re senior Linkedin Description et exp\u00e9rience Eva fait partie de l\u2019\u00e9quipe financi\u00e8re de Mesas Trigo. Elle est sp\u00e9cialis\u00e9e dans la gestion comptable globale des entreprises, tant au niveau national qu\u2019international. Elle se concentre sur la fourniture de solutions comptables efficaces et adapt\u00e9es aux besoins sp\u00e9cifiques de chaque client, dans le but d\u2019optimiser la [&hellip;]\" \/>\n<meta property=\"og:url\" content=\"https:\/\/www.mesastrigoeconomistes.com\/fr\/eva-seixas\/\" \/>\n<meta property=\"og:site_name\" content=\"Mesas Trigo Economistes\" \/>\n<meta property=\"article:modified_time\" content=\"2025-06-16T10:37:00+00:00\" \/>\n<meta property=\"og:image\" content=\"http:\/\/www.mesastrigoeconomistes.com\/wp-content\/uploads\/sites\/3\/2025\/03\/Eva-2.png\" \/>\n<meta name=\"twitter:card\" content=\"summary_large_image\" \/>\n<meta name=\"twitter:label1\" content=\"Dur\u00e9e de lecture estim\u00e9e\" \/>\n\t<meta name=\"twitter:data1\" content=\"1 minute\" \/>\n<script type=\"application\/ld+json\" class=\"yoast-schema-graph\">{\"@context\":\"https:\/\/schema.org\",\"@graph\":[{\"@type\":\"WebPage\",\"@id\":\"https:\/\/www.mesastrigoeconomistes.com\/fr\/eva-seixas\/\",\"url\":\"https:\/\/www.mesastrigoeconomistes.com\/fr\/eva-seixas\/\",\"name\":\"Eva Seixas - Mesas Trigo Economistes\",\"isPartOf\":{\"@id\":\"https:\/\/www.mesastrigoeconomistes.com\/#website\"},\"primaryImageOfPage\":{\"@id\":\"https:\/\/www.mesastrigoeconomistes.com\/fr\/eva-seixas\/#primaryimage\"},\"image\":{\"@id\":\"https:\/\/www.mesastrigoeconomistes.com\/fr\/eva-seixas\/#primaryimage\"},\"thumbnailUrl\":\"http:\/\/www.mesastrigoeconomistes.com\/wp-content\/uploads\/sites\/3\/2025\/03\/Eva-2.png\",\"datePublished\":\"2024-12-02T08:16:36+00:00\",\"dateModified\":\"2025-06-16T10:37:00+00:00\",\"breadcrumb\":{\"@id\":\"https:\/\/www.mesastrigoeconomistes.com\/fr\/eva-seixas\/#breadcrumb\"},\"inLanguage\":\"fr-FR\",\"potentialAction\":[{\"@type\":\"ReadAction\",\"target\":[\"https:\/\/www.mesastrigoeconomistes.com\/fr\/eva-seixas\/\"]}]},{\"@type\":\"ImageObject\",\"inLanguage\":\"fr-FR\",\"@id\":\"https:\/\/www.mesastrigoeconomistes.com\/fr\/eva-seixas\/#primaryimage\",\"url\":\"http:\/\/www.mesastrigoeconomistes.com\/wp-content\/uploads\/sites\/3\/2025\/03\/Eva-2.png\",\"contentUrl\":\"http:\/\/www.mesastrigoeconomistes.com\/wp-content\/uploads\/sites\/3\/2025\/03\/Eva-2.png\"},{\"@type\":\"BreadcrumbList\",\"@id\":\"https:\/\/www.mesastrigoeconomistes.com\/fr\/eva-seixas\/#breadcrumb\",\"itemListElement\":[{\"@type\":\"ListItem\",\"position\":1,\"name\":\"Portada\",\"item\":\"https:\/\/www.mesastrigoeconomistes.com\/\"},{\"@type\":\"ListItem\",\"position\":2,\"name\":\"Eva Seixas\"}]},{\"@type\":\"WebSite\",\"@id\":\"https:\/\/www.mesastrigoeconomistes.com\/#website\",\"url\":\"https:\/\/www.mesastrigoeconomistes.com\/\",\"name\":\"Mesas Trigo Economistes\",\"description\":\"Despacho de economistas en Andorra\",\"potentialAction\":[{\"@type\":\"SearchAction\",\"target\":{\"@type\":\"EntryPoint\",\"urlTemplate\":\"https:\/\/www.mesastrigoeconomistes.com\/?s={search_term_string}\"},\"query-input\":{\"@type\":\"PropertyValueSpecification\",\"valueRequired\":true,\"valueName\":\"search_term_string\"}}],\"inLanguage\":\"fr-FR\"}]}<\/script>\n<!-- \/ Yoast SEO Premium plugin. -->","yoast_head_json":{"title":"Eva Seixas - Mesas Trigo Economistes","robots":{"index":"index","follow":"follow","max-snippet":"max-snippet:-1","max-image-preview":"max-image-preview:large","max-video-preview":"max-video-preview:-1"},"canonical":"https:\/\/www.mesastrigoeconomistes.com\/fr\/eva-seixas\/","og_locale":"fr_FR","og_type":"article","og_title":"Eva Seixas","og_description":"Eva Seixas Conseill\u00e8re senior Linkedin Description et exp\u00e9rience Eva fait partie de l\u2019\u00e9quipe financi\u00e8re de Mesas Trigo. Elle est sp\u00e9cialis\u00e9e dans la gestion comptable globale des entreprises, tant au niveau national qu\u2019international. Elle se concentre sur la fourniture de solutions comptables efficaces et adapt\u00e9es aux besoins sp\u00e9cifiques de chaque client, dans le but d\u2019optimiser la [&hellip;]","og_url":"https:\/\/www.mesastrigoeconomistes.com\/fr\/eva-seixas\/","og_site_name":"Mesas Trigo Economistes","article_modified_time":"2025-06-16T10:37:00+00:00","og_image":[{"url":"http:\/\/www.mesastrigoeconomistes.com\/wp-content\/uploads\/sites\/3\/2025\/03\/Eva-2.png","type":"","width":"","height":""}],"twitter_card":"summary_large_image","twitter_misc":{"Dur\u00e9e de lecture estim\u00e9e":"1 minute"},"schema":{"@context":"https:\/\/schema.org","@graph":[{"@type":"WebPage","@id":"https:\/\/www.mesastrigoeconomistes.com\/fr\/eva-seixas\/","url":"https:\/\/www.mesastrigoeconomistes.com\/fr\/eva-seixas\/","name":"Eva Seixas - Mesas Trigo Economistes","isPartOf":{"@id":"https:\/\/www.mesastrigoeconomistes.com\/#website"},"primaryImageOfPage":{"@id":"https:\/\/www.mesastrigoeconomistes.com\/fr\/eva-seixas\/#primaryimage"},"image":{"@id":"https:\/\/www.mesastrigoeconomistes.com\/fr\/eva-seixas\/#primaryimage"},"thumbnailUrl":"http:\/\/www.mesastrigoeconomistes.com\/wp-content\/uploads\/sites\/3\/2025\/03\/Eva-2.png","datePublished":"2024-12-02T08:16:36+00:00","dateModified":"2025-06-16T10:37:00+00:00","breadcrumb":{"@id":"https:\/\/www.mesastrigoeconomistes.com\/fr\/eva-seixas\/#breadcrumb"},"inLanguage":"fr-FR","potentialAction":[{"@type":"ReadAction","target":["https:\/\/www.mesastrigoeconomistes.com\/fr\/eva-seixas\/"]}]},{"@type":"ImageObject","inLanguage":"fr-FR","@id":"https:\/\/www.mesastrigoeconomistes.com\/fr\/eva-seixas\/#primaryimage","url":"http:\/\/www.mesastrigoeconomistes.com\/wp-content\/uploads\/sites\/3\/2025\/03\/Eva-2.png","contentUrl":"http:\/\/www.mesastrigoeconomistes.com\/wp-content\/uploads\/sites\/3\/2025\/03\/Eva-2.png"},{"@type":"BreadcrumbList","@id":"https:\/\/www.mesastrigoeconomistes.com\/fr\/eva-seixas\/#breadcrumb","itemListElement":[{"@type":"ListItem","position":1,"name":"Portada","item":"https:\/\/www.mesastrigoeconomistes.com\/"},{"@type":"ListItem","position":2,"name":"Eva Seixas"}]},{"@type":"WebSite","@id":"https:\/\/www.mesastrigoeconomistes.com\/#website","url":"https:\/\/www.mesastrigoeconomistes.com\/","name":"Mesas Trigo Economistes","description":"Despacho de economistas en Andorra","potentialAction":[{"@type":"SearchAction","target":{"@type":"EntryPoint","urlTemplate":"https:\/\/www.mesastrigoeconomistes.com\/?s={search_term_string}"},"query-input":{"@type":"PropertyValueSpecification","valueRequired":true,"valueName":"search_term_string"}}],"inLanguage":"fr-FR"}]}},"_links":{"self":[{"href":"https:\/\/www.mesastrigoeconomistes.com\/fr\/wp-json\/wp\/v2\/pages\/1183","targetHints":{"allow":["GET"]}}],"collection":[{"href":"https:\/\/www.mesastrigoeconomistes.com\/fr\/wp-json\/wp\/v2\/pages"}],"about":[{"href":"https:\/\/www.mesastrigoeconomistes.com\/fr\/wp-json\/wp\/v2\/types\/page"}],"author":[{"embeddable":true,"href":"https:\/\/www.mesastrigoeconomistes.com\/fr\/wp-json\/wp\/v2\/users\/3"}],"replies":[{"embeddable":true,"href":"https:\/\/www.mesastrigoeconomistes.com\/fr\/wp-json\/wp\/v2\/comments?post=1183"}],"version-history":[{"count":6,"href":"https:\/\/www.mesastrigoeconomistes.com\/fr\/wp-json\/wp\/v2\/pages\/1183\/revisions"}],"predecessor-version":[{"id":1189,"href":"https:\/\/www.mesastrigoeconomistes.com\/fr\/wp-json\/wp\/v2\/pages\/1183\/revisions\/1189"}],"wp:attachment":[{"href":"https:\/\/www.mesastrigoeconomistes.com\/fr\/wp-json\/wp\/v2\/media?parent=1183"}],"curies":[{"name":"wp","href":"https:\/\/api.w.org\/{rel}","templated":true}]}}