{"id":1179,"date":"2024-12-02T08:58:53","date_gmt":"2024-12-02T07:58:53","guid":{"rendered":"https:\/\/www.mesastrigoeconomistes.com\/irene-blanca-garcia\/"},"modified":"2025-07-07T09:57:23","modified_gmt":"2025-07-07T07:57:23","slug":"irene-blanca-garcia","status":"publish","type":"page","link":"https:\/\/www.mesastrigoeconomistes.com\/fr\/irene-blanca-garcia\/","title":{"rendered":"Irene Blanca Garc\u00eda"},"content":{"rendered":"\t\t<div data-elementor-type=\"wp-page\" data-elementor-id=\"1179\" class=\"elementor elementor-1179 elementor-42\">\n\t\t\t\t        <section class=\"elementor-section elementor-top-section elementor-element elementor-element-367ffb7 elementor-section-boxed elementor-section-height-default elementor-section-height-default pxl-type-header-none pxl-row-scroll-none pxl-bg-color-none pxl-section-overlay-none\" data-id=\"367ffb7\" data-element_type=\"section\" data-settings=\"{&quot;background_background&quot;:&quot;classic&quot;}\">\n\n                \n                <div class=\"elementor-container elementor-column-gap-default \">\n                <div class=\"elementor-column elementor-col-50 elementor-top-column elementor-element elementor-element-9d70d46 pxl-col-none pxl-column-none\" data-id=\"9d70d46\" data-element_type=\"column\">\r\n        <div class=\"elementor-widget-wrap elementor-element-populated\">\r\n                     \r\n        \t\t<div class=\"elementor-element elementor-element-83bf739 elementor-widget elementor-widget-spacer\" data-id=\"83bf739\" data-element_type=\"widget\" data-widget_type=\"spacer.default\">\n\t\t\t\t<div class=\"elementor-widget-container\">\n\t\t\t\t\t<div class=\"elementor-spacer\">\n\t\t\t<div class=\"elementor-spacer-inner\"><\/div>\n\t\t<\/div>\n\t\t\t\t<\/div>\n\t\t\t\t<\/div>\n\t\t\t\t<div class=\"elementor-element elementor-element-d75de93 elementor-widget elementor-widget-pxl_image\" data-id=\"d75de93\" data-element_type=\"widget\" data-widget_type=\"pxl_image.default\">\n\t\t\t\t<div class=\"elementor-widget-container\">\n\t\t\t<div id=\"pxl_image-d75de93-2977\" class=\"pxl-image-single  shape-gradient-left \" data-wow-delay=\"ms\" >\r\n    \r\n                        <div class=\"pxl-item--inner\">\r\n                                            <img fetchpriority=\"high\" decoding=\"async\" width=\"364\" height=\"370\" src=\"https:\/\/www.mesastrigoeconomistes.com\/wp-content\/uploads\/sites\/3\/2025\/03\/Irene.png\" class=\"no-lazyload attachment-full\" alt=\"\" \/>                                    <\/div>\r\n                \r\n    <\/div>\t\t<\/div>\n\t\t\t\t<\/div>\n\t\t\t\t<div class=\"elementor-element elementor-element-554eec4 elementor-widget elementor-widget-spacer\" data-id=\"554eec4\" data-element_type=\"widget\" data-widget_type=\"spacer.default\">\n\t\t\t\t<div class=\"elementor-widget-container\">\n\t\t\t\t\t<div class=\"elementor-spacer\">\n\t\t\t<div class=\"elementor-spacer-inner\"><\/div>\n\t\t<\/div>\n\t\t\t\t<\/div>\n\t\t\t\t<\/div>\n\t\t            <\/div>\r\n        <\/div>\r\n                <div class=\"elementor-column elementor-col-50 elementor-top-column elementor-element elementor-element-9e1e2db pxl-col-none pxl-column-none\" data-id=\"9e1e2db\" data-element_type=\"column\">\r\n        <div class=\"elementor-widget-wrap elementor-element-populated\">\r\n                     \r\n        \t\t<div class=\"elementor-element elementor-element-6e3c398 elementor-widget elementor-widget-spacer\" data-id=\"6e3c398\" data-element_type=\"widget\" data-widget_type=\"spacer.default\">\n\t\t\t\t<div class=\"elementor-widget-container\">\n\t\t\t\t\t<div class=\"elementor-spacer\">\n\t\t\t<div class=\"elementor-spacer-inner\"><\/div>\n\t\t<\/div>\n\t\t\t\t<\/div>\n\t\t\t\t<\/div>\n\t\t\t\t<div class=\"elementor-element elementor-element-0f6b89f elementor-widget elementor-widget-team_single\" data-id=\"0f6b89f\" data-element_type=\"widget\" data-widget_type=\"team_single.default\">\n\t\t\t\t<div class=\"elementor-widget-container\">\n\t\t\t<div class=\"pxl-team-single pxl-team-single1 \" data-wow-delay=\"ms\">\r\n    <div class=\"pxl-item--inner\">\r\n                <div class=\"pxl-item--holder\">\r\n            <h4 class=\"pxl-item--title el-empty\">Irene Blanca Garc\u00eda<\/h4>\r\n            <div class=\"pxl-item--position el-empty\"><\/div>\r\n            <div class=\"pxl-item--description el-empty\">Conseill\u00e8re senior\n\n\n\n\n\n\n\n\n<\/div>\r\n        <\/div>\r\n    <\/div>\r\n<\/div>\t\t<\/div>\n\t\t\t\t<\/div>\n\t\t        <section class=\"elementor-section elementor-inner-section elementor-element elementor-element-9b0ad9f elementor-section-boxed elementor-section-height-default elementor-section-height-default pxl-type-header-none pxl-row-scroll-none pxl-bg-color-none pxl-section-overlay-none\" data-id=\"9b0ad9f\" data-element_type=\"section\">\n\n                \n                <div class=\"elementor-container elementor-column-gap-default \">\n                <div class=\"elementor-column elementor-col-50 elementor-inner-column elementor-element elementor-element-f939813 pxl-col-none pxl-column-none\" data-id=\"f939813\" data-element_type=\"column\">\r\n        <div class=\"elementor-widget-wrap elementor-element-populated\">\r\n                     \r\n        \t\t<div class=\"elementor-element elementor-element-94514b2 elementor-shape-square elementor-widget__width-initial elementor-grid-0 e-grid-align-center elementor-widget elementor-widget-social-icons\" data-id=\"94514b2\" data-element_type=\"widget\" data-widget_type=\"social-icons.default\">\n\t\t\t\t<div class=\"elementor-widget-container\">\n\t\t\t\t\t<div class=\"elementor-social-icons-wrapper elementor-grid\">\n\t\t\t\t\t\t\t<span class=\"elementor-grid-item\">\n\t\t\t\t\t<a class=\"elementor-icon elementor-social-icon elementor-social-icon-linkedin elementor-repeater-item-b2ecd59\" href=\"https:\/\/www.linkedin.com\/in\/irene-blanca-garcia-96077370\/\" target=\"_blank\">\n\t\t\t\t\t\t<span class=\"elementor-screen-only\">Linkedin<\/span>\n\t\t\t\t\t\t<i class=\"fab fa-linkedin\"><\/i>\t\t\t\t\t<\/a>\n\t\t\t\t<\/span>\n\t\t\t\t\t<\/div>\n\t\t\t\t<\/div>\n\t\t\t\t<\/div>\n\t\t            <\/div>\r\n        <\/div>\r\n                <div class=\"elementor-column elementor-col-50 elementor-inner-column elementor-element elementor-element-ff057ad pxl-col-none pxl-column-none\" data-id=\"ff057ad\" data-element_type=\"column\">\r\n        <div class=\"elementor-widget-wrap\">\r\n                     \r\n                    <\/div>\r\n        <\/div>\r\n        \t\t\t<\/div>\n\t\t<\/section>\n\t\t\t\t<div class=\"elementor-element elementor-element-874c95d elementor-widget elementor-widget-spacer\" data-id=\"874c95d\" data-element_type=\"widget\" data-widget_type=\"spacer.default\">\n\t\t\t\t<div class=\"elementor-widget-container\">\n\t\t\t\t\t<div class=\"elementor-spacer\">\n\t\t\t<div class=\"elementor-spacer-inner\"><\/div>\n\t\t<\/div>\n\t\t\t\t<\/div>\n\t\t\t\t<\/div>\n\t\t            <\/div>\r\n        <\/div>\r\n        \t\t\t<\/div>\n\t\t<\/section>\n\t\t        <section class=\"elementor-section elementor-top-section elementor-element elementor-element-1e41dd7 elementor-section-boxed elementor-section-height-default elementor-section-height-default pxl-type-header-none pxl-row-scroll-none pxl-bg-color-none pxl-section-overlay-none\" data-id=\"1e41dd7\" data-element_type=\"section\">\n\n                \n                <div class=\"elementor-container elementor-column-gap-default \">\n                <div class=\"elementor-column elementor-col-100 elementor-top-column elementor-element elementor-element-c1c8c06 pxl-col-none pxl-column-none\" data-id=\"c1c8c06\" data-element_type=\"column\">\r\n        <div class=\"elementor-widget-wrap elementor-element-populated\">\r\n                     \r\n        \t\t<div class=\"elementor-element elementor-element-a15b70f elementor-widget elementor-widget-spacer\" data-id=\"a15b70f\" data-element_type=\"widget\" data-widget_type=\"spacer.default\">\n\t\t\t\t<div class=\"elementor-widget-container\">\n\t\t\t\t\t<div class=\"elementor-spacer\">\n\t\t\t<div class=\"elementor-spacer-inner\"><\/div>\n\t\t<\/div>\n\t\t\t\t<\/div>\n\t\t\t\t<\/div>\n\t\t            <\/div>\r\n        <\/div>\r\n        \t\t\t<\/div>\n\t\t<\/section>\n\t\t        <section class=\"elementor-section elementor-top-section elementor-element elementor-element-048d7cc elementor-section-boxed elementor-section-height-default elementor-section-height-default pxl-type-header-none pxl-row-scroll-none pxl-bg-color-none pxl-section-overlay-none\" data-id=\"048d7cc\" data-element_type=\"section\">\n\n                \n                <div class=\"elementor-container elementor-column-gap-default \">\n                <div class=\"elementor-column elementor-col-100 elementor-top-column elementor-element elementor-element-7f30f33 pxl-col-none pxl-column-none\" data-id=\"7f30f33\" data-element_type=\"column\">\r\n        <div class=\"elementor-widget-wrap elementor-element-populated\">\r\n                     \r\n        \t\t<div class=\"elementor-element elementor-element-0b31377 elementor-widget elementor-widget-heading\" data-id=\"0b31377\" data-element_type=\"widget\" data-widget_type=\"heading.default\">\n\t\t\t\t<div class=\"elementor-widget-container\">\n\t\t\t<div id=\"pxl-heading-0b31377-8492\" class=\"pxl-heading typewriter-color\">\n\t<div class=\"pxl-heading--inner\">\n\t\t\n\t\t\t\t\t<h3 class=\"pxl-item--title  highlight-default \" data-wow-delay=\"ms\">\n\t\t\t\tDescription et exp\u00e9rience\t\t\n\t\t\t<\/h3>\n\t\t\n\t\t\t<\/div>\n<\/div>\t\t<\/div>\n\t\t\t\t<\/div>\n\t\t\t\t<div class=\"elementor-element elementor-element-bb27217 elementor-widget elementor-widget-spacer\" data-id=\"bb27217\" data-element_type=\"widget\" data-widget_type=\"spacer.default\">\n\t\t\t\t<div class=\"elementor-widget-container\">\n\t\t\t\t\t<div class=\"elementor-spacer\">\n\t\t\t<div class=\"elementor-spacer-inner\"><\/div>\n\t\t<\/div>\n\t\t\t\t<\/div>\n\t\t\t\t<\/div>\n\t\t\t\t<div class=\"elementor-element elementor-element-583abe1 elementor-widget elementor-widget-text-editor\" data-id=\"583abe1\" data-element_type=\"widget\" data-widget_type=\"text-editor.default\">\n\t\t\t\t<div class=\"elementor-widget-container\">\n\t\t\t\t\t\t\t<p>Irene fait partie de l\u2019\u00e9quipe financi\u00e8re de Mesas Trigo.<\/p><p>Elle est sp\u00e9cialis\u00e9e dans la gestion comptable globale des entreprises, tant au niveau national qu\u2019international. Elle se concentre sur la fourniture de solutions comptables efficaces et adapt\u00e9es aux besoins sp\u00e9cifiques de chaque client, dans le but d\u2019optimiser la gestion financi\u00e8re et de respecter les normes comptables en vigueur.<\/p><p>Elle conseille des entreprises de divers secteurs, les aidant \u00e0 maintenir un contr\u00f4le rigoureux de leurs op\u00e9rations financi\u00e8res, \u00e0 \u00e9laborer des rapports comptables d\u00e9taill\u00e9s et \u00e0 fournir un accompagnement continu sur les meilleures pratiques en comptabilit\u00e9 et en audit.<\/p><p>Son exp\u00e9rience inclut la pr\u00e9paration et la pr\u00e9sentation des \u00e9tats financiers, la consolidation des bilans et la gestion fiscale, en assurant la conformit\u00e9 avec les r\u00e9glementations nationales et internationales.<\/p><p>Elle conseille \u00e9galement des particuliers en mati\u00e8re comptable, de planification financi\u00e8re et de gestion patrimoniale.<\/p>\t\t\t\t\t\t<\/div>\n\t\t\t\t<\/div>\n\t\t            <\/div>\r\n        <\/div>\r\n        \t\t\t<\/div>\n\t\t<\/section>\n\t\t        <section class=\"elementor-section elementor-top-section elementor-element elementor-element-f7cfb3b elementor-section-boxed elementor-section-height-default elementor-section-height-default pxl-type-header-none pxl-row-scroll-none pxl-bg-color-none pxl-section-overlay-none\" data-id=\"f7cfb3b\" data-element_type=\"section\">\n\n                \n                <div class=\"elementor-container elementor-column-gap-default \">\n                <div class=\"elementor-column elementor-col-100 elementor-top-column elementor-element elementor-element-9f15239 pxl-col-none pxl-column-none\" data-id=\"9f15239\" data-element_type=\"column\">\r\n        <div class=\"elementor-widget-wrap elementor-element-populated\">\r\n                     \r\n        \t\t<div class=\"elementor-element elementor-element-392d097 elementor-widget elementor-widget-accordion\" data-id=\"392d097\" data-element_type=\"widget\" data-widget_type=\"accordion.default\">\n\t\t\t\t<div class=\"elementor-widget-container\">\n\t\t\t    <div class=\"pxl-accordion pxl-accordion1 style8 \" data-wow-delay=\"ms\">\r\n                    <div class=\"pxl--item \">\r\n                <h3 class=\"pxl-item--title\" data-target=\"#accordion-392d097-1099-9b1e7e7\">\r\n                                        <span class=\"pxl-title--text\">\u00c9ducation<\/span>\r\n                    <i class=\"pxl-icon--plus\"><\/i>\r\n                <\/h3>\r\n                <div id=\"accordion-392d097-1099-9b1e7e7\" class=\"pxl-item--content\" >Licence en Administration et Direction des Entreprises, Universit\u00e9 d\u2019Andorre, Andorre<br \/>\n<br \/>\nProgramme Sup\u00e9rieur en Administration Financi\u00e8re et Contr\u00f4le de Gestion, EAE Business School, Espagne (2014)<br \/>\n<br \/>\nDipl\u00f4me Sup\u00e9rieur en Administration et Finances, La Salle de Barcelone, Espagne (2005)<\/div>\r\n            <\/div>\r\n                    <div class=\"pxl--item \">\r\n                <h3 class=\"pxl-item--title\" data-target=\"#accordion-392d097-1099-6e7b979\">\r\n                                        <span class=\"pxl-title--text\">Langues<\/span>\r\n                    <i class=\"pxl-icon--plus\"><\/i>\r\n                <\/h3>\r\n                <div id=\"accordion-392d097-1099-6e7b979\" class=\"pxl-item--content\" >Espagnol<br \/>\n<br \/>\nCatalan<br \/>\n<br \/>\nFran\u00e7ais<br \/>\n<br \/>\nAnglais<br \/>\n<br \/>\nTagalog<br \/>\n<br \/>\nIlocano<\/div>\r\n            <\/div>\r\n            <\/div>\r\n\t\t<\/div>\n\t\t\t\t<\/div>\n\t\t            <\/div>\r\n        <\/div>\r\n        \t\t\t<\/div>\n\t\t<\/section>\n\t\t\t\t<\/div>\n\t\t","protected":false},"excerpt":{"rendered":"<p>Irene Blanca Garc\u00eda Conseill\u00e8re senior Linkedin Description et exp\u00e9rience Irene fait partie de l\u2019\u00e9quipe financi\u00e8re de Mesas Trigo. Elle est sp\u00e9cialis\u00e9e dans la gestion comptable globale des entreprises, tant au niveau national qu\u2019international. Elle se concentre sur la fourniture de solutions comptables efficaces et adapt\u00e9es aux besoins sp\u00e9cifiques de chaque client, dans le but d\u2019optimiser [&hellip;]<\/p>\n","protected":false},"author":3,"featured_media":0,"parent":0,"menu_order":0,"comment_status":"closed","ping_status":"closed","template":"","meta":{"footnotes":""},"class_list":["post-1179","page","type-page","status-publish","hentry"],"yoast_head":"<!-- This site is optimized with the Yoast SEO Premium plugin v25.3 (Yoast SEO v25.3) - https:\/\/yoast.com\/wordpress\/plugins\/seo\/ -->\n<title>Irene Blanca Garc\u00eda - Mesas Trigo Economistes<\/title>\n<meta name=\"robots\" content=\"index, follow, max-snippet:-1, max-image-preview:large, max-video-preview:-1\" \/>\n<link rel=\"canonical\" href=\"https:\/\/www.mesastrigoeconomistes.com\/fr\/irene-blanca-garcia\/\" \/>\n<meta property=\"og:locale\" content=\"fr_FR\" \/>\n<meta property=\"og:type\" content=\"article\" \/>\n<meta property=\"og:title\" content=\"Irene Blanca Garc\u00eda\" \/>\n<meta property=\"og:description\" content=\"Irene Blanca Garc\u00eda Conseill\u00e8re senior Linkedin Description et exp\u00e9rience Irene fait partie de l\u2019\u00e9quipe financi\u00e8re de Mesas Trigo. Elle est sp\u00e9cialis\u00e9e dans la gestion comptable globale des entreprises, tant au niveau national qu\u2019international. Elle se concentre sur la fourniture de solutions comptables efficaces et adapt\u00e9es aux besoins sp\u00e9cifiques de chaque client, dans le but d\u2019optimiser [&hellip;]\" \/>\n<meta property=\"og:url\" content=\"https:\/\/www.mesastrigoeconomistes.com\/fr\/irene-blanca-garcia\/\" \/>\n<meta property=\"og:site_name\" content=\"Mesas Trigo Economistes\" \/>\n<meta property=\"article:modified_time\" content=\"2025-07-07T07:57:23+00:00\" \/>\n<meta property=\"og:image\" content=\"http:\/\/www.mesastrigoeconomistes.com\/wp-content\/uploads\/sites\/3\/2025\/03\/Irene.png\" \/>\n<meta name=\"twitter:card\" content=\"summary_large_image\" \/>\n<meta name=\"twitter:label1\" content=\"Dur\u00e9e de lecture estim\u00e9e\" \/>\n\t<meta name=\"twitter:data1\" content=\"2 minutes\" \/>\n<script type=\"application\/ld+json\" class=\"yoast-schema-graph\">{\"@context\":\"https:\/\/schema.org\",\"@graph\":[{\"@type\":\"WebPage\",\"@id\":\"https:\/\/www.mesastrigoeconomistes.com\/fr\/irene-blanca-garcia\/\",\"url\":\"https:\/\/www.mesastrigoeconomistes.com\/fr\/irene-blanca-garcia\/\",\"name\":\"Irene Blanca Garc\u00eda - Mesas Trigo Economistes\",\"isPartOf\":{\"@id\":\"https:\/\/www.mesastrigoeconomistes.com\/#website\"},\"primaryImageOfPage\":{\"@id\":\"https:\/\/www.mesastrigoeconomistes.com\/fr\/irene-blanca-garcia\/#primaryimage\"},\"image\":{\"@id\":\"https:\/\/www.mesastrigoeconomistes.com\/fr\/irene-blanca-garcia\/#primaryimage\"},\"thumbnailUrl\":\"http:\/\/www.mesastrigoeconomistes.com\/wp-content\/uploads\/sites\/3\/2025\/03\/Irene.png\",\"datePublished\":\"2024-12-02T07:58:53+00:00\",\"dateModified\":\"2025-07-07T07:57:23+00:00\",\"breadcrumb\":{\"@id\":\"https:\/\/www.mesastrigoeconomistes.com\/fr\/irene-blanca-garcia\/#breadcrumb\"},\"inLanguage\":\"fr-FR\",\"potentialAction\":[{\"@type\":\"ReadAction\",\"target\":[\"https:\/\/www.mesastrigoeconomistes.com\/fr\/irene-blanca-garcia\/\"]}]},{\"@type\":\"ImageObject\",\"inLanguage\":\"fr-FR\",\"@id\":\"https:\/\/www.mesastrigoeconomistes.com\/fr\/irene-blanca-garcia\/#primaryimage\",\"url\":\"http:\/\/www.mesastrigoeconomistes.com\/wp-content\/uploads\/sites\/3\/2025\/03\/Irene.png\",\"contentUrl\":\"http:\/\/www.mesastrigoeconomistes.com\/wp-content\/uploads\/sites\/3\/2025\/03\/Irene.png\"},{\"@type\":\"BreadcrumbList\",\"@id\":\"https:\/\/www.mesastrigoeconomistes.com\/fr\/irene-blanca-garcia\/#breadcrumb\",\"itemListElement\":[{\"@type\":\"ListItem\",\"position\":1,\"name\":\"Portada\",\"item\":\"https:\/\/www.mesastrigoeconomistes.com\/\"},{\"@type\":\"ListItem\",\"position\":2,\"name\":\"Irene Blanca Garc\u00eda\"}]},{\"@type\":\"WebSite\",\"@id\":\"https:\/\/www.mesastrigoeconomistes.com\/#website\",\"url\":\"https:\/\/www.mesastrigoeconomistes.com\/\",\"name\":\"Mesas Trigo Economistes\",\"description\":\"Despacho de economistas en Andorra\",\"potentialAction\":[{\"@type\":\"SearchAction\",\"target\":{\"@type\":\"EntryPoint\",\"urlTemplate\":\"https:\/\/www.mesastrigoeconomistes.com\/?s={search_term_string}\"},\"query-input\":{\"@type\":\"PropertyValueSpecification\",\"valueRequired\":true,\"valueName\":\"search_term_string\"}}],\"inLanguage\":\"fr-FR\"}]}<\/script>\n<!-- \/ Yoast SEO Premium plugin. -->","yoast_head_json":{"title":"Irene Blanca Garc\u00eda - Mesas Trigo Economistes","robots":{"index":"index","follow":"follow","max-snippet":"max-snippet:-1","max-image-preview":"max-image-preview:large","max-video-preview":"max-video-preview:-1"},"canonical":"https:\/\/www.mesastrigoeconomistes.com\/fr\/irene-blanca-garcia\/","og_locale":"fr_FR","og_type":"article","og_title":"Irene Blanca Garc\u00eda","og_description":"Irene Blanca Garc\u00eda Conseill\u00e8re senior Linkedin Description et exp\u00e9rience Irene fait partie de l\u2019\u00e9quipe financi\u00e8re de Mesas Trigo. Elle est sp\u00e9cialis\u00e9e dans la gestion comptable globale des entreprises, tant au niveau national qu\u2019international. Elle se concentre sur la fourniture de solutions comptables efficaces et adapt\u00e9es aux besoins sp\u00e9cifiques de chaque client, dans le but d\u2019optimiser [&hellip;]","og_url":"https:\/\/www.mesastrigoeconomistes.com\/fr\/irene-blanca-garcia\/","og_site_name":"Mesas Trigo Economistes","article_modified_time":"2025-07-07T07:57:23+00:00","og_image":[{"url":"http:\/\/www.mesastrigoeconomistes.com\/wp-content\/uploads\/sites\/3\/2025\/03\/Irene.png","type":"","width":"","height":""}],"twitter_card":"summary_large_image","twitter_misc":{"Dur\u00e9e de lecture estim\u00e9e":"2 minutes"},"schema":{"@context":"https:\/\/schema.org","@graph":[{"@type":"WebPage","@id":"https:\/\/www.mesastrigoeconomistes.com\/fr\/irene-blanca-garcia\/","url":"https:\/\/www.mesastrigoeconomistes.com\/fr\/irene-blanca-garcia\/","name":"Irene Blanca Garc\u00eda - Mesas Trigo Economistes","isPartOf":{"@id":"https:\/\/www.mesastrigoeconomistes.com\/#website"},"primaryImageOfPage":{"@id":"https:\/\/www.mesastrigoeconomistes.com\/fr\/irene-blanca-garcia\/#primaryimage"},"image":{"@id":"https:\/\/www.mesastrigoeconomistes.com\/fr\/irene-blanca-garcia\/#primaryimage"},"thumbnailUrl":"http:\/\/www.mesastrigoeconomistes.com\/wp-content\/uploads\/sites\/3\/2025\/03\/Irene.png","datePublished":"2024-12-02T07:58:53+00:00","dateModified":"2025-07-07T07:57:23+00:00","breadcrumb":{"@id":"https:\/\/www.mesastrigoeconomistes.com\/fr\/irene-blanca-garcia\/#breadcrumb"},"inLanguage":"fr-FR","potentialAction":[{"@type":"ReadAction","target":["https:\/\/www.mesastrigoeconomistes.com\/fr\/irene-blanca-garcia\/"]}]},{"@type":"ImageObject","inLanguage":"fr-FR","@id":"https:\/\/www.mesastrigoeconomistes.com\/fr\/irene-blanca-garcia\/#primaryimage","url":"http:\/\/www.mesastrigoeconomistes.com\/wp-content\/uploads\/sites\/3\/2025\/03\/Irene.png","contentUrl":"http:\/\/www.mesastrigoeconomistes.com\/wp-content\/uploads\/sites\/3\/2025\/03\/Irene.png"},{"@type":"BreadcrumbList","@id":"https:\/\/www.mesastrigoeconomistes.com\/fr\/irene-blanca-garcia\/#breadcrumb","itemListElement":[{"@type":"ListItem","position":1,"name":"Portada","item":"https:\/\/www.mesastrigoeconomistes.com\/"},{"@type":"ListItem","position":2,"name":"Irene Blanca Garc\u00eda"}]},{"@type":"WebSite","@id":"https:\/\/www.mesastrigoeconomistes.com\/#website","url":"https:\/\/www.mesastrigoeconomistes.com\/","name":"Mesas Trigo Economistes","description":"Despacho de economistas en Andorra","potentialAction":[{"@type":"SearchAction","target":{"@type":"EntryPoint","urlTemplate":"https:\/\/www.mesastrigoeconomistes.com\/?s={search_term_string}"},"query-input":{"@type":"PropertyValueSpecification","valueRequired":true,"valueName":"search_term_string"}}],"inLanguage":"fr-FR"}]}},"_links":{"self":[{"href":"https:\/\/www.mesastrigoeconomistes.com\/fr\/wp-json\/wp\/v2\/pages\/1179","targetHints":{"allow":["GET"]}}],"collection":[{"href":"https:\/\/www.mesastrigoeconomistes.com\/fr\/wp-json\/wp\/v2\/pages"}],"about":[{"href":"https:\/\/www.mesastrigoeconomistes.com\/fr\/wp-json\/wp\/v2\/types\/page"}],"author":[{"embeddable":true,"href":"https:\/\/www.mesastrigoeconomistes.com\/fr\/wp-json\/wp\/v2\/users\/3"}],"replies":[{"embeddable":true,"href":"https:\/\/www.mesastrigoeconomistes.com\/fr\/wp-json\/wp\/v2\/comments?post=1179"}],"version-history":[{"count":6,"href":"https:\/\/www.mesastrigoeconomistes.com\/fr\/wp-json\/wp\/v2\/pages\/1179\/revisions"}],"predecessor-version":[{"id":2011,"href":"https:\/\/www.mesastrigoeconomistes.com\/fr\/wp-json\/wp\/v2\/pages\/1179\/revisions\/2011"}],"wp:attachment":[{"href":"https:\/\/www.mesastrigoeconomistes.com\/fr\/wp-json\/wp\/v2\/media?parent=1179"}],"curies":[{"name":"wp","href":"https:\/\/api.w.org\/{rel}","templated":true}]}}