{"id":1174,"date":"2024-12-02T08:36:11","date_gmt":"2024-12-02T07:36:11","guid":{"rendered":"https:\/\/www.mesastrigoeconomistes.com\/carlos-mesas-tapia\/"},"modified":"2025-07-07T09:56:25","modified_gmt":"2025-07-07T07:56:25","slug":"carlos-mesas-tapia","status":"publish","type":"page","link":"https:\/\/www.mesastrigoeconomistes.com\/fr\/carlos-mesas-tapia\/","title":{"rendered":"Carlos Mesas Tapia"},"content":{"rendered":"\t\t<div data-elementor-type=\"wp-page\" data-elementor-id=\"1174\" class=\"elementor elementor-1174 elementor-15\">\n\t\t\t\t        <section class=\"elementor-section elementor-top-section elementor-element elementor-element-90c6b55 elementor-section-boxed elementor-section-height-default elementor-section-height-default pxl-type-header-none pxl-row-scroll-none pxl-bg-color-none pxl-section-overlay-none\" data-id=\"90c6b55\" data-element_type=\"section\" data-settings=\"{&quot;background_background&quot;:&quot;classic&quot;}\">\n\n                \n                <div class=\"elementor-container elementor-column-gap-default \">\n                <div class=\"elementor-column elementor-col-50 elementor-top-column elementor-element elementor-element-8c3fa7d pxl-col-none pxl-column-none\" data-id=\"8c3fa7d\" data-element_type=\"column\">\r\n        <div class=\"elementor-widget-wrap elementor-element-populated\">\r\n                     \r\n        \t\t<div class=\"elementor-element elementor-element-381c09a elementor-widget elementor-widget-spacer\" data-id=\"381c09a\" data-element_type=\"widget\" data-widget_type=\"spacer.default\">\n\t\t\t\t<div class=\"elementor-widget-container\">\n\t\t\t\t\t<div class=\"elementor-spacer\">\n\t\t\t<div class=\"elementor-spacer-inner\"><\/div>\n\t\t<\/div>\n\t\t\t\t<\/div>\n\t\t\t\t<\/div>\n\t\t\t\t<div class=\"elementor-element elementor-element-ad47a78 elementor-widget elementor-widget-pxl_image\" data-id=\"ad47a78\" data-element_type=\"widget\" data-widget_type=\"pxl_image.default\">\n\t\t\t\t<div class=\"elementor-widget-container\">\n\t\t\t<div id=\"pxl_image-ad47a78-9477\" class=\"pxl-image-single  shape-gradient-left \" data-wow-delay=\"ms\" >\r\n    \r\n                        <div class=\"pxl-item--inner\">\r\n                                            <img fetchpriority=\"high\" decoding=\"async\" width=\"364\" height=\"370\" src=\"https:\/\/www.mesastrigoeconomistes.com\/wp-content\/uploads\/sites\/3\/2025\/03\/Carlos.png\" class=\"no-lazyload attachment-full\" alt=\"\" \/>                                    <\/div>\r\n                \r\n    <\/div>\t\t<\/div>\n\t\t\t\t<\/div>\n\t\t\t\t<div class=\"elementor-element elementor-element-5ec5283 elementor-widget elementor-widget-spacer\" data-id=\"5ec5283\" data-element_type=\"widget\" data-widget_type=\"spacer.default\">\n\t\t\t\t<div class=\"elementor-widget-container\">\n\t\t\t\t\t<div class=\"elementor-spacer\">\n\t\t\t<div class=\"elementor-spacer-inner\"><\/div>\n\t\t<\/div>\n\t\t\t\t<\/div>\n\t\t\t\t<\/div>\n\t\t            <\/div>\r\n        <\/div>\r\n                <div class=\"elementor-column elementor-col-50 elementor-top-column elementor-element elementor-element-6a89d12 pxl-col-none pxl-column-none\" data-id=\"6a89d12\" data-element_type=\"column\">\r\n        <div class=\"elementor-widget-wrap elementor-element-populated\">\r\n                     \r\n        \t\t<div class=\"elementor-element elementor-element-0ba5cde elementor-widget elementor-widget-spacer\" data-id=\"0ba5cde\" data-element_type=\"widget\" data-widget_type=\"spacer.default\">\n\t\t\t\t<div class=\"elementor-widget-container\">\n\t\t\t\t\t<div class=\"elementor-spacer\">\n\t\t\t<div class=\"elementor-spacer-inner\"><\/div>\n\t\t<\/div>\n\t\t\t\t<\/div>\n\t\t\t\t<\/div>\n\t\t\t\t<div class=\"elementor-element elementor-element-2c98449 elementor-widget elementor-widget-team_single\" data-id=\"2c98449\" data-element_type=\"widget\" data-widget_type=\"team_single.default\">\n\t\t\t\t<div class=\"elementor-widget-container\">\n\t\t\t<div class=\"pxl-team-single pxl-team-single1 \" data-wow-delay=\"ms\">\r\n    <div class=\"pxl-item--inner\">\r\n                <div class=\"pxl-item--holder\">\r\n            <h4 class=\"pxl-item--title el-empty\">Carlos Mesas Tapia<\/h4>\r\n            <div class=\"pxl-item--position el-empty\"><\/div>\r\n            <div class=\"pxl-item--description el-empty\">Associ\u00e9 fondateur<\/div>\r\n        <\/div>\r\n    <\/div>\r\n<\/div>\t\t<\/div>\n\t\t\t\t<\/div>\n\t\t        <section class=\"elementor-section elementor-inner-section elementor-element elementor-element-8455154 elementor-section-boxed elementor-section-height-default elementor-section-height-default pxl-type-header-none pxl-row-scroll-none pxl-bg-color-none pxl-section-overlay-none\" data-id=\"8455154\" data-element_type=\"section\">\n\n                \n                <div class=\"elementor-container elementor-column-gap-default \">\n                <div class=\"elementor-column elementor-col-50 elementor-inner-column elementor-element elementor-element-07620a8 pxl-col-none pxl-column-none\" data-id=\"07620a8\" data-element_type=\"column\">\r\n        <div class=\"elementor-widget-wrap elementor-element-populated\">\r\n                     \r\n        \t\t<div class=\"elementor-element elementor-element-5dc95f3 elementor-shape-square e-grid-align-left elementor-widget__width-initial elementor-grid-0 elementor-widget elementor-widget-social-icons\" data-id=\"5dc95f3\" data-element_type=\"widget\" data-widget_type=\"social-icons.default\">\n\t\t\t\t<div class=\"elementor-widget-container\">\n\t\t\t\t\t<div class=\"elementor-social-icons-wrapper elementor-grid\">\n\t\t\t\t\t\t\t<span class=\"elementor-grid-item\">\n\t\t\t\t\t<a class=\"elementor-icon elementor-social-icon elementor-social-icon-linkedin elementor-repeater-item-b2ecd59\" href=\"https:\/\/www.linkedin.com\/in\/carlos-mesas-abb64725\/\" target=\"_blank\">\n\t\t\t\t\t\t<span class=\"elementor-screen-only\">Linkedin<\/span>\n\t\t\t\t\t\t<i class=\"fab fa-linkedin\"><\/i>\t\t\t\t\t<\/a>\n\t\t\t\t<\/span>\n\t\t\t\t\t<\/div>\n\t\t\t\t<\/div>\n\t\t\t\t<\/div>\n\t\t            <\/div>\r\n        <\/div>\r\n                <div class=\"elementor-column elementor-col-50 elementor-inner-column elementor-element elementor-element-c48026d pxl-col-none pxl-column-none\" data-id=\"c48026d\" data-element_type=\"column\">\r\n        <div class=\"elementor-widget-wrap\">\r\n                     \r\n                    <\/div>\r\n        <\/div>\r\n        \t\t\t<\/div>\n\t\t<\/section>\n\t\t\t\t<div class=\"elementor-element elementor-element-07ba64b elementor-widget elementor-widget-spacer\" data-id=\"07ba64b\" data-element_type=\"widget\" data-widget_type=\"spacer.default\">\n\t\t\t\t<div class=\"elementor-widget-container\">\n\t\t\t\t\t<div class=\"elementor-spacer\">\n\t\t\t<div class=\"elementor-spacer-inner\"><\/div>\n\t\t<\/div>\n\t\t\t\t<\/div>\n\t\t\t\t<\/div>\n\t\t            <\/div>\r\n        <\/div>\r\n        \t\t\t<\/div>\n\t\t<\/section>\n\t\t        <section class=\"elementor-section elementor-top-section elementor-element elementor-element-a9eff7f elementor-section-boxed elementor-section-height-default elementor-section-height-default pxl-type-header-none pxl-row-scroll-none pxl-bg-color-none pxl-section-overlay-none\" data-id=\"a9eff7f\" data-element_type=\"section\">\n\n                \n                <div class=\"elementor-container elementor-column-gap-default \">\n                <div class=\"elementor-column elementor-col-100 elementor-top-column elementor-element elementor-element-8655b73 pxl-col-none pxl-column-none\" data-id=\"8655b73\" data-element_type=\"column\">\r\n        <div class=\"elementor-widget-wrap elementor-element-populated\">\r\n                     \r\n        \t\t<div class=\"elementor-element elementor-element-9d89456 elementor-widget elementor-widget-spacer\" data-id=\"9d89456\" data-element_type=\"widget\" data-widget_type=\"spacer.default\">\n\t\t\t\t<div class=\"elementor-widget-container\">\n\t\t\t\t\t<div class=\"elementor-spacer\">\n\t\t\t<div class=\"elementor-spacer-inner\"><\/div>\n\t\t<\/div>\n\t\t\t\t<\/div>\n\t\t\t\t<\/div>\n\t\t            <\/div>\r\n        <\/div>\r\n        \t\t\t<\/div>\n\t\t<\/section>\n\t\t        <section class=\"elementor-section elementor-top-section elementor-element elementor-element-aadee0d elementor-section-boxed elementor-section-height-default elementor-section-height-default pxl-type-header-none pxl-row-scroll-none pxl-bg-color-none pxl-section-overlay-none\" data-id=\"aadee0d\" data-element_type=\"section\">\n\n                \n                <div class=\"elementor-container elementor-column-gap-default \">\n                <div class=\"elementor-column elementor-col-100 elementor-top-column elementor-element elementor-element-e034332 pxl-col-none pxl-column-none\" data-id=\"e034332\" data-element_type=\"column\">\r\n        <div class=\"elementor-widget-wrap elementor-element-populated\">\r\n                     \r\n        \t\t<div class=\"elementor-element elementor-element-13bc42e elementor-widget elementor-widget-heading\" data-id=\"13bc42e\" data-element_type=\"widget\" data-widget_type=\"heading.default\">\n\t\t\t\t<div class=\"elementor-widget-container\">\n\t\t\t<div id=\"pxl-heading-13bc42e-3185\" class=\"pxl-heading typewriter-color\">\n\t<div class=\"pxl-heading--inner\">\n\t\t\n\t\t\t\t\t<h3 class=\"pxl-item--title  highlight-default \" data-wow-delay=\"ms\">\n\t\t\t\tDescription et exp\u00e9rience\t\t\n\t\t\t<\/h3>\n\t\t\n\t\t\t<\/div>\n<\/div>\t\t<\/div>\n\t\t\t\t<\/div>\n\t\t\t\t<div class=\"elementor-element elementor-element-44a7d85 elementor-widget elementor-widget-spacer\" data-id=\"44a7d85\" data-element_type=\"widget\" data-widget_type=\"spacer.default\">\n\t\t\t\t<div class=\"elementor-widget-container\">\n\t\t\t\t\t<div class=\"elementor-spacer\">\n\t\t\t<div class=\"elementor-spacer-inner\"><\/div>\n\t\t<\/div>\n\t\t\t\t<\/div>\n\t\t\t\t<\/div>\n\t\t\t\t<div class=\"elementor-element elementor-element-48ade1b elementor-widget elementor-widget-text-editor\" data-id=\"48ade1b\" data-element_type=\"widget\" data-widget_type=\"text-editor.default\">\n\t\t\t\t<div class=\"elementor-widget-container\">\n\t\t\t\t\t\t\t<p>Carlos est associ\u00e9 de Mesas Trigo, cabinet qu\u2019il a cofond\u00e9 en 2014, et codirige le groupe d\u2019audit et de finances d\u2019Andorre.<br \/>Son parcours professionnel a d\u00e9but\u00e9 en 2011, en Espagne, et avant de cofonder Mesas Trigo, il a pass\u00e9 la majeure partie de sa carri\u00e8re dans un groupe d\u2019audit.<\/p><p>Il est sp\u00e9cialis\u00e9 dans le conseil aux clients priv\u00e9s, tant nationaux qu\u2019internationaux. Il poss\u00e8de une vaste exp\u00e9rience en gestion d\u2019entreprise, en normes comptables internationales et en audit. Il a particip\u00e9 \u00e0 diverses restructurations d\u2019entreprises, investissements immobiliers et op\u00e9rations de capital-risque.<\/p><p>Carlos fournit r\u00e9guli\u00e8rement des conseils sp\u00e9cialis\u00e9s \u00e0 des entit\u00e9s du secteur de la gestion de patrimoine, telles que des \u00e9tablissements financiers, compagnies d\u2019assurances, soci\u00e9t\u00e9s de gestion d\u2019actifs et prestataires de services aux entreprises.<\/p>\t\t\t\t\t\t<\/div>\n\t\t\t\t<\/div>\n\t\t            <\/div>\r\n        <\/div>\r\n        \t\t\t<\/div>\n\t\t<\/section>\n\t\t        <section class=\"elementor-section elementor-top-section elementor-element elementor-element-c5ee0e9 elementor-section-boxed elementor-section-height-default elementor-section-height-default pxl-type-header-none pxl-row-scroll-none pxl-bg-color-none pxl-section-overlay-none\" data-id=\"c5ee0e9\" data-element_type=\"section\">\n\n                \n                <div class=\"elementor-container elementor-column-gap-default \">\n                <div class=\"elementor-column elementor-col-100 elementor-top-column elementor-element elementor-element-ba9c7e9 pxl-col-none pxl-column-none\" data-id=\"ba9c7e9\" data-element_type=\"column\">\r\n        <div class=\"elementor-widget-wrap elementor-element-populated\">\r\n                     \r\n        \t\t<div class=\"elementor-element elementor-element-fcdaae5 elementor-widget elementor-widget-accordion\" data-id=\"fcdaae5\" data-element_type=\"widget\" data-widget_type=\"accordion.default\">\n\t\t\t\t<div class=\"elementor-widget-container\">\n\t\t\t    <div class=\"pxl-accordion pxl-accordion1 style8 \" data-wow-delay=\"ms\">\r\n                    <div class=\"pxl--item \">\r\n                <h3 class=\"pxl-item--title\" data-target=\"#accordion-fcdaae5-6251-bf7b7ae\">\r\n                                        <span class=\"pxl-title--text\">\u00c9ducation<\/span>\r\n                    <i class=\"pxl-icon--plus\"><\/i>\r\n                <\/h3>\r\n                <div id=\"accordion-fcdaae5-6251-bf7b7ae\" class=\"pxl-item--content\" >Sp\u00e9cialisation en Administration des Proc\u00e9dures Collectives, Universit\u00e9 Abat Oliva CEU, Espagne (2013)<br \/>\n<br \/>\nSp\u00e9cialisation en M\u00e9diation Civile et Commerciale, Universit\u00e9 de Lleida, Espagne (2012)<br \/>\n<br \/>\nLicence en Administration et Direction des Entreprises, Universit\u00e9 Internationale de Catalogne, Espagne (2008)<\/div>\r\n            <\/div>\r\n                    <div class=\"pxl--item \">\r\n                <h3 class=\"pxl-item--title\" data-target=\"#accordion-fcdaae5-6251-9dfbd3b\">\r\n                                        <span class=\"pxl-title--text\">Domaines de pratique<\/span>\r\n                    <i class=\"pxl-icon--plus\"><\/i>\r\n                <\/h3>\r\n                <div id=\"accordion-fcdaae5-6251-9dfbd3b\" class=\"pxl-item--content\" >Gestion financi\u00e8re<br \/>\n<br \/>\nAudit<br \/>\n<br \/>\nR\u00e9organisation patrimoniale et protection des actifs<br \/>\n<br \/>\nImmobilier et capital-investissement<\/div>\r\n            <\/div>\r\n                    <div class=\"pxl--item \">\r\n                <h3 class=\"pxl-item--title\" data-target=\"#accordion-fcdaae5-6251-f9d07b7\">\r\n                                        <span class=\"pxl-title--text\">Associations professionnelles et adh\u00e9sions<\/span>\r\n                    <i class=\"pxl-icon--plus\"><\/i>\r\n                <\/h3>\r\n                <div id=\"accordion-fcdaae5-6251-f9d07b7\" class=\"pxl-item--content\" >Membre du Coll\u00e8ge Officiel des \u00c9conomistes d\u2019Andorre<br \/>\n<br \/>\nMembre du Coll\u00e8ge des \u00c9conomistes de Catalogne<\/div>\r\n            <\/div>\r\n                    <div class=\"pxl--item \">\r\n                <h3 class=\"pxl-item--title\" data-target=\"#accordion-fcdaae5-6251-868523c\">\r\n                                        <span class=\"pxl-title--text\">Langues<\/span>\r\n                    <i class=\"pxl-icon--plus\"><\/i>\r\n                <\/h3>\r\n                <div id=\"accordion-fcdaae5-6251-868523c\" class=\"pxl-item--content\" >Espagnol<br \/>\n<br \/>\nCatalan<br \/>\n<br \/>\nAnglais<br \/>\n<br \/>\nFran\u00e7ais<\/div>\r\n            <\/div>\r\n            <\/div>\r\n\t\t<\/div>\n\t\t\t\t<\/div>\n\t\t            <\/div>\r\n        <\/div>\r\n        \t\t\t<\/div>\n\t\t<\/section>\n\t\t\t\t<\/div>\n\t\t","protected":false},"excerpt":{"rendered":"<p>Carlos Mesas Tapia Associ\u00e9 fondateur Linkedin Description et exp\u00e9rience Carlos est associ\u00e9 de Mesas Trigo, cabinet qu\u2019il a cofond\u00e9 en 2014, et codirige le groupe d\u2019audit et de finances d\u2019Andorre.Son parcours professionnel a d\u00e9but\u00e9 en 2011, en Espagne, et avant de cofonder Mesas Trigo, il a pass\u00e9 la majeure partie de sa carri\u00e8re dans un [&hellip;]<\/p>\n","protected":false},"author":3,"featured_media":0,"parent":0,"menu_order":0,"comment_status":"closed","ping_status":"closed","template":"","meta":{"footnotes":""},"class_list":["post-1174","page","type-page","status-publish","hentry"],"yoast_head":"<!-- This site is optimized with the Yoast SEO Premium plugin v25.3 (Yoast SEO v25.3) - https:\/\/yoast.com\/wordpress\/plugins\/seo\/ -->\n<title>Carlos Mesas Tapia - Mesas Trigo Economistes<\/title>\n<meta name=\"robots\" content=\"index, follow, max-snippet:-1, max-image-preview:large, max-video-preview:-1\" \/>\n<link rel=\"canonical\" href=\"https:\/\/www.mesastrigoeconomistes.com\/fr\/carlos-mesas-tapia\/\" \/>\n<meta property=\"og:locale\" content=\"fr_FR\" \/>\n<meta property=\"og:type\" content=\"article\" \/>\n<meta property=\"og:title\" content=\"Carlos Mesas Tapia\" \/>\n<meta property=\"og:description\" content=\"Carlos Mesas Tapia Associ\u00e9 fondateur Linkedin Description et exp\u00e9rience Carlos est associ\u00e9 de Mesas Trigo, cabinet qu\u2019il a cofond\u00e9 en 2014, et codirige le groupe d\u2019audit et de finances d\u2019Andorre.Son parcours professionnel a d\u00e9but\u00e9 en 2011, en Espagne, et avant de cofonder Mesas Trigo, il a pass\u00e9 la majeure partie de sa carri\u00e8re dans un [&hellip;]\" \/>\n<meta property=\"og:url\" content=\"https:\/\/www.mesastrigoeconomistes.com\/fr\/carlos-mesas-tapia\/\" \/>\n<meta property=\"og:site_name\" content=\"Mesas Trigo Economistes\" \/>\n<meta property=\"article:modified_time\" content=\"2025-07-07T07:56:25+00:00\" \/>\n<meta property=\"og:image\" content=\"http:\/\/www.mesastrigoeconomistes.com\/wp-content\/uploads\/sites\/3\/2025\/03\/Carlos.png\" \/>\n<meta name=\"twitter:card\" content=\"summary_large_image\" \/>\n<meta name=\"twitter:label1\" content=\"Dur\u00e9e de lecture estim\u00e9e\" \/>\n\t<meta name=\"twitter:data1\" content=\"2 minutes\" \/>\n<script type=\"application\/ld+json\" class=\"yoast-schema-graph\">{\"@context\":\"https:\/\/schema.org\",\"@graph\":[{\"@type\":\"WebPage\",\"@id\":\"https:\/\/www.mesastrigoeconomistes.com\/fr\/carlos-mesas-tapia\/\",\"url\":\"https:\/\/www.mesastrigoeconomistes.com\/fr\/carlos-mesas-tapia\/\",\"name\":\"Carlos Mesas Tapia - Mesas Trigo Economistes\",\"isPartOf\":{\"@id\":\"https:\/\/www.mesastrigoeconomistes.com\/#website\"},\"primaryImageOfPage\":{\"@id\":\"https:\/\/www.mesastrigoeconomistes.com\/fr\/carlos-mesas-tapia\/#primaryimage\"},\"image\":{\"@id\":\"https:\/\/www.mesastrigoeconomistes.com\/fr\/carlos-mesas-tapia\/#primaryimage\"},\"thumbnailUrl\":\"http:\/\/www.mesastrigoeconomistes.com\/wp-content\/uploads\/sites\/3\/2025\/03\/Carlos.png\",\"datePublished\":\"2024-12-02T07:36:11+00:00\",\"dateModified\":\"2025-07-07T07:56:25+00:00\",\"breadcrumb\":{\"@id\":\"https:\/\/www.mesastrigoeconomistes.com\/fr\/carlos-mesas-tapia\/#breadcrumb\"},\"inLanguage\":\"fr-FR\",\"potentialAction\":[{\"@type\":\"ReadAction\",\"target\":[\"https:\/\/www.mesastrigoeconomistes.com\/fr\/carlos-mesas-tapia\/\"]}]},{\"@type\":\"ImageObject\",\"inLanguage\":\"fr-FR\",\"@id\":\"https:\/\/www.mesastrigoeconomistes.com\/fr\/carlos-mesas-tapia\/#primaryimage\",\"url\":\"http:\/\/www.mesastrigoeconomistes.com\/wp-content\/uploads\/sites\/3\/2025\/03\/Carlos.png\",\"contentUrl\":\"http:\/\/www.mesastrigoeconomistes.com\/wp-content\/uploads\/sites\/3\/2025\/03\/Carlos.png\"},{\"@type\":\"BreadcrumbList\",\"@id\":\"https:\/\/www.mesastrigoeconomistes.com\/fr\/carlos-mesas-tapia\/#breadcrumb\",\"itemListElement\":[{\"@type\":\"ListItem\",\"position\":1,\"name\":\"Portada\",\"item\":\"https:\/\/www.mesastrigoeconomistes.com\/\"},{\"@type\":\"ListItem\",\"position\":2,\"name\":\"Carlos Mesas Tapia\"}]},{\"@type\":\"WebSite\",\"@id\":\"https:\/\/www.mesastrigoeconomistes.com\/#website\",\"url\":\"https:\/\/www.mesastrigoeconomistes.com\/\",\"name\":\"Mesas Trigo Economistes\",\"description\":\"Despacho de economistas en Andorra\",\"potentialAction\":[{\"@type\":\"SearchAction\",\"target\":{\"@type\":\"EntryPoint\",\"urlTemplate\":\"https:\/\/www.mesastrigoeconomistes.com\/?s={search_term_string}\"},\"query-input\":{\"@type\":\"PropertyValueSpecification\",\"valueRequired\":true,\"valueName\":\"search_term_string\"}}],\"inLanguage\":\"fr-FR\"}]}<\/script>\n<!-- \/ Yoast SEO Premium plugin. -->","yoast_head_json":{"title":"Carlos Mesas Tapia - Mesas Trigo Economistes","robots":{"index":"index","follow":"follow","max-snippet":"max-snippet:-1","max-image-preview":"max-image-preview:large","max-video-preview":"max-video-preview:-1"},"canonical":"https:\/\/www.mesastrigoeconomistes.com\/fr\/carlos-mesas-tapia\/","og_locale":"fr_FR","og_type":"article","og_title":"Carlos Mesas Tapia","og_description":"Carlos Mesas Tapia Associ\u00e9 fondateur Linkedin Description et exp\u00e9rience Carlos est associ\u00e9 de Mesas Trigo, cabinet qu\u2019il a cofond\u00e9 en 2014, et codirige le groupe d\u2019audit et de finances d\u2019Andorre.Son parcours professionnel a d\u00e9but\u00e9 en 2011, en Espagne, et avant de cofonder Mesas Trigo, il a pass\u00e9 la majeure partie de sa carri\u00e8re dans un [&hellip;]","og_url":"https:\/\/www.mesastrigoeconomistes.com\/fr\/carlos-mesas-tapia\/","og_site_name":"Mesas Trigo Economistes","article_modified_time":"2025-07-07T07:56:25+00:00","og_image":[{"url":"http:\/\/www.mesastrigoeconomistes.com\/wp-content\/uploads\/sites\/3\/2025\/03\/Carlos.png","type":"","width":"","height":""}],"twitter_card":"summary_large_image","twitter_misc":{"Dur\u00e9e de lecture estim\u00e9e":"2 minutes"},"schema":{"@context":"https:\/\/schema.org","@graph":[{"@type":"WebPage","@id":"https:\/\/www.mesastrigoeconomistes.com\/fr\/carlos-mesas-tapia\/","url":"https:\/\/www.mesastrigoeconomistes.com\/fr\/carlos-mesas-tapia\/","name":"Carlos Mesas Tapia - Mesas Trigo Economistes","isPartOf":{"@id":"https:\/\/www.mesastrigoeconomistes.com\/#website"},"primaryImageOfPage":{"@id":"https:\/\/www.mesastrigoeconomistes.com\/fr\/carlos-mesas-tapia\/#primaryimage"},"image":{"@id":"https:\/\/www.mesastrigoeconomistes.com\/fr\/carlos-mesas-tapia\/#primaryimage"},"thumbnailUrl":"http:\/\/www.mesastrigoeconomistes.com\/wp-content\/uploads\/sites\/3\/2025\/03\/Carlos.png","datePublished":"2024-12-02T07:36:11+00:00","dateModified":"2025-07-07T07:56:25+00:00","breadcrumb":{"@id":"https:\/\/www.mesastrigoeconomistes.com\/fr\/carlos-mesas-tapia\/#breadcrumb"},"inLanguage":"fr-FR","potentialAction":[{"@type":"ReadAction","target":["https:\/\/www.mesastrigoeconomistes.com\/fr\/carlos-mesas-tapia\/"]}]},{"@type":"ImageObject","inLanguage":"fr-FR","@id":"https:\/\/www.mesastrigoeconomistes.com\/fr\/carlos-mesas-tapia\/#primaryimage","url":"http:\/\/www.mesastrigoeconomistes.com\/wp-content\/uploads\/sites\/3\/2025\/03\/Carlos.png","contentUrl":"http:\/\/www.mesastrigoeconomistes.com\/wp-content\/uploads\/sites\/3\/2025\/03\/Carlos.png"},{"@type":"BreadcrumbList","@id":"https:\/\/www.mesastrigoeconomistes.com\/fr\/carlos-mesas-tapia\/#breadcrumb","itemListElement":[{"@type":"ListItem","position":1,"name":"Portada","item":"https:\/\/www.mesastrigoeconomistes.com\/"},{"@type":"ListItem","position":2,"name":"Carlos Mesas Tapia"}]},{"@type":"WebSite","@id":"https:\/\/www.mesastrigoeconomistes.com\/#website","url":"https:\/\/www.mesastrigoeconomistes.com\/","name":"Mesas Trigo Economistes","description":"Despacho de economistas en Andorra","potentialAction":[{"@type":"SearchAction","target":{"@type":"EntryPoint","urlTemplate":"https:\/\/www.mesastrigoeconomistes.com\/?s={search_term_string}"},"query-input":{"@type":"PropertyValueSpecification","valueRequired":true,"valueName":"search_term_string"}}],"inLanguage":"fr-FR"}]}},"_links":{"self":[{"href":"https:\/\/www.mesastrigoeconomistes.com\/fr\/wp-json\/wp\/v2\/pages\/1174","targetHints":{"allow":["GET"]}}],"collection":[{"href":"https:\/\/www.mesastrigoeconomistes.com\/fr\/wp-json\/wp\/v2\/pages"}],"about":[{"href":"https:\/\/www.mesastrigoeconomistes.com\/fr\/wp-json\/wp\/v2\/types\/page"}],"author":[{"embeddable":true,"href":"https:\/\/www.mesastrigoeconomistes.com\/fr\/wp-json\/wp\/v2\/users\/3"}],"replies":[{"embeddable":true,"href":"https:\/\/www.mesastrigoeconomistes.com\/fr\/wp-json\/wp\/v2\/comments?post=1174"}],"version-history":[{"count":9,"href":"https:\/\/www.mesastrigoeconomistes.com\/fr\/wp-json\/wp\/v2\/pages\/1174\/revisions"}],"predecessor-version":[{"id":2005,"href":"https:\/\/www.mesastrigoeconomistes.com\/fr\/wp-json\/wp\/v2\/pages\/1174\/revisions\/2005"}],"wp:attachment":[{"href":"https:\/\/www.mesastrigoeconomistes.com\/fr\/wp-json\/wp\/v2\/media?parent=1174"}],"curies":[{"name":"wp","href":"https:\/\/api.w.org\/{rel}","templated":true}]}}