{"id":1806,"date":"2024-12-04T17:21:24","date_gmt":"2024-12-04T16:21:24","guid":{"rendered":"https:\/\/www.mesastrigoeconomistes.com\/treballa-amb-nosaltres\/"},"modified":"2025-06-30T10:23:25","modified_gmt":"2025-06-30T08:23:25","slug":"our-vacancies","status":"publish","type":"page","link":"https:\/\/www.mesastrigoeconomistes.com\/en\/our-vacancies\/","title":{"rendered":"Our vacancies"},"content":{"rendered":"\t\t<div data-elementor-type=\"wp-page\" data-elementor-id=\"1806\" class=\"elementor elementor-1806 elementor-57\">\n\t\t\t\t        <section class=\"elementor-section elementor-top-section elementor-element elementor-element-619721d elementor-hidden-desktop elementor-hidden-tablet elementor-hidden-mobile elementor-section-boxed elementor-section-height-default elementor-section-height-default pxl-type-header-none pxl-row-scroll-none pxl-bg-color-none pxl-section-overlay-none\" data-id=\"619721d\" data-element_type=\"section\">\n\n                \n                <div class=\"elementor-container elementor-column-gap-default \">\n                <div class=\"elementor-column elementor-col-100 elementor-top-column elementor-element elementor-element-6f293f2 pxl-col-none pxl-column-none\" data-id=\"6f293f2\" data-element_type=\"column\">\r\n        <div class=\"elementor-widget-wrap elementor-element-populated\">\r\n                     \r\n        \t\t<div class=\"elementor-element elementor-element-414ba1c elementor-widget elementor-widget-heading\" data-id=\"414ba1c\" data-element_type=\"widget\" data-widget_type=\"heading.default\">\n\t\t\t\t<div class=\"elementor-widget-container\">\n\t\t\t<div id=\"pxl-heading-414ba1c-6077\" class=\"pxl-heading typewriter-color\">\n\t<div class=\"pxl-heading--inner\">\n\t\t\n\t\t<div class=\"pxl-item--dividerwrap divider-position-left\">\n\t\t\t<div class=\"pxl-item--divider\"><\/div>\t\t\t<h2 class=\"pxl-item--title  highlight-default \" data-wow-delay=\"ms\">\n\t\t\t\tLes nostres vacants\t\t\n\t\t\t<\/h2>\n\t\t<\/div>\n\t\t\t<\/div>\n<\/div>\t\t<\/div>\n\t\t\t\t<\/div>\n\t\t            <\/div>\r\n        <\/div>\r\n        \t\t\t<\/div>\n\t\t<\/section>\n\t\t        <section class=\"elementor-section elementor-top-section elementor-element elementor-element-70dbd73 elementor-hidden-desktop elementor-hidden-tablet elementor-hidden-mobile elementor-section-boxed elementor-section-height-default elementor-section-height-default pxl-type-header-none pxl-row-scroll-none pxl-bg-color-none pxl-section-overlay-none\" data-id=\"70dbd73\" data-element_type=\"section\">\n\n                \n                <div class=\"elementor-container elementor-column-gap-default \">\n                <div class=\"elementor-column elementor-col-100 elementor-top-column elementor-element elementor-element-c34a19d pxl-col-none pxl-column-none\" data-id=\"c34a19d\" data-element_type=\"column\">\r\n        <div class=\"elementor-widget-wrap elementor-element-populated\">\r\n                     \r\n        \t\t<div class=\"elementor-element elementor-element-a8f7503 elementor-widget elementor-widget-toggle\" data-id=\"a8f7503\" data-element_type=\"widget\" data-widget_type=\"toggle.default\">\n\t\t\t\t<div class=\"elementor-widget-container\">\n\t\t\t\t\t<div class=\"elementor-toggle\">\n\t\t\t\t\t\t\t<div class=\"elementor-toggle-item\">\n\t\t\t\t\t<div id=\"elementor-tab-title-1771\" class=\"elementor-tab-title\" data-tab=\"1\" role=\"button\" aria-controls=\"elementor-tab-content-1771\" aria-expanded=\"false\">\n\t\t\t\t\t\t\t\t\t\t\t\t<a class=\"elementor-toggle-title\" tabindex=\"0\">Associat\/a s\u00e8nior<\/a>\n\t\t\t\t\t<\/div>\n\n\t\t\t\t\t<div id=\"elementor-tab-content-1771\" class=\"elementor-tab-content elementor-clearfix\" data-tab=\"1\" role=\"region\" aria-labelledby=\"elementor-tab-title-1771\"><p>Busquem un Associat S\u00e8nior per incorporar-se al nostre equip de fiscalitat empresarial. El candidat ideal haur\u00e0 de tenir experi\u00e8ncia en assessorar clients privats, tant nacionals com internacionals, amb un enfocament en fiscalitat empresarial, fiscalitat de no residents i dret comptable.<\/p>\n\n<strong>Requisits:<\/strong>\n<ul>\n<li>Grau en Dret.<\/li>\n\n<li>Especialitzaci\u00f3 en Gesti\u00f3 i Inspecci\u00f3 Tribut\u00e0ria.<\/li>\n\n<li>Certificaci\u00f3 de Mediadors d&#8217;Assegurances.<\/li>\n\n<li>Experi\u00e8ncia demostrada en assessoria fiscal a clients nacionals i internacionals.<\/li>\n\n<li>Habilitats superiors en comunicaci\u00f3 i consultoria.<\/li>\n<\/ul>\n<strong>Oferim:<\/strong>\n<ul>\n<li>Una posici\u00f3 desafiadora en un entorn professional din\u00e0mic.<\/li>\n\n<li>Oportunitat de treballar amb un equip de professionals altament qualificats.<\/li>\n\n<li>Desenvolupament continu d&#8217;habilitats professionals i creixement personal.<\/li><\/div>\n\t\t\t\t<\/div>\n\t\t\t\t\t\t\t\t<\/div>\n\t\t\t\t<\/div>\n\t\t\t\t<\/div>\n\t\t            <\/div>\r\n        <\/div>\r\n        \t\t\t<\/div>\n\t\t<\/section>\n\t\t        <section class=\"elementor-section elementor-top-section elementor-element elementor-element-f14a0c7 elementor-section-boxed elementor-section-height-default elementor-section-height-default pxl-type-header-none pxl-row-scroll-none pxl-bg-color-none pxl-section-overlay-none\" data-id=\"f14a0c7\" data-element_type=\"section\">\n\n                \n                <div class=\"elementor-container elementor-column-gap-default \">\n                <div class=\"elementor-column elementor-col-100 elementor-top-column elementor-element elementor-element-cbef755 pxl-col-none pxl-column-none\" data-id=\"cbef755\" data-element_type=\"column\">\r\n        <div class=\"elementor-widget-wrap elementor-element-populated\">\r\n                     \r\n        \t\t<div class=\"elementor-element elementor-element-45fd7af elementor-widget elementor-widget-heading\" data-id=\"45fd7af\" data-element_type=\"widget\" data-widget_type=\"heading.default\">\n\t\t\t\t<div class=\"elementor-widget-container\">\n\t\t\t<div id=\"pxl-heading-45fd7af-3247\" class=\"pxl-heading typewriter-color\">\n\t<div class=\"pxl-heading--inner\">\n\t\t\n\t\t<div class=\"pxl-item--dividerwrap divider-position-left\">\n\t\t\t<div class=\"pxl-item--divider\"><\/div>\t\t\t<h2 class=\"pxl-item--title  highlight-default \" data-wow-delay=\"ms\">\n\t\t\t\tJoin Mesas Trigo\t\t\n\t\t\t<\/h2>\n\t\t<\/div>\n\t\t\t<\/div>\n<\/div>\t\t<\/div>\n\t\t\t\t<\/div>\n\t\t            <\/div>\r\n        <\/div>\r\n        \t\t\t<\/div>\n\t\t<\/section>\n\t\t        <section class=\"elementor-section elementor-top-section elementor-element elementor-element-0f3d3f9 elementor-section-boxed elementor-section-height-default elementor-section-height-default pxl-type-header-none pxl-row-scroll-none pxl-bg-color-none pxl-section-overlay-none\" data-id=\"0f3d3f9\" data-element_type=\"section\">\n\n                \n                <div class=\"elementor-container elementor-column-gap-default \">\n                <div class=\"elementor-column elementor-col-100 elementor-top-column elementor-element elementor-element-6d851a9 pxl-col-none pxl-column-none\" data-id=\"6d851a9\" data-element_type=\"column\">\r\n        <div class=\"elementor-widget-wrap elementor-element-populated\">\r\n                     \r\n        \t\t<div class=\"elementor-element elementor-element-cfff535 elementor-widget elementor-widget-text-editor\" data-id=\"cfff535\" data-element_type=\"widget\" data-widget_type=\"text-editor.default\">\n\t\t\t\t<div class=\"elementor-widget-container\">\n\t\t\t\t\t\t\tOur team is made up of individuals interested in and committed to developing their professional careers in a youthful and dynamic environment, where the highest quality, ethics and an innovative attitude allow us to achieve challenging projects.\t\t\t\t\t\t<\/div>\n\t\t\t\t<\/div>\n\t\t            <\/div>\r\n        <\/div>\r\n        \t\t\t<\/div>\n\t\t<\/section>\n\t\t        <section class=\"elementor-section elementor-top-section elementor-element elementor-element-e31ff35 elementor-section-boxed elementor-section-height-default elementor-section-height-default pxl-type-header-none pxl-row-scroll-none pxl-bg-color-none pxl-section-overlay-none\" data-id=\"e31ff35\" data-element_type=\"section\">\n\n                \n                <div class=\"elementor-container elementor-column-gap-default \">\n                <div class=\"elementor-column elementor-col-50 elementor-top-column elementor-element elementor-element-28582c9 pxl-col-none pxl-column-none\" data-id=\"28582c9\" data-element_type=\"column\">\r\n        <div class=\"elementor-widget-wrap elementor-element-populated\">\r\n                     \r\n        \t\t<div class=\"elementor-element elementor-element-fadc402 elementor-widget elementor-widget-contact_form\" data-id=\"fadc402\" data-element_type=\"widget\" data-widget_type=\"contact_form.default\">\n\t\t\t\t<div class=\"elementor-widget-container\">\n\t\t\t    <div class=\"pxl-contact-form pxl-contact-form1 notice-style1 box-style-none button-style1 btn-w-auto \" data-wow-delay=\"ms\">\r\n                \n<div class=\"wpcf7 no-js\" id=\"wpcf7-f1358-o1\" lang=\"en-US\" dir=\"ltr\" data-wpcf7-id=\"1358\">\n<div class=\"screen-reader-response\"><p role=\"status\" aria-live=\"polite\" aria-atomic=\"true\"><\/p> <ul><\/ul><\/div>\n<form action=\"\/en\/wp-json\/wp\/v2\/pages\/1806#wpcf7-f1358-o1\" method=\"post\" class=\"wpcf7-form init\" aria-label=\"Contact form\" enctype=\"multipart\/form-data\" novalidate=\"novalidate\" data-status=\"init\">\n<div style=\"display: none;\">\n<input type=\"hidden\" name=\"_wpcf7\" value=\"1358\" \/>\n<input type=\"hidden\" name=\"_wpcf7_version\" value=\"6.0.6\" \/>\n<input type=\"hidden\" name=\"_wpcf7_locale\" value=\"en_US\" \/>\n<input type=\"hidden\" name=\"_wpcf7_unit_tag\" value=\"wpcf7-f1358-o1\" \/>\n<input type=\"hidden\" name=\"_wpcf7_container_post\" value=\"0\" \/>\n<input type=\"hidden\" name=\"_wpcf7_posted_data_hash\" value=\"\" \/>\n<input type=\"hidden\" name=\"_wpcf7_recaptcha_response\" value=\"\" \/>\n<\/div>\n<p><label> Nombre completo<br \/>\n<span class=\"wpcf7-form-control-wrap\" data-name=\"your-name\"><input size=\"40\" maxlength=\"400\" class=\"wpcf7-form-control wpcf7-text wpcf7-validates-as-required\" autocomplete=\"Nombre\" aria-required=\"true\" aria-invalid=\"false\" value=\"\" type=\"text\" name=\"your-name\" \/><\/span> <\/label>\n<\/p>\n<p><label> Tel\u00e9fono <span class=\"wpcf7-form-control-wrap\" data-name=\"tel-753\"><input size=\"40\" maxlength=\"400\" class=\"wpcf7-form-control wpcf7-tel wpcf7-validates-as-required wpcf7-text wpcf7-validates-as-tel\" aria-required=\"true\" aria-invalid=\"false\" value=\"\" type=\"tel\" name=\"tel-753\" \/><\/span> <\/label>\n<\/p>\n<p><label> Correo electr\u00f3nico <span class=\"wpcf7-form-control-wrap\" data-name=\"your-email\"><input size=\"40\" maxlength=\"400\" class=\"wpcf7-form-control wpcf7-email wpcf7-validates-as-required wpcf7-text wpcf7-validates-as-email\" aria-required=\"true\" aria-invalid=\"false\" value=\"\" type=\"email\" name=\"your-email\" \/><\/span> <\/label>\n<\/p>\n<p><label> Adjuntar CV <span class=\"wpcf7-form-control-wrap\" data-name=\"archivo-cv\"><input size=\"40\" class=\"wpcf7-form-control wpcf7-file wpcf7-validates-as-required\" accept=\"image\/*\" aria-required=\"true\" aria-invalid=\"false\" type=\"file\" name=\"archivo-cv\" \/><\/span> <\/label>\n<\/p>\n<p><label> Tu mensaje (opcional)<br \/>\n<span class=\"wpcf7-form-control-wrap\" data-name=\"your-message\"><textarea cols=\"40\" rows=\"10\" maxlength=\"2000\" class=\"wpcf7-form-control wpcf7-textarea\" aria-invalid=\"false\" name=\"your-message\"><\/textarea><\/span> <\/label>\n<\/p>\n<p><span class=\"wpcf7-form-control-wrap\" data-name=\"acceptance-666\"><span class=\"wpcf7-form-control wpcf7-acceptance\"><span class=\"wpcf7-list-item\"><label><input type=\"checkbox\" name=\"acceptance-666\" value=\"1\" aria-invalid=\"false\" \/><span class=\"wpcf7-list-item-label\">Acepto la pol\u00edtica de protecci\u00f3n de datos<\/span><\/label><\/span><\/span><\/span>\n<\/p>\n<p><input class=\"wpcf7-form-control wpcf7-submit has-spinner\" type=\"submit\" value=\"Enviar\" \/>\n<\/p><div class=\"wpcf7-response-output\" aria-hidden=\"true\"><\/div>\n<\/form>\n<\/div>\n    <\/div>\r\n\t\t<\/div>\n\t\t\t\t<\/div>\n\t\t            <\/div>\r\n        <\/div>\r\n                <div class=\"elementor-column elementor-col-50 elementor-top-column elementor-element elementor-element-95c4731 pxl-col-none pxl-column-none\" data-id=\"95c4731\" data-element_type=\"column\">\r\n        <div class=\"elementor-widget-wrap elementor-element-populated\">\r\n                     \r\n        \t\t<div class=\"elementor-element elementor-element-f8edb56 elementor-hidden-mobile elementor-widget elementor-widget-image\" data-id=\"f8edb56\" data-element_type=\"widget\" data-widget_type=\"image.default\">\n\t\t\t\t<div class=\"elementor-widget-container\">\n\t\t\t\t\t\t\t\t\t\t\t\t\t<img fetchpriority=\"high\" decoding=\"async\" width=\"448\" height=\"572\" src=\"https:\/\/www.mesastrigoeconomistes.com\/wp-content\/uploads\/sites\/3\/2025\/06\/Trabaja-con-nosotros.jpg\" class=\"attachment-large size-large wp-image-1651\" alt=\"\" srcset=\"https:\/\/www.mesastrigoeconomistes.com\/wp-content\/uploads\/sites\/3\/2025\/06\/Trabaja-con-nosotros.jpg 448w, https:\/\/www.mesastrigoeconomistes.com\/wp-content\/uploads\/sites\/3\/2025\/06\/Trabaja-con-nosotros-235x300.jpg 235w\" sizes=\"(max-width: 448px) 100vw, 448px\" \/>\t\t\t\t\t\t\t\t\t\t\t\t\t<\/div>\n\t\t\t\t<\/div>\n\t\t            <\/div>\r\n        <\/div>\r\n        \t\t\t<\/div>\n\t\t<\/section>\n\t\t\t\t<\/div>\n\t\t","protected":false},"excerpt":{"rendered":"<p>Les nostres vacants Associat\/a s\u00e8nior Busquem un Associat S\u00e8nior per incorporar-se al nostre equip de fiscalitat empresarial. El candidat ideal haur\u00e0 de tenir experi\u00e8ncia en assessorar clients privats, tant nacionals com internacionals, amb un enfocament en fiscalitat empresarial, fiscalitat de no residents i dret comptable. Requisits: Grau en Dret. Especialitzaci\u00f3 en Gesti\u00f3 i Inspecci\u00f3 Tribut\u00e0ria. [&hellip;]<\/p>\n","protected":false},"author":3,"featured_media":0,"parent":0,"menu_order":0,"comment_status":"closed","ping_status":"closed","template":"","meta":{"footnotes":""},"class_list":["post-1806","page","type-page","status-publish","hentry"],"yoast_head":"<!-- This site is optimized with the Yoast SEO Premium plugin v25.3 (Yoast SEO v25.3) - https:\/\/yoast.com\/wordpress\/plugins\/seo\/ -->\n<title>Our vacancies - Mesas Trigo Economistes<\/title>\n<meta name=\"robots\" content=\"index, follow, max-snippet:-1, max-image-preview:large, max-video-preview:-1\" \/>\n<link rel=\"canonical\" href=\"https:\/\/www.mesastrigoeconomistes.com\/en\/our-vacancies\/\" \/>\n<meta property=\"og:locale\" content=\"en_US\" \/>\n<meta property=\"og:type\" content=\"article\" \/>\n<meta property=\"og:title\" content=\"Our vacancies\" \/>\n<meta property=\"og:description\" content=\"Les nostres vacants Associat\/a s\u00e8nior Busquem un Associat S\u00e8nior per incorporar-se al nostre equip de fiscalitat empresarial. El candidat ideal haur\u00e0 de tenir experi\u00e8ncia en assessorar clients privats, tant nacionals com internacionals, amb un enfocament en fiscalitat empresarial, fiscalitat de no residents i dret comptable. Requisits: Grau en Dret. Especialitzaci\u00f3 en Gesti\u00f3 i Inspecci\u00f3 Tribut\u00e0ria. [&hellip;]\" \/>\n<meta property=\"og:url\" content=\"https:\/\/www.mesastrigoeconomistes.com\/en\/our-vacancies\/\" \/>\n<meta property=\"og:site_name\" content=\"Mesas Trigo Economistes\" \/>\n<meta property=\"article:modified_time\" content=\"2025-06-30T08:23:25+00:00\" \/>\n<meta property=\"og:image\" content=\"http:\/\/www.mesastrigoeconomistes.com\/wp-content\/uploads\/sites\/3\/2025\/06\/Trabaja-con-nosotros.jpg\" \/>\n<meta name=\"twitter:card\" content=\"summary_large_image\" \/>\n<meta name=\"twitter:label1\" content=\"Est. reading time\" \/>\n\t<meta name=\"twitter:data1\" content=\"1 minute\" \/>\n<script type=\"application\/ld+json\" class=\"yoast-schema-graph\">{\"@context\":\"https:\/\/schema.org\",\"@graph\":[{\"@type\":\"WebPage\",\"@id\":\"https:\/\/www.mesastrigoeconomistes.com\/en\/our-vacancies\/\",\"url\":\"https:\/\/www.mesastrigoeconomistes.com\/en\/our-vacancies\/\",\"name\":\"Our vacancies - Mesas Trigo Economistes\",\"isPartOf\":{\"@id\":\"https:\/\/www.mesastrigoeconomistes.com\/#website\"},\"primaryImageOfPage\":{\"@id\":\"https:\/\/www.mesastrigoeconomistes.com\/en\/our-vacancies\/#primaryimage\"},\"image\":{\"@id\":\"https:\/\/www.mesastrigoeconomistes.com\/en\/our-vacancies\/#primaryimage\"},\"thumbnailUrl\":\"http:\/\/www.mesastrigoeconomistes.com\/wp-content\/uploads\/sites\/3\/2025\/06\/Trabaja-con-nosotros.jpg\",\"datePublished\":\"2024-12-04T16:21:24+00:00\",\"dateModified\":\"2025-06-30T08:23:25+00:00\",\"breadcrumb\":{\"@id\":\"https:\/\/www.mesastrigoeconomistes.com\/en\/our-vacancies\/#breadcrumb\"},\"inLanguage\":\"en-US\",\"potentialAction\":[{\"@type\":\"ReadAction\",\"target\":[\"https:\/\/www.mesastrigoeconomistes.com\/en\/our-vacancies\/\"]}]},{\"@type\":\"ImageObject\",\"inLanguage\":\"en-US\",\"@id\":\"https:\/\/www.mesastrigoeconomistes.com\/en\/our-vacancies\/#primaryimage\",\"url\":\"http:\/\/www.mesastrigoeconomistes.com\/wp-content\/uploads\/sites\/3\/2025\/06\/Trabaja-con-nosotros.jpg\",\"contentUrl\":\"http:\/\/www.mesastrigoeconomistes.com\/wp-content\/uploads\/sites\/3\/2025\/06\/Trabaja-con-nosotros.jpg\"},{\"@type\":\"BreadcrumbList\",\"@id\":\"https:\/\/www.mesastrigoeconomistes.com\/en\/our-vacancies\/#breadcrumb\",\"itemListElement\":[{\"@type\":\"ListItem\",\"position\":1,\"name\":\"Portada\",\"item\":\"https:\/\/www.mesastrigoeconomistes.com\/\"},{\"@type\":\"ListItem\",\"position\":2,\"name\":\"Our vacancies\"}]},{\"@type\":\"WebSite\",\"@id\":\"https:\/\/www.mesastrigoeconomistes.com\/#website\",\"url\":\"https:\/\/www.mesastrigoeconomistes.com\/\",\"name\":\"Mesas Trigo Economistes\",\"description\":\"Despacho de economistas en Andorra\",\"potentialAction\":[{\"@type\":\"SearchAction\",\"target\":{\"@type\":\"EntryPoint\",\"urlTemplate\":\"https:\/\/www.mesastrigoeconomistes.com\/?s={search_term_string}\"},\"query-input\":{\"@type\":\"PropertyValueSpecification\",\"valueRequired\":true,\"valueName\":\"search_term_string\"}}],\"inLanguage\":\"en-US\"}]}<\/script>\n<!-- \/ Yoast SEO Premium plugin. -->","yoast_head_json":{"title":"Our vacancies - Mesas Trigo Economistes","robots":{"index":"index","follow":"follow","max-snippet":"max-snippet:-1","max-image-preview":"max-image-preview:large","max-video-preview":"max-video-preview:-1"},"canonical":"https:\/\/www.mesastrigoeconomistes.com\/en\/our-vacancies\/","og_locale":"en_US","og_type":"article","og_title":"Our vacancies","og_description":"Les nostres vacants Associat\/a s\u00e8nior Busquem un Associat S\u00e8nior per incorporar-se al nostre equip de fiscalitat empresarial. El candidat ideal haur\u00e0 de tenir experi\u00e8ncia en assessorar clients privats, tant nacionals com internacionals, amb un enfocament en fiscalitat empresarial, fiscalitat de no residents i dret comptable. Requisits: Grau en Dret. Especialitzaci\u00f3 en Gesti\u00f3 i Inspecci\u00f3 Tribut\u00e0ria. [&hellip;]","og_url":"https:\/\/www.mesastrigoeconomistes.com\/en\/our-vacancies\/","og_site_name":"Mesas Trigo Economistes","article_modified_time":"2025-06-30T08:23:25+00:00","og_image":[{"url":"http:\/\/www.mesastrigoeconomistes.com\/wp-content\/uploads\/sites\/3\/2025\/06\/Trabaja-con-nosotros.jpg","type":"","width":"","height":""}],"twitter_card":"summary_large_image","twitter_misc":{"Est. reading time":"1 minute"},"schema":{"@context":"https:\/\/schema.org","@graph":[{"@type":"WebPage","@id":"https:\/\/www.mesastrigoeconomistes.com\/en\/our-vacancies\/","url":"https:\/\/www.mesastrigoeconomistes.com\/en\/our-vacancies\/","name":"Our vacancies - Mesas Trigo Economistes","isPartOf":{"@id":"https:\/\/www.mesastrigoeconomistes.com\/#website"},"primaryImageOfPage":{"@id":"https:\/\/www.mesastrigoeconomistes.com\/en\/our-vacancies\/#primaryimage"},"image":{"@id":"https:\/\/www.mesastrigoeconomistes.com\/en\/our-vacancies\/#primaryimage"},"thumbnailUrl":"http:\/\/www.mesastrigoeconomistes.com\/wp-content\/uploads\/sites\/3\/2025\/06\/Trabaja-con-nosotros.jpg","datePublished":"2024-12-04T16:21:24+00:00","dateModified":"2025-06-30T08:23:25+00:00","breadcrumb":{"@id":"https:\/\/www.mesastrigoeconomistes.com\/en\/our-vacancies\/#breadcrumb"},"inLanguage":"en-US","potentialAction":[{"@type":"ReadAction","target":["https:\/\/www.mesastrigoeconomistes.com\/en\/our-vacancies\/"]}]},{"@type":"ImageObject","inLanguage":"en-US","@id":"https:\/\/www.mesastrigoeconomistes.com\/en\/our-vacancies\/#primaryimage","url":"http:\/\/www.mesastrigoeconomistes.com\/wp-content\/uploads\/sites\/3\/2025\/06\/Trabaja-con-nosotros.jpg","contentUrl":"http:\/\/www.mesastrigoeconomistes.com\/wp-content\/uploads\/sites\/3\/2025\/06\/Trabaja-con-nosotros.jpg"},{"@type":"BreadcrumbList","@id":"https:\/\/www.mesastrigoeconomistes.com\/en\/our-vacancies\/#breadcrumb","itemListElement":[{"@type":"ListItem","position":1,"name":"Portada","item":"https:\/\/www.mesastrigoeconomistes.com\/"},{"@type":"ListItem","position":2,"name":"Our vacancies"}]},{"@type":"WebSite","@id":"https:\/\/www.mesastrigoeconomistes.com\/#website","url":"https:\/\/www.mesastrigoeconomistes.com\/","name":"Mesas Trigo Economistes","description":"Despacho de economistas en Andorra","potentialAction":[{"@type":"SearchAction","target":{"@type":"EntryPoint","urlTemplate":"https:\/\/www.mesastrigoeconomistes.com\/?s={search_term_string}"},"query-input":{"@type":"PropertyValueSpecification","valueRequired":true,"valueName":"search_term_string"}}],"inLanguage":"en-US"}]}},"_links":{"self":[{"href":"https:\/\/www.mesastrigoeconomistes.com\/en\/wp-json\/wp\/v2\/pages\/1806","targetHints":{"allow":["GET"]}}],"collection":[{"href":"https:\/\/www.mesastrigoeconomistes.com\/en\/wp-json\/wp\/v2\/pages"}],"about":[{"href":"https:\/\/www.mesastrigoeconomistes.com\/en\/wp-json\/wp\/v2\/types\/page"}],"author":[{"embeddable":true,"href":"https:\/\/www.mesastrigoeconomistes.com\/en\/wp-json\/wp\/v2\/users\/3"}],"replies":[{"embeddable":true,"href":"https:\/\/www.mesastrigoeconomistes.com\/en\/wp-json\/wp\/v2\/comments?post=1806"}],"version-history":[{"count":4,"href":"https:\/\/www.mesastrigoeconomistes.com\/en\/wp-json\/wp\/v2\/pages\/1806\/revisions"}],"predecessor-version":[{"id":1810,"href":"https:\/\/www.mesastrigoeconomistes.com\/en\/wp-json\/wp\/v2\/pages\/1806\/revisions\/1810"}],"wp:attachment":[{"href":"https:\/\/www.mesastrigoeconomistes.com\/en\/wp-json\/wp\/v2\/media?parent=1806"}],"curies":[{"name":"wp","href":"https:\/\/api.w.org\/{rel}","templated":true}]}}