{"id":1422,"date":"2024-12-05T15:48:27","date_gmt":"2024-12-05T14:48:27","guid":{"rendered":"https:\/\/www.mesastrigoeconomistes.com\/areas-sectores\/"},"modified":"2025-07-07T10:07:06","modified_gmt":"2025-07-07T08:07:06","slug":"areas-and-sectors","status":"publish","type":"page","link":"https:\/\/www.mesastrigoeconomistes.com\/en\/areas-and-sectors\/","title":{"rendered":"Areas and sectors"},"content":{"rendered":"\t\t<div data-elementor-type=\"wp-page\" data-elementor-id=\"1422\" class=\"elementor elementor-1422 elementor-14\">\n\t\t\t\t        <section class=\"elementor-section elementor-top-section elementor-element elementor-element-7ade7b6 elementor-section-stretched elementor-section-boxed elementor-section-height-default elementor-section-height-default pxl-type-header-none pxl-row-scroll-none pxl-bg-color-none pxl-section-overlay-none\" data-id=\"7ade7b6\" data-element_type=\"section\" data-settings=\"{&quot;stretch_section&quot;:&quot;section-stretched&quot;,&quot;background_background&quot;:&quot;classic&quot;}\">\n\n                \n                <div class=\"elementor-container elementor-column-gap-extended \">\n                <div class=\"elementor-column elementor-col-100 elementor-top-column elementor-element elementor-element-9e8766d pxl-col-none pxl-column-none\" data-id=\"9e8766d\" data-element_type=\"column\">\r\n        <div class=\"elementor-widget-wrap elementor-element-populated\">\r\n                     \r\n        \t\t<div class=\"elementor-element elementor-element-0e6eebd elementor-widget__width-inherit elementor-widget elementor-widget-heading\" data-id=\"0e6eebd\" data-element_type=\"widget\" data-widget_type=\"heading.default\">\n\t\t\t\t<div class=\"elementor-widget-container\">\n\t\t\t<div id=\"pxl-heading-0e6eebd-2549\" class=\"pxl-heading typewriter-color\">\n\t<div class=\"pxl-heading--inner\">\n\t\t\n\t\t<div class=\"pxl-item--dividerwrap divider-position-left\">\n\t\t\t<div class=\"pxl-item--divider\"><\/div>\t\t\t<h2 class=\"pxl-item--title  highlight-default \" data-wow-delay=\"ms\">\n\t\t\t\tOur services\t\t\n\t\t\t<\/h2>\n\t\t<\/div>\n\t\t\t<\/div>\n<\/div>\t\t<\/div>\n\t\t\t\t<\/div>\n\t\t\t\t<div class=\"elementor-element elementor-element-5830ff0 elementor-widget__width-initial elementor-widget elementor-widget-heading\" data-id=\"5830ff0\" data-element_type=\"widget\" data-widget_type=\"heading.default\">\n\t\t\t\t<div class=\"elementor-widget-container\">\n\t\t\t<div id=\"pxl-heading-5830ff0-4007\" class=\"pxl-heading typewriter-color\">\n\t<div class=\"pxl-heading--inner\">\n\t\t\n\t\t\t\t\t<h3 class=\"pxl-item--title  highlight-default \" data-wow-delay=\"ms\">\n\t\t\t\tThe client as a top priority in our strategy\t\t\n\t\t\t<\/h3>\n\t\t\n\t\t\t<\/div>\n<\/div>\t\t<\/div>\n\t\t\t\t<\/div>\n\t\t\t\t<div class=\"elementor-element elementor-element-e58d34e elementor-widget elementor-widget-text-editor\" data-id=\"e58d34e\" data-element_type=\"widget\" data-widget_type=\"text-editor.default\">\n\t\t\t\t<div class=\"elementor-widget-container\">\n\t\t\t\t\t\t\tBy specializing in the services we offer, we optimize resources and improve efficiency in meeting our clients&#8217; objectives.\t\t\t\t\t\t<\/div>\n\t\t\t\t<\/div>\n\t\t            <\/div>\r\n        <\/div>\r\n        \t\t\t<\/div>\n\t\t<\/section>\n\t\t        <section class=\"elementor-section elementor-top-section elementor-element elementor-element-fbfb492 elementor-section-boxed elementor-section-height-default elementor-section-height-default pxl-type-header-none pxl-row-scroll-none pxl-bg-color-none pxl-section-overlay-none\" data-id=\"fbfb492\" data-element_type=\"section\">\n\n                \n                <div class=\"elementor-container elementor-column-gap-default \">\n                <div class=\"elementor-column elementor-col-50 elementor-top-column elementor-element elementor-element-04af64e pxl-col-none pxl-column-none\" data-id=\"04af64e\" data-element_type=\"column\">\r\n        <div class=\"elementor-widget-wrap elementor-element-populated\">\r\n                     \r\n        \t\t<div class=\"elementor-element elementor-element-e303441 pxl-post-layout-service-2 elementor-widget elementor-widget-post_grid\" data-id=\"e303441\" data-element_type=\"widget\" data-widget_type=\"post_grid.default\">\n\t\t\t\t<div class=\"elementor-widget-container\">\n\t\t\t\n<div id=\"post_grid-e303441-9530\" class=\"pxl-grid pxl-service-grid pxl-service-grid-layout2\" data-layout=\"masonry\" data-start-page=\"1\" data-max-pages=\"1\" data-total=\"6\" data-perpage=\"6\" data-next-link=\"\">\n    \n    <div class=\"pxl-grid-inner pxl-grid-masonry row\" data-gutter=\"15\">\n        <div class=\"grid-sizer col-xl-4 col-lg-4 col-md-6 col-sm-6 col-12\"><\/div>\n                    <div class=\"pxl-grid-item col-xl-4 col-lg-4 col-md-6 col-sm-6 col-12 \">\n                <div class=\"pxl-item--inner pxl-hover-divider \" data-wow-duration=\"1.2s\">\n                    <div class=\"pxl-item--holder\">\n                        <div class=\"pxl-item--number\">01<\/div>\n                        <h3 class=\"pxl-item--title\">\n                            <a href=\"https:\/\/www.mesastrigoeconomistes.com\/en\/service\/financial-audit\/\">\n                                Financial audit \n                            <\/a>\n                        <\/h3>\n                                            <\/div>\n                <\/div>\n            <\/div>\n                    <div class=\"pxl-grid-item col-xl-4 col-lg-4 col-md-6 col-sm-6 col-12 \">\n                <div class=\"pxl-item--inner pxl-hover-divider \" data-wow-duration=\"1.2s\">\n                    <div class=\"pxl-item--holder\">\n                        <div class=\"pxl-item--number\">02<\/div>\n                        <h3 class=\"pxl-item--title\">\n                            <a href=\"https:\/\/www.mesastrigoeconomistes.com\/en\/service\/business-management\/\">\n                                Business management \n                            <\/a>\n                        <\/h3>\n                                            <\/div>\n                <\/div>\n            <\/div>\n                    <div class=\"pxl-grid-item col-xl-4 col-lg-4 col-md-6 col-sm-6 col-12 \">\n                <div class=\"pxl-item--inner pxl-hover-divider \" data-wow-duration=\"1.2s\">\n                    <div class=\"pxl-item--holder\">\n                        <div class=\"pxl-item--number\">03<\/div>\n                        <h3 class=\"pxl-item--title\">\n                            <a href=\"https:\/\/www.mesastrigoeconomistes.com\/en\/service\/outsourcing\/\">\n                                Outsourcing \n                            <\/a>\n                        <\/h3>\n                                            <\/div>\n                <\/div>\n            <\/div>\n                    <div class=\"pxl-grid-item col-xl-4 col-lg-4 col-md-6 col-sm-6 col-12 \">\n                <div class=\"pxl-item--inner pxl-hover-divider \" data-wow-duration=\"1.2s\">\n                    <div class=\"pxl-item--holder\">\n                        <div class=\"pxl-item--number\">04<\/div>\n                        <h3 class=\"pxl-item--title\">\n                            <a href=\"https:\/\/www.mesastrigoeconomistes.com\/en\/service\/expert-reports-and-insolvency-proceedings\/\">\n                                Expert reports and insolvency proceedings \n                            <\/a>\n                        <\/h3>\n                                            <\/div>\n                <\/div>\n            <\/div>\n                    <div class=\"pxl-grid-item col-xl-4 col-lg-4 col-md-6 col-sm-6 col-12 \">\n                <div class=\"pxl-item--inner pxl-hover-divider \" data-wow-duration=\"1.2s\">\n                    <div class=\"pxl-item--holder\">\n                        <div class=\"pxl-item--number\">05<\/div>\n                        <h3 class=\"pxl-item--title\">\n                            <a href=\"https:\/\/www.mesastrigoeconomistes.com\/en\/service\/regulatory-compliance\/\">\n                                Regulatory Compliance and Good Governance \n                            <\/a>\n                        <\/h3>\n                                            <\/div>\n                <\/div>\n            <\/div>\n                    <div class=\"pxl-grid-item col-xl-4 col-lg-4 col-md-6 col-sm-6 col-12 \">\n                <div class=\"pxl-item--inner pxl-hover-divider \" data-wow-duration=\"1.2s\">\n                    <div class=\"pxl-item--holder\">\n                        <div class=\"pxl-item--number\">06<\/div>\n                        <h3 class=\"pxl-item--title\">\n                            <a href=\"https:\/\/www.mesastrigoeconomistes.com\/en\/service\/family-office\/\">\n                                Family Office \n                            <\/a>\n                        <\/h3>\n                                            <\/div>\n                <\/div>\n            <\/div>\n            <\/div>\n        <\/div>\t\t<\/div>\n\t\t\t\t<\/div>\n\t\t            <\/div>\r\n        <\/div>\r\n                <div class=\"elementor-column elementor-col-50 elementor-top-column elementor-element elementor-element-0a12a4b pxl-col-none pxl-column-none\" data-id=\"0a12a4b\" data-element_type=\"column\">\r\n        <div class=\"elementor-widget-wrap elementor-element-populated\">\r\n                     \r\n        \t\t<div class=\"elementor-element elementor-element-82580bb elementor-hidden-mobile elementor-widget elementor-widget-image\" data-id=\"82580bb\" data-element_type=\"widget\" data-widget_type=\"image.default\">\n\t\t\t\t<div class=\"elementor-widget-container\">\n\t\t\t\t\t\t\t\t\t\t\t\t\t<img fetchpriority=\"high\" decoding=\"async\" width=\"727\" height=\"1024\" src=\"https:\/\/www.mesastrigoeconomistes.com\/wp-content\/uploads\/sites\/3\/2025\/06\/Areas-y-sectores-727x1024.jpg\" class=\"attachment-large size-large wp-image-1606\" alt=\"\" srcset=\"https:\/\/www.mesastrigoeconomistes.com\/wp-content\/uploads\/sites\/3\/2025\/06\/Areas-y-sectores-727x1024.jpg 727w, https:\/\/www.mesastrigoeconomistes.com\/wp-content\/uploads\/sites\/3\/2025\/06\/Areas-y-sectores-213x300.jpg 213w, https:\/\/www.mesastrigoeconomistes.com\/wp-content\/uploads\/sites\/3\/2025\/06\/Areas-y-sectores-768x1082.jpg 768w, https:\/\/www.mesastrigoeconomistes.com\/wp-content\/uploads\/sites\/3\/2025\/06\/Areas-y-sectores-1090x1536.jpg 1090w, https:\/\/www.mesastrigoeconomistes.com\/wp-content\/uploads\/sites\/3\/2025\/06\/Areas-y-sectores-504x710.jpg 504w, https:\/\/www.mesastrigoeconomistes.com\/wp-content\/uploads\/sites\/3\/2025\/06\/Areas-y-sectores.jpg 1164w\" sizes=\"(max-width: 727px) 100vw, 727px\" \/>\t\t\t\t\t\t\t\t\t\t\t\t\t<\/div>\n\t\t\t\t<\/div>\n\t\t            <\/div>\r\n        <\/div>\r\n        \t\t\t<\/div>\n\t\t<\/section>\n\t\t\t\t<\/div>\n\t\t","protected":false},"excerpt":{"rendered":"<p>Our services The client as a top priority in our strategy By specializing in the services we offer, we optimize resources and improve efficiency in meeting our clients&#8217; objectives. 01 Audit financier 02 Gestion d\u2019entreprise 03 Outsourcing 04 Expertises et proc\u00e9dures collectives 05 Conformit\u00e9 r\u00e9glementaire et bonne gouvernance 06 Family Office<\/p>\n","protected":false},"author":3,"featured_media":0,"parent":0,"menu_order":0,"comment_status":"closed","ping_status":"closed","template":"","meta":{"footnotes":""},"class_list":["post-1422","page","type-page","status-publish","hentry"],"yoast_head":"<!-- This site is optimized with the Yoast SEO Premium plugin v25.3 (Yoast SEO v25.3) - https:\/\/yoast.com\/wordpress\/plugins\/seo\/ -->\n<title>Areas and sectors - Mesas Trigo Economistes<\/title>\n<meta name=\"robots\" content=\"index, follow, max-snippet:-1, max-image-preview:large, max-video-preview:-1\" \/>\n<link rel=\"canonical\" href=\"https:\/\/www.mesastrigoeconomistes.com\/fr\/doamines-secteurs\/\" \/>\n<meta property=\"og:locale\" content=\"en_US\" \/>\n<meta property=\"og:type\" content=\"article\" \/>\n<meta property=\"og:title\" content=\"Areas and sectors\" \/>\n<meta property=\"og:description\" content=\"Our services The client as a top priority in our strategy By specializing in the services we offer, we optimize resources and improve efficiency in meeting our clients&#8217; objectives. 01 Audit financier 02 Gestion d\u2019entreprise 03 Outsourcing 04 Expertises et proc\u00e9dures collectives 05 Conformit\u00e9 r\u00e9glementaire et bonne gouvernance 06 Family Office\" \/>\n<meta property=\"og:url\" content=\"https:\/\/www.mesastrigoeconomistes.com\/fr\/doamines-secteurs\/\" \/>\n<meta property=\"og:site_name\" content=\"Mesas Trigo Economistes\" \/>\n<meta property=\"article:modified_time\" content=\"2025-07-07T08:07:06+00:00\" \/>\n<meta property=\"og:image\" content=\"http:\/\/www.mesastrigoeconomistes.com\/wp-content\/uploads\/sites\/3\/2025\/06\/Areas-y-sectores-727x1024.jpg\" \/>\n<meta name=\"twitter:card\" content=\"summary_large_image\" \/>\n<meta name=\"twitter:label1\" content=\"Est. reading time\" \/>\n\t<meta name=\"twitter:data1\" content=\"1 minute\" \/>\n<script type=\"application\/ld+json\" class=\"yoast-schema-graph\">{\"@context\":\"https:\/\/schema.org\",\"@graph\":[{\"@type\":\"WebPage\",\"@id\":\"https:\/\/www.mesastrigoeconomistes.com\/fr\/doamines-secteurs\/\",\"url\":\"https:\/\/www.mesastrigoeconomistes.com\/fr\/doamines-secteurs\/\",\"name\":\"Areas and sectors - Mesas Trigo Economistes\",\"isPartOf\":{\"@id\":\"https:\/\/www.mesastrigoeconomistes.com\/#website\"},\"primaryImageOfPage\":{\"@id\":\"https:\/\/www.mesastrigoeconomistes.com\/fr\/doamines-secteurs\/#primaryimage\"},\"image\":{\"@id\":\"https:\/\/www.mesastrigoeconomistes.com\/fr\/doamines-secteurs\/#primaryimage\"},\"thumbnailUrl\":\"http:\/\/www.mesastrigoeconomistes.com\/wp-content\/uploads\/sites\/3\/2025\/06\/Areas-y-sectores-727x1024.jpg\",\"datePublished\":\"2024-12-05T14:48:27+00:00\",\"dateModified\":\"2025-07-07T08:07:06+00:00\",\"breadcrumb\":{\"@id\":\"https:\/\/www.mesastrigoeconomistes.com\/fr\/doamines-secteurs\/#breadcrumb\"},\"inLanguage\":\"en-US\",\"potentialAction\":[{\"@type\":\"ReadAction\",\"target\":[\"https:\/\/www.mesastrigoeconomistes.com\/fr\/doamines-secteurs\/\"]}]},{\"@type\":\"ImageObject\",\"inLanguage\":\"en-US\",\"@id\":\"https:\/\/www.mesastrigoeconomistes.com\/fr\/doamines-secteurs\/#primaryimage\",\"url\":\"http:\/\/www.mesastrigoeconomistes.com\/wp-content\/uploads\/sites\/3\/2025\/06\/Areas-y-sectores-727x1024.jpg\",\"contentUrl\":\"http:\/\/www.mesastrigoeconomistes.com\/wp-content\/uploads\/sites\/3\/2025\/06\/Areas-y-sectores-727x1024.jpg\"},{\"@type\":\"BreadcrumbList\",\"@id\":\"https:\/\/www.mesastrigoeconomistes.com\/fr\/doamines-secteurs\/#breadcrumb\",\"itemListElement\":[{\"@type\":\"ListItem\",\"position\":1,\"name\":\"Portada\",\"item\":\"https:\/\/www.mesastrigoeconomistes.com\/\"},{\"@type\":\"ListItem\",\"position\":2,\"name\":\"Areas and sectors\"}]},{\"@type\":\"WebSite\",\"@id\":\"https:\/\/www.mesastrigoeconomistes.com\/#website\",\"url\":\"https:\/\/www.mesastrigoeconomistes.com\/\",\"name\":\"Mesas Trigo Economistes\",\"description\":\"Despacho de economistas en Andorra\",\"potentialAction\":[{\"@type\":\"SearchAction\",\"target\":{\"@type\":\"EntryPoint\",\"urlTemplate\":\"https:\/\/www.mesastrigoeconomistes.com\/?s={search_term_string}\"},\"query-input\":{\"@type\":\"PropertyValueSpecification\",\"valueRequired\":true,\"valueName\":\"search_term_string\"}}],\"inLanguage\":\"en-US\"}]}<\/script>\n<!-- \/ Yoast SEO Premium plugin. -->","yoast_head_json":{"title":"Areas and sectors - Mesas Trigo Economistes","robots":{"index":"index","follow":"follow","max-snippet":"max-snippet:-1","max-image-preview":"max-image-preview:large","max-video-preview":"max-video-preview:-1"},"canonical":"https:\/\/www.mesastrigoeconomistes.com\/fr\/doamines-secteurs\/","og_locale":"en_US","og_type":"article","og_title":"Areas and sectors","og_description":"Our services The client as a top priority in our strategy By specializing in the services we offer, we optimize resources and improve efficiency in meeting our clients&#8217; objectives. 01 Audit financier 02 Gestion d\u2019entreprise 03 Outsourcing 04 Expertises et proc\u00e9dures collectives 05 Conformit\u00e9 r\u00e9glementaire et bonne gouvernance 06 Family Office","og_url":"https:\/\/www.mesastrigoeconomistes.com\/fr\/doamines-secteurs\/","og_site_name":"Mesas Trigo Economistes","article_modified_time":"2025-07-07T08:07:06+00:00","og_image":[{"url":"http:\/\/www.mesastrigoeconomistes.com\/wp-content\/uploads\/sites\/3\/2025\/06\/Areas-y-sectores-727x1024.jpg","type":"","width":"","height":""}],"twitter_card":"summary_large_image","twitter_misc":{"Est. reading time":"1 minute"},"schema":{"@context":"https:\/\/schema.org","@graph":[{"@type":"WebPage","@id":"https:\/\/www.mesastrigoeconomistes.com\/fr\/doamines-secteurs\/","url":"https:\/\/www.mesastrigoeconomistes.com\/fr\/doamines-secteurs\/","name":"Areas and sectors - Mesas Trigo Economistes","isPartOf":{"@id":"https:\/\/www.mesastrigoeconomistes.com\/#website"},"primaryImageOfPage":{"@id":"https:\/\/www.mesastrigoeconomistes.com\/fr\/doamines-secteurs\/#primaryimage"},"image":{"@id":"https:\/\/www.mesastrigoeconomistes.com\/fr\/doamines-secteurs\/#primaryimage"},"thumbnailUrl":"http:\/\/www.mesastrigoeconomistes.com\/wp-content\/uploads\/sites\/3\/2025\/06\/Areas-y-sectores-727x1024.jpg","datePublished":"2024-12-05T14:48:27+00:00","dateModified":"2025-07-07T08:07:06+00:00","breadcrumb":{"@id":"https:\/\/www.mesastrigoeconomistes.com\/fr\/doamines-secteurs\/#breadcrumb"},"inLanguage":"en-US","potentialAction":[{"@type":"ReadAction","target":["https:\/\/www.mesastrigoeconomistes.com\/fr\/doamines-secteurs\/"]}]},{"@type":"ImageObject","inLanguage":"en-US","@id":"https:\/\/www.mesastrigoeconomistes.com\/fr\/doamines-secteurs\/#primaryimage","url":"http:\/\/www.mesastrigoeconomistes.com\/wp-content\/uploads\/sites\/3\/2025\/06\/Areas-y-sectores-727x1024.jpg","contentUrl":"http:\/\/www.mesastrigoeconomistes.com\/wp-content\/uploads\/sites\/3\/2025\/06\/Areas-y-sectores-727x1024.jpg"},{"@type":"BreadcrumbList","@id":"https:\/\/www.mesastrigoeconomistes.com\/fr\/doamines-secteurs\/#breadcrumb","itemListElement":[{"@type":"ListItem","position":1,"name":"Portada","item":"https:\/\/www.mesastrigoeconomistes.com\/"},{"@type":"ListItem","position":2,"name":"Areas and sectors"}]},{"@type":"WebSite","@id":"https:\/\/www.mesastrigoeconomistes.com\/#website","url":"https:\/\/www.mesastrigoeconomistes.com\/","name":"Mesas Trigo Economistes","description":"Despacho de economistas en Andorra","potentialAction":[{"@type":"SearchAction","target":{"@type":"EntryPoint","urlTemplate":"https:\/\/www.mesastrigoeconomistes.com\/?s={search_term_string}"},"query-input":{"@type":"PropertyValueSpecification","valueRequired":true,"valueName":"search_term_string"}}],"inLanguage":"en-US"}]}},"_links":{"self":[{"href":"https:\/\/www.mesastrigoeconomistes.com\/en\/wp-json\/wp\/v2\/pages\/1422","targetHints":{"allow":["GET"]}}],"collection":[{"href":"https:\/\/www.mesastrigoeconomistes.com\/en\/wp-json\/wp\/v2\/pages"}],"about":[{"href":"https:\/\/www.mesastrigoeconomistes.com\/en\/wp-json\/wp\/v2\/types\/page"}],"author":[{"embeddable":true,"href":"https:\/\/www.mesastrigoeconomistes.com\/en\/wp-json\/wp\/v2\/users\/3"}],"replies":[{"embeddable":true,"href":"https:\/\/www.mesastrigoeconomistes.com\/en\/wp-json\/wp\/v2\/comments?post=1422"}],"version-history":[{"count":13,"href":"https:\/\/www.mesastrigoeconomistes.com\/en\/wp-json\/wp\/v2\/pages\/1422\/revisions"}],"predecessor-version":[{"id":2086,"href":"https:\/\/www.mesastrigoeconomistes.com\/en\/wp-json\/wp\/v2\/pages\/1422\/revisions\/2086"}],"wp:attachment":[{"href":"https:\/\/www.mesastrigoeconomistes.com\/en\/wp-json\/wp\/v2\/media?parent=1422"}],"curies":[{"name":"wp","href":"https:\/\/api.w.org\/{rel}","templated":true}]}}