{"id":1122,"date":"2024-12-04T17:20:01","date_gmt":"2024-12-04T16:20:01","guid":{"rendered":"https:\/\/www.mesastrigoeconomistes.com\/noticias-2\/"},"modified":"2025-06-27T09:28:35","modified_gmt":"2025-06-27T07:28:35","slug":"noticies-2","status":"publish","type":"page","link":"https:\/\/www.mesastrigoeconomistes.com\/ca\/noticies-2\/","title":{"rendered":"Not\u00edcies"},"content":{"rendered":"\t\t<div data-elementor-type=\"wp-page\" data-elementor-id=\"1122\" class=\"elementor elementor-1122 elementor-55\">\n\t\t\t\t        <section class=\"elementor-section elementor-top-section elementor-element elementor-element-422eb12 elementor-section-boxed elementor-section-height-default elementor-section-height-default pxl-type-header-none pxl-row-scroll-none pxl-bg-color-none pxl-section-overlay-none\" data-id=\"422eb12\" data-element_type=\"section\">\n\n                \n                <div class=\"elementor-container elementor-column-gap-extended \">\n                <div class=\"elementor-column elementor-col-100 elementor-top-column elementor-element elementor-element-cb85735 pxl-col-none pxl-column-none\" data-id=\"cb85735\" data-element_type=\"column\">\r\n        <div class=\"elementor-widget-wrap elementor-element-populated\">\r\n                     \r\n        \t\t<div class=\"elementor-element elementor-element-afe62c4 elementor-hidden-mobile elementor-widget elementor-widget-heading\" data-id=\"afe62c4\" data-element_type=\"widget\" data-widget_type=\"heading.default\">\n\t\t\t\t<div class=\"elementor-widget-container\">\n\t\t\t<div id=\"pxl-heading-afe62c4-1275\" class=\"pxl-heading typewriter-color\">\n\t<div class=\"pxl-heading--inner\">\n\t\t\n\t\t<div class=\"pxl-item--dividerwrap divider-position-left\">\n\t\t\t<div class=\"pxl-item--divider\"><\/div>\t\t\t<h2 class=\"pxl-item--title  highlight-default \" data-wow-delay=\"ms\">\n\t\t\t\tTots els pr\u00f2xims esdeveniments en la nostra agenda\n\t\t\n\t\t\t<\/h2>\n\t\t<\/div>\n\t\t\t<\/div>\n<\/div>\t\t<\/div>\n\t\t\t\t<\/div>\n\t\t\t\t<div class=\"elementor-element elementor-element-2a73dcc elementor-hidden-desktop elementor-hidden-tablet elementor-widget elementor-widget-heading\" data-id=\"2a73dcc\" data-element_type=\"widget\" data-widget_type=\"heading.default\">\n\t\t\t\t<div class=\"elementor-widget-container\">\n\t\t\t<div id=\"pxl-heading-2a73dcc-4856\" class=\"pxl-heading typewriter-color\">\n\t<div class=\"pxl-heading--inner\">\n\t\t\n\t\t<div class=\"pxl-item--dividerwrap divider-position-left\">\n\t\t\t<div class=\"pxl-item--divider\"><\/div>\t\t\t<h2 class=\"pxl-item--title  highlight-default \" data-wow-delay=\"ms\">\n\t\t\t\tEls propers esdeveniments a la nostra agenda\t\t\n\t\t\t<\/h2>\n\t\t<\/div>\n\t\t\t<\/div>\n<\/div>\t\t<\/div>\n\t\t\t\t<\/div>\n\t\t            <\/div>\r\n        <\/div>\r\n        \t\t\t<\/div>\n\t\t<\/section>\n\t\t        <section class=\"elementor-section elementor-top-section elementor-element elementor-element-03cdc05 elementor-section-boxed elementor-section-height-default elementor-section-height-default pxl-type-header-none pxl-row-scroll-none pxl-bg-color-none pxl-section-overlay-none\" data-id=\"03cdc05\" data-element_type=\"section\">\n\n                \n                <div class=\"elementor-container elementor-column-gap-default \">\n                <div class=\"elementor-column elementor-col-100 elementor-top-column elementor-element elementor-element-476af3e pxl-col-none pxl-column-none\" data-id=\"476af3e\" data-element_type=\"column\">\r\n        <div class=\"elementor-widget-wrap elementor-element-populated\">\r\n                     \r\n        \t\t<div class=\"elementor-element elementor-element-a830941 elementor-widget elementor-widget-text-editor\" data-id=\"a830941\" data-element_type=\"widget\" data-widget_type=\"text-editor.default\">\n\t\t\t\t<div class=\"elementor-widget-container\">\n\t\t\t\t\t\t\tSom protagonistes de la realitat jur\u00eddica i empresarial, analitzant la conjuntura econ\u00f2mica i els desafiaments que afronta el nostre pa\u00eds per construir un futur m\u00e9s s\u00f2lid i just.\n\t\t\t\t\t\t<\/div>\n\t\t\t\t<\/div>\n\t\t            <\/div>\r\n        <\/div>\r\n        \t\t\t<\/div>\n\t\t<\/section>\n\t\t        <section class=\"elementor-section elementor-top-section elementor-element elementor-element-e4ec744 elementor-section-boxed elementor-section-height-default elementor-section-height-default pxl-type-header-none pxl-row-scroll-none pxl-bg-color-none pxl-section-overlay-none\" data-id=\"e4ec744\" data-element_type=\"section\">\n\n                \n                <div class=\"elementor-container elementor-column-gap-extended \">\n                <div class=\"elementor-column elementor-col-100 elementor-top-column elementor-element elementor-element-771ccbf pxl-col-none pxl-column-none\" data-id=\"771ccbf\" data-element_type=\"column\">\r\n        <div class=\"elementor-widget-wrap elementor-element-populated\">\r\n                     \r\n        \t\t<div class=\"elementor-element elementor-element-8439b82 pxl-post-layout-portfolio-13 elementor-widget elementor-widget-post_grid\" data-id=\"8439b82\" data-element_type=\"widget\" data-widget_type=\"post_grid.default\">\n\t\t\t\t<div class=\"elementor-widget-container\">\n\t\t\t\n<div id=\"post_grid-8439b82-7875\" class=\"pxl-grid pxl-portfolio-grid pxl-portfolio-grid-layout13 pxl-grid-nogap\" data-layout=\"masonry\" data-start-page=\"1\" data-max-pages=\"1\" data-total=\"1\" data-perpage=\"1\" data-next-link=\"\">\n    \n    <div class=\"pxl-grid-inner pxl-grid-masonry row grid-col-xl-4 grid-col-lg-6 \" data-gutter=\"15\">\n        <div class=\"grid-sizer col-xl-4 col-lg-4 col-md-6 col-sm-6 col-12\"><\/div>\n                    <div class=\"pxl-grid-item col-xl-4 col-lg-4 col-md-6 col-sm-6 col-12 \">\n                <div class=\"pxl-item--inner \" data-wow-duration=\"1.2s\">\n                    <h3 class=\"pxl-item--title\">\n                        <a href=\"https:\/\/www.mesastrigoeconomistes.com\/ca\/portfolio\/debat-sobre-acord-associacio-amb-la-unio-europea\/\">\n                            Debat sobre l&#8217;Acord d&#8217;Associaci\u00f3 amb la Uni\u00f3 Europea \n                        <\/a>\n                    <\/h3>\n                                            <div class=\"pxl-item--image\">\n                            <img fetchpriority=\"high\" decoding=\"async\" class=\"no-lazyload \" src=\"https:\/\/www.mesastrigoeconomistes.com\/wp-content\/uploads\/sites\/3\/2025\/03\/pexels-karolina-grabowska-4386152-scaled-1-1000x600.jpg\" width=\"1000\" height=\"600\" alt=\"pexels-karolina-grabowska-4386152-scaled\" title=\"pexels-karolina-grabowska-4386152-scaled\" \/>                                                            <a class=\"pxl-item--readmore\" href=\"https:\/\/www.mesastrigoeconomistes.com\/ca\/portfolio\/debat-sobre-acord-associacio-amb-la-unio-europea\/\">+<\/a>\n                                                        <div class=\"pxl-item--imgfilter bg-image\" style=\"background-image: url(https:\/\/www.mesastrigoeconomistes.com\/wp-content\/uploads\/sites\/3\/2025\/03\/pexels-karolina-grabowska-4386152-scaled-1-1000x600.jpg);\"><\/div>\n                        <\/div>\n                                        <div class=\"pxl-item--meta el-empty\">\n                                                    <div class=\"pxl-item--address pxl-mr-10\">\n                                <span>ANDORRA LA VELLA<\/span>\n                                <div class=\"pxl-item--divider\"><\/div>\n                            <\/div>\n                                                                            <div class=\"pxl-item--year\">Diciembre de 2024<\/div>\n                                            <\/div>\n                <\/div>\n            <\/div>\n            <\/div>\n        <\/div>\t\t<\/div>\n\t\t\t\t<\/div>\n\t\t            <\/div>\r\n        <\/div>\r\n        \t\t\t<\/div>\n\t\t<\/section>\n\t\t\t\t<\/div>\n\t\t","protected":false},"excerpt":{"rendered":"<p>Tots els pr\u00f2xims esdeveniments en la nostra agenda Els propers esdeveniments a la nostra agenda Som protagonistes de la realitat jur\u00eddica i empresarial, analitzant la conjuntura econ\u00f2mica i els desafiaments que afronta el nostre pa\u00eds per construir un futur m\u00e9s s\u00f2lid i just.<\/p>\n","protected":false},"author":3,"featured_media":0,"parent":0,"menu_order":0,"comment_status":"closed","ping_status":"closed","template":"","meta":{"footnotes":""},"class_list":["post-1122","page","type-page","status-publish","hentry"],"yoast_head":"<!-- This site is optimized with the Yoast SEO Premium plugin v25.3 (Yoast SEO v25.3) - https:\/\/yoast.com\/wordpress\/plugins\/seo\/ -->\n<title>Not\u00edcies - Mesas Trigo Economistes<\/title>\n<meta name=\"robots\" content=\"index, follow, max-snippet:-1, max-image-preview:large, max-video-preview:-1\" \/>\n<link rel=\"canonical\" href=\"https:\/\/www.mesastrigoeconomistes.com\/ca\/noticies-2\/\" \/>\n<meta property=\"og:locale\" content=\"ca_ES\" \/>\n<meta property=\"og:type\" content=\"article\" \/>\n<meta property=\"og:title\" content=\"Not\u00edcies\" \/>\n<meta property=\"og:description\" content=\"Tots els pr\u00f2xims esdeveniments en la nostra agenda Els propers esdeveniments a la nostra agenda Som protagonistes de la realitat jur\u00eddica i empresarial, analitzant la conjuntura econ\u00f2mica i els desafiaments que afronta el nostre pa\u00eds per construir un futur m\u00e9s s\u00f2lid i just.\" \/>\n<meta property=\"og:url\" content=\"https:\/\/www.mesastrigoeconomistes.com\/ca\/noticies-2\/\" \/>\n<meta property=\"og:site_name\" content=\"Mesas Trigo Economistes\" \/>\n<meta property=\"article:modified_time\" content=\"2025-06-27T07:28:35+00:00\" \/>\n<meta name=\"twitter:card\" content=\"summary_large_image\" \/>\n<meta name=\"twitter:label1\" content=\"Temps estimat de lectura\" \/>\n\t<meta name=\"twitter:data1\" content=\"1 minut\" \/>\n<script type=\"application\/ld+json\" class=\"yoast-schema-graph\">{\"@context\":\"https:\/\/schema.org\",\"@graph\":[{\"@type\":\"WebPage\",\"@id\":\"https:\/\/www.mesastrigoeconomistes.com\/ca\/noticies-2\/\",\"url\":\"https:\/\/www.mesastrigoeconomistes.com\/ca\/noticies-2\/\",\"name\":\"Not\u00edcies - Mesas Trigo Economistes\",\"isPartOf\":{\"@id\":\"https:\/\/www.mesastrigoeconomistes.com\/#website\"},\"datePublished\":\"2024-12-04T16:20:01+00:00\",\"dateModified\":\"2025-06-27T07:28:35+00:00\",\"breadcrumb\":{\"@id\":\"https:\/\/www.mesastrigoeconomistes.com\/ca\/noticies-2\/#breadcrumb\"},\"inLanguage\":\"ca\",\"potentialAction\":[{\"@type\":\"ReadAction\",\"target\":[\"https:\/\/www.mesastrigoeconomistes.com\/ca\/noticies-2\/\"]}]},{\"@type\":\"BreadcrumbList\",\"@id\":\"https:\/\/www.mesastrigoeconomistes.com\/ca\/noticies-2\/#breadcrumb\",\"itemListElement\":[{\"@type\":\"ListItem\",\"position\":1,\"name\":\"Portada\",\"item\":\"https:\/\/www.mesastrigoeconomistes.com\/\"},{\"@type\":\"ListItem\",\"position\":2,\"name\":\"Not\u00edcies\"}]},{\"@type\":\"WebSite\",\"@id\":\"https:\/\/www.mesastrigoeconomistes.com\/#website\",\"url\":\"https:\/\/www.mesastrigoeconomistes.com\/\",\"name\":\"Mesas Trigo Economistes\",\"description\":\"Despacho de economistas en Andorra\",\"potentialAction\":[{\"@type\":\"SearchAction\",\"target\":{\"@type\":\"EntryPoint\",\"urlTemplate\":\"https:\/\/www.mesastrigoeconomistes.com\/?s={search_term_string}\"},\"query-input\":{\"@type\":\"PropertyValueSpecification\",\"valueRequired\":true,\"valueName\":\"search_term_string\"}}],\"inLanguage\":\"ca\"}]}<\/script>\n<!-- \/ Yoast SEO Premium plugin. -->","yoast_head_json":{"title":"Not\u00edcies - Mesas Trigo Economistes","robots":{"index":"index","follow":"follow","max-snippet":"max-snippet:-1","max-image-preview":"max-image-preview:large","max-video-preview":"max-video-preview:-1"},"canonical":"https:\/\/www.mesastrigoeconomistes.com\/ca\/noticies-2\/","og_locale":"ca_ES","og_type":"article","og_title":"Not\u00edcies","og_description":"Tots els pr\u00f2xims esdeveniments en la nostra agenda Els propers esdeveniments a la nostra agenda Som protagonistes de la realitat jur\u00eddica i empresarial, analitzant la conjuntura econ\u00f2mica i els desafiaments que afronta el nostre pa\u00eds per construir un futur m\u00e9s s\u00f2lid i just.","og_url":"https:\/\/www.mesastrigoeconomistes.com\/ca\/noticies-2\/","og_site_name":"Mesas Trigo Economistes","article_modified_time":"2025-06-27T07:28:35+00:00","twitter_card":"summary_large_image","twitter_misc":{"Temps estimat de lectura":"1 minut"},"schema":{"@context":"https:\/\/schema.org","@graph":[{"@type":"WebPage","@id":"https:\/\/www.mesastrigoeconomistes.com\/ca\/noticies-2\/","url":"https:\/\/www.mesastrigoeconomistes.com\/ca\/noticies-2\/","name":"Not\u00edcies - Mesas Trigo Economistes","isPartOf":{"@id":"https:\/\/www.mesastrigoeconomistes.com\/#website"},"datePublished":"2024-12-04T16:20:01+00:00","dateModified":"2025-06-27T07:28:35+00:00","breadcrumb":{"@id":"https:\/\/www.mesastrigoeconomistes.com\/ca\/noticies-2\/#breadcrumb"},"inLanguage":"ca","potentialAction":[{"@type":"ReadAction","target":["https:\/\/www.mesastrigoeconomistes.com\/ca\/noticies-2\/"]}]},{"@type":"BreadcrumbList","@id":"https:\/\/www.mesastrigoeconomistes.com\/ca\/noticies-2\/#breadcrumb","itemListElement":[{"@type":"ListItem","position":1,"name":"Portada","item":"https:\/\/www.mesastrigoeconomistes.com\/"},{"@type":"ListItem","position":2,"name":"Not\u00edcies"}]},{"@type":"WebSite","@id":"https:\/\/www.mesastrigoeconomistes.com\/#website","url":"https:\/\/www.mesastrigoeconomistes.com\/","name":"Mesas Trigo Economistes","description":"Despacho de economistas en Andorra","potentialAction":[{"@type":"SearchAction","target":{"@type":"EntryPoint","urlTemplate":"https:\/\/www.mesastrigoeconomistes.com\/?s={search_term_string}"},"query-input":{"@type":"PropertyValueSpecification","valueRequired":true,"valueName":"search_term_string"}}],"inLanguage":"ca"}]}},"_links":{"self":[{"href":"https:\/\/www.mesastrigoeconomistes.com\/ca\/wp-json\/wp\/v2\/pages\/1122","targetHints":{"allow":["GET"]}}],"collection":[{"href":"https:\/\/www.mesastrigoeconomistes.com\/ca\/wp-json\/wp\/v2\/pages"}],"about":[{"href":"https:\/\/www.mesastrigoeconomistes.com\/ca\/wp-json\/wp\/v2\/types\/page"}],"author":[{"embeddable":true,"href":"https:\/\/www.mesastrigoeconomistes.com\/ca\/wp-json\/wp\/v2\/users\/3"}],"replies":[{"embeddable":true,"href":"https:\/\/www.mesastrigoeconomistes.com\/ca\/wp-json\/wp\/v2\/comments?post=1122"}],"version-history":[{"count":7,"href":"https:\/\/www.mesastrigoeconomistes.com\/ca\/wp-json\/wp\/v2\/pages\/1122\/revisions"}],"predecessor-version":[{"id":1729,"href":"https:\/\/www.mesastrigoeconomistes.com\/ca\/wp-json\/wp\/v2\/pages\/1122\/revisions\/1729"}],"wp:attachment":[{"href":"https:\/\/www.mesastrigoeconomistes.com\/ca\/wp-json\/wp\/v2\/media?parent=1122"}],"curies":[{"name":"wp","href":"https:\/\/api.w.org\/{rel}","templated":true}]}}