{"id":1065,"date":"2024-12-02T08:45:55","date_gmt":"2024-12-02T07:45:55","guid":{"rendered":"https:\/\/www.mesastrigoeconomistes.com\/carolina-latino-navarro\/"},"modified":"2025-07-07T09:58:58","modified_gmt":"2025-07-07T07:58:58","slug":"carolina-latino-navarro","status":"publish","type":"page","link":"https:\/\/www.mesastrigoeconomistes.com\/ca\/carolina-latino-navarro\/","title":{"rendered":"Carolina Latino Navarro"},"content":{"rendered":"\t\t<div data-elementor-type=\"wp-page\" data-elementor-id=\"1065\" class=\"elementor elementor-1065 elementor-16\">\n\t\t\t\t        <section class=\"elementor-section elementor-top-section elementor-element elementor-element-7189470 elementor-section-boxed elementor-section-height-default elementor-section-height-default pxl-type-header-none pxl-row-scroll-none pxl-bg-color-none pxl-section-overlay-none\" data-id=\"7189470\" data-element_type=\"section\" data-settings=\"{&quot;background_background&quot;:&quot;classic&quot;}\">\n\n                \n                <div class=\"elementor-container elementor-column-gap-default \">\n                <div class=\"elementor-column elementor-col-50 elementor-top-column elementor-element elementor-element-0819b57 pxl-col-none pxl-column-none\" data-id=\"0819b57\" data-element_type=\"column\">\r\n        <div class=\"elementor-widget-wrap elementor-element-populated\">\r\n                     \r\n        \t\t<div class=\"elementor-element elementor-element-85841ec elementor-widget elementor-widget-spacer\" data-id=\"85841ec\" data-element_type=\"widget\" data-widget_type=\"spacer.default\">\n\t\t\t\t<div class=\"elementor-widget-container\">\n\t\t\t\t\t<div class=\"elementor-spacer\">\n\t\t\t<div class=\"elementor-spacer-inner\"><\/div>\n\t\t<\/div>\n\t\t\t\t<\/div>\n\t\t\t\t<\/div>\n\t\t\t\t<div class=\"elementor-element elementor-element-43c821f elementor-widget elementor-widget-pxl_image\" data-id=\"43c821f\" data-element_type=\"widget\" data-widget_type=\"pxl_image.default\">\n\t\t\t\t<div class=\"elementor-widget-container\">\n\t\t\t<div id=\"pxl_image-43c821f-6254\" class=\"pxl-image-single  shape-gradient-left \" data-wow-delay=\"ms\" >\r\n    \r\n                        <div class=\"pxl-item--inner\">\r\n                                            <img fetchpriority=\"high\" decoding=\"async\" width=\"364\" height=\"370\" src=\"https:\/\/www.mesastrigoeconomistes.com\/wp-content\/uploads\/sites\/3\/2025\/03\/Carolina.png\" class=\"no-lazyload attachment-full\" alt=\"\" \/>                                    <\/div>\r\n                \r\n    <\/div>\t\t<\/div>\n\t\t\t\t<\/div>\n\t\t\t\t<div class=\"elementor-element elementor-element-3f9f8a0 elementor-widget elementor-widget-spacer\" data-id=\"3f9f8a0\" data-element_type=\"widget\" data-widget_type=\"spacer.default\">\n\t\t\t\t<div class=\"elementor-widget-container\">\n\t\t\t\t\t<div class=\"elementor-spacer\">\n\t\t\t<div class=\"elementor-spacer-inner\"><\/div>\n\t\t<\/div>\n\t\t\t\t<\/div>\n\t\t\t\t<\/div>\n\t\t            <\/div>\r\n        <\/div>\r\n                <div class=\"elementor-column elementor-col-50 elementor-top-column elementor-element elementor-element-12f7f6e pxl-col-none pxl-column-none\" data-id=\"12f7f6e\" data-element_type=\"column\">\r\n        <div class=\"elementor-widget-wrap elementor-element-populated\">\r\n                     \r\n        \t\t<div class=\"elementor-element elementor-element-870eb5c elementor-widget elementor-widget-spacer\" data-id=\"870eb5c\" data-element_type=\"widget\" data-widget_type=\"spacer.default\">\n\t\t\t\t<div class=\"elementor-widget-container\">\n\t\t\t\t\t<div class=\"elementor-spacer\">\n\t\t\t<div class=\"elementor-spacer-inner\"><\/div>\n\t\t<\/div>\n\t\t\t\t<\/div>\n\t\t\t\t<\/div>\n\t\t        <section class=\"elementor-section elementor-inner-section elementor-element elementor-element-8b674f0 elementor-section-boxed elementor-section-height-default elementor-section-height-default pxl-type-header-none pxl-row-scroll-none pxl-bg-color-none pxl-section-overlay-none\" data-id=\"8b674f0\" data-element_type=\"section\">\n\n                \n                <div class=\"elementor-container elementor-column-gap-default \">\n                <div class=\"elementor-column elementor-col-50 elementor-inner-column elementor-element elementor-element-0945d42 pxl-col-none pxl-column-none\" data-id=\"0945d42\" data-element_type=\"column\">\r\n        <div class=\"elementor-widget-wrap elementor-element-populated\">\r\n                     \r\n        \t\t<div class=\"elementor-element elementor-element-8fb3143 elementor-widget elementor-widget-team_single\" data-id=\"8fb3143\" data-element_type=\"widget\" data-widget_type=\"team_single.default\">\n\t\t\t\t<div class=\"elementor-widget-container\">\n\t\t\t<div class=\"pxl-team-single pxl-team-single1 \" data-wow-delay=\"ms\">\r\n    <div class=\"pxl-item--inner\">\r\n                <div class=\"pxl-item--holder\">\r\n            <h4 class=\"pxl-item--title el-empty\">Carolina Latino Navarro<\/h4>\r\n            <div class=\"pxl-item--position el-empty\"><\/div>\r\n            <div class=\"pxl-item--description el-empty\">Assessora comptable\n<\/div>\r\n        <\/div>\r\n    <\/div>\r\n<\/div>\t\t<\/div>\n\t\t\t\t<\/div>\n\t\t            <\/div>\r\n        <\/div>\r\n                <div class=\"elementor-column elementor-col-50 elementor-inner-column elementor-element elementor-element-9402592 pxl-col-none pxl-column-none\" data-id=\"9402592\" data-element_type=\"column\">\r\n        <div class=\"elementor-widget-wrap\">\r\n                     \r\n                    <\/div>\r\n        <\/div>\r\n        \t\t\t<\/div>\n\t\t<\/section>\n\t\t\t\t<div class=\"elementor-element elementor-element-61dc1ff elementor-shape-square elementor-widget__width-initial elementor-grid-0 e-grid-align-center elementor-widget elementor-widget-social-icons\" data-id=\"61dc1ff\" data-element_type=\"widget\" data-widget_type=\"social-icons.default\">\n\t\t\t\t<div class=\"elementor-widget-container\">\n\t\t\t\t\t<div class=\"elementor-social-icons-wrapper elementor-grid\">\n\t\t\t\t\t\t\t<span class=\"elementor-grid-item\">\n\t\t\t\t\t<a class=\"elementor-icon elementor-social-icon elementor-social-icon-linkedin elementor-repeater-item-b2ecd59\" href=\"https:\/\/www.linkedin.com\/in\/carolina-latino-navarro-1a8a36155\/\" target=\"_blank\">\n\t\t\t\t\t\t<span class=\"elementor-screen-only\">Linkedin<\/span>\n\t\t\t\t\t\t<i class=\"fab fa-linkedin\"><\/i>\t\t\t\t\t<\/a>\n\t\t\t\t<\/span>\n\t\t\t\t\t<\/div>\n\t\t\t\t<\/div>\n\t\t\t\t<\/div>\n\t\t\t\t<div class=\"elementor-element elementor-element-8c760dc elementor-widget elementor-widget-spacer\" data-id=\"8c760dc\" data-element_type=\"widget\" data-widget_type=\"spacer.default\">\n\t\t\t\t<div class=\"elementor-widget-container\">\n\t\t\t\t\t<div class=\"elementor-spacer\">\n\t\t\t<div class=\"elementor-spacer-inner\"><\/div>\n\t\t<\/div>\n\t\t\t\t<\/div>\n\t\t\t\t<\/div>\n\t\t            <\/div>\r\n        <\/div>\r\n        \t\t\t<\/div>\n\t\t<\/section>\n\t\t        <section class=\"elementor-section elementor-top-section elementor-element elementor-element-bca06e8 elementor-section-boxed elementor-section-height-default elementor-section-height-default pxl-type-header-none pxl-row-scroll-none pxl-bg-color-none pxl-section-overlay-none\" data-id=\"bca06e8\" data-element_type=\"section\">\n\n                \n                <div class=\"elementor-container elementor-column-gap-default \">\n                <div class=\"elementor-column elementor-col-100 elementor-top-column elementor-element elementor-element-a86830d pxl-col-none pxl-column-none\" data-id=\"a86830d\" data-element_type=\"column\">\r\n        <div class=\"elementor-widget-wrap elementor-element-populated\">\r\n                     \r\n        \t\t<div class=\"elementor-element elementor-element-fa7f81d elementor-widget elementor-widget-spacer\" data-id=\"fa7f81d\" data-element_type=\"widget\" data-widget_type=\"spacer.default\">\n\t\t\t\t<div class=\"elementor-widget-container\">\n\t\t\t\t\t<div class=\"elementor-spacer\">\n\t\t\t<div class=\"elementor-spacer-inner\"><\/div>\n\t\t<\/div>\n\t\t\t\t<\/div>\n\t\t\t\t<\/div>\n\t\t            <\/div>\r\n        <\/div>\r\n        \t\t\t<\/div>\n\t\t<\/section>\n\t\t        <section class=\"elementor-section elementor-top-section elementor-element elementor-element-ea18c94 elementor-section-boxed elementor-section-height-default elementor-section-height-default pxl-type-header-none pxl-row-scroll-none pxl-bg-color-none pxl-section-overlay-none\" data-id=\"ea18c94\" data-element_type=\"section\">\n\n                \n                <div class=\"elementor-container elementor-column-gap-default \">\n                <div class=\"elementor-column elementor-col-100 elementor-top-column elementor-element elementor-element-6a627d6 pxl-col-none pxl-column-none\" data-id=\"6a627d6\" data-element_type=\"column\">\r\n        <div class=\"elementor-widget-wrap elementor-element-populated\">\r\n                     \r\n        \t\t<div class=\"elementor-element elementor-element-5310ce9 elementor-widget elementor-widget-heading\" data-id=\"5310ce9\" data-element_type=\"widget\" data-widget_type=\"heading.default\">\n\t\t\t\t<div class=\"elementor-widget-container\">\n\t\t\t<div id=\"pxl-heading-5310ce9-5038\" class=\"pxl-heading typewriter-color\">\n\t<div class=\"pxl-heading--inner\">\n\t\t\n\t\t\t\t\t<h3 class=\"pxl-item--title  highlight-default \" data-wow-delay=\"ms\">\n\t\t\t\tDescripci\u00f3 i experi\u00e8ncia\n\t\t\n\t\t\t<\/h3>\n\t\t\n\t\t\t<\/div>\n<\/div>\t\t<\/div>\n\t\t\t\t<\/div>\n\t\t\t\t<div class=\"elementor-element elementor-element-20870f5 elementor-widget elementor-widget-spacer\" data-id=\"20870f5\" data-element_type=\"widget\" data-widget_type=\"spacer.default\">\n\t\t\t\t<div class=\"elementor-widget-container\">\n\t\t\t\t\t<div class=\"elementor-spacer\">\n\t\t\t<div class=\"elementor-spacer-inner\"><\/div>\n\t\t<\/div>\n\t\t\t\t<\/div>\n\t\t\t\t<\/div>\n\t\t\t\t<div class=\"elementor-element elementor-element-661f0a8 elementor-widget elementor-widget-text-editor\" data-id=\"661f0a8\" data-element_type=\"widget\" data-widget_type=\"text-editor.default\">\n\t\t\t\t<div class=\"elementor-widget-container\">\n\t\t\t\t\t\t\t<p>La Carolina forma part de l\u2019equip financer de Mesas Trigo.<\/p><p>Est\u00e0 especialitzada en la gesti\u00f3 integral de la comptabilitat d\u2019empreses, tant a nivell nacional com internacional. Es centra a oferir solucions comptables eficients i adaptades a les necessitats espec\u00edfiques de cada client, amb l\u2019objectiu d\u2019optimitzar la gesti\u00f3 financera i complir amb la normativa comptable vigent.<\/p><p>Treballa estretament amb empreses de diferents sectors, ajudant-les a portar un control rigor\u00f3s de les seves operacions financeres, elaborant informes comptables detallats i proporcionant assessorament continu sobre les millors pr\u00e0ctiques en mat\u00e8ria de comptabilitat i auditoria.<\/p><p>La seva experi\u00e8ncia inclou la preparaci\u00f3 i presentaci\u00f3 d\u2019estats financers, la consolidaci\u00f3 de balan\u00e7os i la gesti\u00f3 d\u2019impostos, assegurant el compliment de les normatives nacionals i internacionals.<\/p>\t\t\t\t\t\t<\/div>\n\t\t\t\t<\/div>\n\t\t            <\/div>\r\n        <\/div>\r\n        \t\t\t<\/div>\n\t\t<\/section>\n\t\t        <section class=\"elementor-section elementor-top-section elementor-element elementor-element-754f656 elementor-section-boxed elementor-section-height-default elementor-section-height-default pxl-type-header-none pxl-row-scroll-none pxl-bg-color-none pxl-section-overlay-none\" data-id=\"754f656\" data-element_type=\"section\">\n\n                \n                <div class=\"elementor-container elementor-column-gap-default \">\n                <div class=\"elementor-column elementor-col-100 elementor-top-column elementor-element elementor-element-55cd9df pxl-col-none pxl-column-none\" data-id=\"55cd9df\" data-element_type=\"column\">\r\n        <div class=\"elementor-widget-wrap elementor-element-populated\">\r\n                     \r\n        \t\t<div class=\"elementor-element elementor-element-80632b1 elementor-widget elementor-widget-accordion\" data-id=\"80632b1\" data-element_type=\"widget\" data-widget_type=\"accordion.default\">\n\t\t\t\t<div class=\"elementor-widget-container\">\n\t\t\t    <div class=\"pxl-accordion pxl-accordion1 style8 \" data-wow-delay=\"ms\">\r\n                    <div class=\"pxl--item \">\r\n                <h3 class=\"pxl-item--title\" data-target=\"#accordion-80632b1-2100-5e70fd6\">\r\n                                        <span class=\"pxl-title--text\">Educaci\u00f3<\/span>\r\n                    <i class=\"pxl-icon--plus\"><\/i>\r\n                <\/h3>\r\n                <div id=\"accordion-80632b1-2100-5e70fd6\" class=\"pxl-item--content\" >Grau en Administraci\u00f3 i Direcci\u00f3 d\u2019Empreses, Universitat d\u2019Andorra, Andorra (2018)<br \/>\n<br \/>\nDPA en Administraci\u00f3 i Finances, Universitat d\u2019Andorra, Andorra (2014)<\/div>\r\n            <\/div>\r\n                    <div class=\"pxl--item \">\r\n                <h3 class=\"pxl-item--title\" data-target=\"#accordion-80632b1-2100-847216b\">\r\n                                        <span class=\"pxl-title--text\">Idiomes<\/span>\r\n                    <i class=\"pxl-icon--plus\"><\/i>\r\n                <\/h3>\r\n                <div id=\"accordion-80632b1-2100-847216b\" class=\"pxl-item--content\" >Espanyol<br \/>\n<br \/>\nCatal\u00e0<br \/>\n<br \/>\nFranc\u00e8s<br \/>\n<br \/>\nAngl\u00e8s<\/div>\r\n            <\/div>\r\n            <\/div>\r\n\t\t<\/div>\n\t\t\t\t<\/div>\n\t\t            <\/div>\r\n        <\/div>\r\n        \t\t\t<\/div>\n\t\t<\/section>\n\t\t\t\t<\/div>\n\t\t","protected":false},"excerpt":{"rendered":"<p>Carolina Latino Navarro Assessora comptable Linkedin Descripci\u00f3 i experi\u00e8ncia La Carolina forma part de l\u2019equip financer de Mesas Trigo. Est\u00e0 especialitzada en la gesti\u00f3 integral de la comptabilitat d\u2019empreses, tant a nivell nacional com internacional. Es centra a oferir solucions comptables eficients i adaptades a les necessitats espec\u00edfiques de cada client, amb l\u2019objectiu d\u2019optimitzar la [&hellip;]<\/p>\n","protected":false},"author":3,"featured_media":0,"parent":0,"menu_order":0,"comment_status":"closed","ping_status":"closed","template":"","meta":{"footnotes":""},"class_list":["post-1065","page","type-page","status-publish","hentry"],"yoast_head":"<!-- This site is optimized with the Yoast SEO Premium plugin v25.3 (Yoast SEO v25.3) - https:\/\/yoast.com\/wordpress\/plugins\/seo\/ -->\n<title>Carolina Latino Navarro - Mesas Trigo Economistes<\/title>\n<meta name=\"robots\" content=\"index, follow, max-snippet:-1, max-image-preview:large, max-video-preview:-1\" \/>\n<link rel=\"canonical\" href=\"https:\/\/www.mesastrigoeconomistes.com\/ca\/carolina-latino-navarro\/\" \/>\n<meta property=\"og:locale\" content=\"ca_ES\" \/>\n<meta property=\"og:type\" content=\"article\" \/>\n<meta property=\"og:title\" content=\"Carolina Latino Navarro\" \/>\n<meta property=\"og:description\" content=\"Carolina Latino Navarro Assessora comptable Linkedin Descripci\u00f3 i experi\u00e8ncia La Carolina forma part de l\u2019equip financer de Mesas Trigo. Est\u00e0 especialitzada en la gesti\u00f3 integral de la comptabilitat d\u2019empreses, tant a nivell nacional com internacional. Es centra a oferir solucions comptables eficients i adaptades a les necessitats espec\u00edfiques de cada client, amb l\u2019objectiu d\u2019optimitzar la [&hellip;]\" \/>\n<meta property=\"og:url\" content=\"https:\/\/www.mesastrigoeconomistes.com\/ca\/carolina-latino-navarro\/\" \/>\n<meta property=\"og:site_name\" content=\"Mesas Trigo Economistes\" \/>\n<meta property=\"article:modified_time\" content=\"2025-07-07T07:58:58+00:00\" \/>\n<meta property=\"og:image\" content=\"http:\/\/www.mesastrigoeconomistes.com\/wp-content\/uploads\/sites\/3\/2025\/03\/Carolina.png\" \/>\n<meta name=\"twitter:card\" content=\"summary_large_image\" \/>\n<meta name=\"twitter:label1\" content=\"Temps estimat de lectura\" \/>\n\t<meta name=\"twitter:data1\" content=\"2 minuts\" \/>\n<script type=\"application\/ld+json\" class=\"yoast-schema-graph\">{\"@context\":\"https:\/\/schema.org\",\"@graph\":[{\"@type\":\"WebPage\",\"@id\":\"https:\/\/www.mesastrigoeconomistes.com\/ca\/carolina-latino-navarro\/\",\"url\":\"https:\/\/www.mesastrigoeconomistes.com\/ca\/carolina-latino-navarro\/\",\"name\":\"Carolina Latino Navarro - Mesas Trigo Economistes\",\"isPartOf\":{\"@id\":\"https:\/\/www.mesastrigoeconomistes.com\/#website\"},\"primaryImageOfPage\":{\"@id\":\"https:\/\/www.mesastrigoeconomistes.com\/ca\/carolina-latino-navarro\/#primaryimage\"},\"image\":{\"@id\":\"https:\/\/www.mesastrigoeconomistes.com\/ca\/carolina-latino-navarro\/#primaryimage\"},\"thumbnailUrl\":\"http:\/\/www.mesastrigoeconomistes.com\/wp-content\/uploads\/sites\/3\/2025\/03\/Carolina.png\",\"datePublished\":\"2024-12-02T07:45:55+00:00\",\"dateModified\":\"2025-07-07T07:58:58+00:00\",\"breadcrumb\":{\"@id\":\"https:\/\/www.mesastrigoeconomistes.com\/ca\/carolina-latino-navarro\/#breadcrumb\"},\"inLanguage\":\"ca\",\"potentialAction\":[{\"@type\":\"ReadAction\",\"target\":[\"https:\/\/www.mesastrigoeconomistes.com\/ca\/carolina-latino-navarro\/\"]}]},{\"@type\":\"ImageObject\",\"inLanguage\":\"ca\",\"@id\":\"https:\/\/www.mesastrigoeconomistes.com\/ca\/carolina-latino-navarro\/#primaryimage\",\"url\":\"http:\/\/www.mesastrigoeconomistes.com\/wp-content\/uploads\/sites\/3\/2025\/03\/Carolina.png\",\"contentUrl\":\"http:\/\/www.mesastrigoeconomistes.com\/wp-content\/uploads\/sites\/3\/2025\/03\/Carolina.png\"},{\"@type\":\"BreadcrumbList\",\"@id\":\"https:\/\/www.mesastrigoeconomistes.com\/ca\/carolina-latino-navarro\/#breadcrumb\",\"itemListElement\":[{\"@type\":\"ListItem\",\"position\":1,\"name\":\"Portada\",\"item\":\"https:\/\/www.mesastrigoeconomistes.com\/\"},{\"@type\":\"ListItem\",\"position\":2,\"name\":\"Carolina Latino Navarro\"}]},{\"@type\":\"WebSite\",\"@id\":\"https:\/\/www.mesastrigoeconomistes.com\/#website\",\"url\":\"https:\/\/www.mesastrigoeconomistes.com\/\",\"name\":\"Mesas Trigo Economistes\",\"description\":\"Despacho de economistas en Andorra\",\"potentialAction\":[{\"@type\":\"SearchAction\",\"target\":{\"@type\":\"EntryPoint\",\"urlTemplate\":\"https:\/\/www.mesastrigoeconomistes.com\/?s={search_term_string}\"},\"query-input\":{\"@type\":\"PropertyValueSpecification\",\"valueRequired\":true,\"valueName\":\"search_term_string\"}}],\"inLanguage\":\"ca\"}]}<\/script>\n<!-- \/ Yoast SEO Premium plugin. -->","yoast_head_json":{"title":"Carolina Latino Navarro - Mesas Trigo Economistes","robots":{"index":"index","follow":"follow","max-snippet":"max-snippet:-1","max-image-preview":"max-image-preview:large","max-video-preview":"max-video-preview:-1"},"canonical":"https:\/\/www.mesastrigoeconomistes.com\/ca\/carolina-latino-navarro\/","og_locale":"ca_ES","og_type":"article","og_title":"Carolina Latino Navarro","og_description":"Carolina Latino Navarro Assessora comptable Linkedin Descripci\u00f3 i experi\u00e8ncia La Carolina forma part de l\u2019equip financer de Mesas Trigo. Est\u00e0 especialitzada en la gesti\u00f3 integral de la comptabilitat d\u2019empreses, tant a nivell nacional com internacional. Es centra a oferir solucions comptables eficients i adaptades a les necessitats espec\u00edfiques de cada client, amb l\u2019objectiu d\u2019optimitzar la [&hellip;]","og_url":"https:\/\/www.mesastrigoeconomistes.com\/ca\/carolina-latino-navarro\/","og_site_name":"Mesas Trigo Economistes","article_modified_time":"2025-07-07T07:58:58+00:00","og_image":[{"url":"http:\/\/www.mesastrigoeconomistes.com\/wp-content\/uploads\/sites\/3\/2025\/03\/Carolina.png","type":"","width":"","height":""}],"twitter_card":"summary_large_image","twitter_misc":{"Temps estimat de lectura":"2 minuts"},"schema":{"@context":"https:\/\/schema.org","@graph":[{"@type":"WebPage","@id":"https:\/\/www.mesastrigoeconomistes.com\/ca\/carolina-latino-navarro\/","url":"https:\/\/www.mesastrigoeconomistes.com\/ca\/carolina-latino-navarro\/","name":"Carolina Latino Navarro - Mesas Trigo Economistes","isPartOf":{"@id":"https:\/\/www.mesastrigoeconomistes.com\/#website"},"primaryImageOfPage":{"@id":"https:\/\/www.mesastrigoeconomistes.com\/ca\/carolina-latino-navarro\/#primaryimage"},"image":{"@id":"https:\/\/www.mesastrigoeconomistes.com\/ca\/carolina-latino-navarro\/#primaryimage"},"thumbnailUrl":"http:\/\/www.mesastrigoeconomistes.com\/wp-content\/uploads\/sites\/3\/2025\/03\/Carolina.png","datePublished":"2024-12-02T07:45:55+00:00","dateModified":"2025-07-07T07:58:58+00:00","breadcrumb":{"@id":"https:\/\/www.mesastrigoeconomistes.com\/ca\/carolina-latino-navarro\/#breadcrumb"},"inLanguage":"ca","potentialAction":[{"@type":"ReadAction","target":["https:\/\/www.mesastrigoeconomistes.com\/ca\/carolina-latino-navarro\/"]}]},{"@type":"ImageObject","inLanguage":"ca","@id":"https:\/\/www.mesastrigoeconomistes.com\/ca\/carolina-latino-navarro\/#primaryimage","url":"http:\/\/www.mesastrigoeconomistes.com\/wp-content\/uploads\/sites\/3\/2025\/03\/Carolina.png","contentUrl":"http:\/\/www.mesastrigoeconomistes.com\/wp-content\/uploads\/sites\/3\/2025\/03\/Carolina.png"},{"@type":"BreadcrumbList","@id":"https:\/\/www.mesastrigoeconomistes.com\/ca\/carolina-latino-navarro\/#breadcrumb","itemListElement":[{"@type":"ListItem","position":1,"name":"Portada","item":"https:\/\/www.mesastrigoeconomistes.com\/"},{"@type":"ListItem","position":2,"name":"Carolina Latino Navarro"}]},{"@type":"WebSite","@id":"https:\/\/www.mesastrigoeconomistes.com\/#website","url":"https:\/\/www.mesastrigoeconomistes.com\/","name":"Mesas Trigo Economistes","description":"Despacho de economistas en Andorra","potentialAction":[{"@type":"SearchAction","target":{"@type":"EntryPoint","urlTemplate":"https:\/\/www.mesastrigoeconomistes.com\/?s={search_term_string}"},"query-input":{"@type":"PropertyValueSpecification","valueRequired":true,"valueName":"search_term_string"}}],"inLanguage":"ca"}]}},"_links":{"self":[{"href":"https:\/\/www.mesastrigoeconomistes.com\/ca\/wp-json\/wp\/v2\/pages\/1065","targetHints":{"allow":["GET"]}}],"collection":[{"href":"https:\/\/www.mesastrigoeconomistes.com\/ca\/wp-json\/wp\/v2\/pages"}],"about":[{"href":"https:\/\/www.mesastrigoeconomistes.com\/ca\/wp-json\/wp\/v2\/types\/page"}],"author":[{"embeddable":true,"href":"https:\/\/www.mesastrigoeconomistes.com\/ca\/wp-json\/wp\/v2\/users\/3"}],"replies":[{"embeddable":true,"href":"https:\/\/www.mesastrigoeconomistes.com\/ca\/wp-json\/wp\/v2\/comments?post=1065"}],"version-history":[{"count":12,"href":"https:\/\/www.mesastrigoeconomistes.com\/ca\/wp-json\/wp\/v2\/pages\/1065\/revisions"}],"predecessor-version":[{"id":2026,"href":"https:\/\/www.mesastrigoeconomistes.com\/ca\/wp-json\/wp\/v2\/pages\/1065\/revisions\/2026"}],"wp:attachment":[{"href":"https:\/\/www.mesastrigoeconomistes.com\/ca\/wp-json\/wp\/v2\/media?parent=1065"}],"curies":[{"name":"wp","href":"https:\/\/api.w.org\/{rel}","templated":true}]}}