{"id":1047,"date":"2024-12-02T08:36:11","date_gmt":"2024-12-02T07:36:11","guid":{"rendered":"https:\/\/www.mesastrigoeconomistes.com\/carlos-mesas-tapia\/"},"modified":"2025-07-07T09:58:48","modified_gmt":"2025-07-07T07:58:48","slug":"carlos-mesas-tapia","status":"publish","type":"page","link":"https:\/\/www.mesastrigoeconomistes.com\/ca\/carlos-mesas-tapia\/","title":{"rendered":"Carlos Mesas Tapia"},"content":{"rendered":"\t\t<div data-elementor-type=\"wp-page\" data-elementor-id=\"1047\" class=\"elementor elementor-1047 elementor-15\">\n\t\t\t\t        <section class=\"elementor-section elementor-top-section elementor-element elementor-element-90c6b55 elementor-section-boxed elementor-section-height-default elementor-section-height-default pxl-type-header-none pxl-row-scroll-none pxl-bg-color-none pxl-section-overlay-none\" data-id=\"90c6b55\" data-element_type=\"section\" data-settings=\"{&quot;background_background&quot;:&quot;classic&quot;}\">\n\n                \n                <div class=\"elementor-container elementor-column-gap-default \">\n                <div class=\"elementor-column elementor-col-50 elementor-top-column elementor-element elementor-element-8c3fa7d pxl-col-none pxl-column-none\" data-id=\"8c3fa7d\" data-element_type=\"column\">\r\n        <div class=\"elementor-widget-wrap elementor-element-populated\">\r\n                     \r\n        \t\t<div class=\"elementor-element elementor-element-381c09a elementor-widget elementor-widget-spacer\" data-id=\"381c09a\" data-element_type=\"widget\" data-widget_type=\"spacer.default\">\n\t\t\t\t<div class=\"elementor-widget-container\">\n\t\t\t\t\t<div class=\"elementor-spacer\">\n\t\t\t<div class=\"elementor-spacer-inner\"><\/div>\n\t\t<\/div>\n\t\t\t\t<\/div>\n\t\t\t\t<\/div>\n\t\t\t\t<div class=\"elementor-element elementor-element-ad47a78 elementor-widget elementor-widget-pxl_image\" data-id=\"ad47a78\" data-element_type=\"widget\" data-widget_type=\"pxl_image.default\">\n\t\t\t\t<div class=\"elementor-widget-container\">\n\t\t\t<div id=\"pxl_image-ad47a78-1830\" class=\"pxl-image-single  shape-gradient-left \" data-wow-delay=\"ms\" >\r\n    \r\n                        <div class=\"pxl-item--inner\">\r\n                                            <img fetchpriority=\"high\" decoding=\"async\" width=\"364\" height=\"370\" src=\"https:\/\/www.mesastrigoeconomistes.com\/wp-content\/uploads\/sites\/3\/2025\/03\/Carlos.png\" class=\"no-lazyload attachment-full\" alt=\"\" \/>                                    <\/div>\r\n                \r\n    <\/div>\t\t<\/div>\n\t\t\t\t<\/div>\n\t\t\t\t<div class=\"elementor-element elementor-element-5ec5283 elementor-widget elementor-widget-spacer\" data-id=\"5ec5283\" data-element_type=\"widget\" data-widget_type=\"spacer.default\">\n\t\t\t\t<div class=\"elementor-widget-container\">\n\t\t\t\t\t<div class=\"elementor-spacer\">\n\t\t\t<div class=\"elementor-spacer-inner\"><\/div>\n\t\t<\/div>\n\t\t\t\t<\/div>\n\t\t\t\t<\/div>\n\t\t            <\/div>\r\n        <\/div>\r\n                <div class=\"elementor-column elementor-col-50 elementor-top-column elementor-element elementor-element-6a89d12 pxl-col-none pxl-column-none\" data-id=\"6a89d12\" data-element_type=\"column\">\r\n        <div class=\"elementor-widget-wrap elementor-element-populated\">\r\n                     \r\n        \t\t<div class=\"elementor-element elementor-element-0ba5cde elementor-widget elementor-widget-spacer\" data-id=\"0ba5cde\" data-element_type=\"widget\" data-widget_type=\"spacer.default\">\n\t\t\t\t<div class=\"elementor-widget-container\">\n\t\t\t\t\t<div class=\"elementor-spacer\">\n\t\t\t<div class=\"elementor-spacer-inner\"><\/div>\n\t\t<\/div>\n\t\t\t\t<\/div>\n\t\t\t\t<\/div>\n\t\t\t\t<div class=\"elementor-element elementor-element-2c98449 elementor-widget elementor-widget-team_single\" data-id=\"2c98449\" data-element_type=\"widget\" data-widget_type=\"team_single.default\">\n\t\t\t\t<div class=\"elementor-widget-container\">\n\t\t\t<div class=\"pxl-team-single pxl-team-single1 \" data-wow-delay=\"ms\">\r\n    <div class=\"pxl-item--inner\">\r\n                <div class=\"pxl-item--holder\">\r\n            <h4 class=\"pxl-item--title el-empty\">Carlos Mesas Tapia<\/h4>\r\n            <div class=\"pxl-item--position el-empty\"><\/div>\r\n            <div class=\"pxl-item--description el-empty\">Soci fundador<\/div>\r\n        <\/div>\r\n    <\/div>\r\n<\/div>\t\t<\/div>\n\t\t\t\t<\/div>\n\t\t        <section class=\"elementor-section elementor-inner-section elementor-element elementor-element-8455154 elementor-section-boxed elementor-section-height-default elementor-section-height-default pxl-type-header-none pxl-row-scroll-none pxl-bg-color-none pxl-section-overlay-none\" data-id=\"8455154\" data-element_type=\"section\">\n\n                \n                <div class=\"elementor-container elementor-column-gap-default \">\n                <div class=\"elementor-column elementor-col-50 elementor-inner-column elementor-element elementor-element-07620a8 pxl-col-none pxl-column-none\" data-id=\"07620a8\" data-element_type=\"column\">\r\n        <div class=\"elementor-widget-wrap elementor-element-populated\">\r\n                     \r\n        \t\t<div class=\"elementor-element elementor-element-5dc95f3 elementor-shape-square e-grid-align-left elementor-widget__width-initial elementor-grid-0 elementor-widget elementor-widget-social-icons\" data-id=\"5dc95f3\" data-element_type=\"widget\" data-widget_type=\"social-icons.default\">\n\t\t\t\t<div class=\"elementor-widget-container\">\n\t\t\t\t\t<div class=\"elementor-social-icons-wrapper elementor-grid\">\n\t\t\t\t\t\t\t<span class=\"elementor-grid-item\">\n\t\t\t\t\t<a class=\"elementor-icon elementor-social-icon elementor-social-icon-linkedin elementor-repeater-item-b2ecd59\" href=\"https:\/\/www.linkedin.com\/in\/carlos-mesas-abb64725\/\" target=\"_blank\">\n\t\t\t\t\t\t<span class=\"elementor-screen-only\">Linkedin<\/span>\n\t\t\t\t\t\t<i class=\"fab fa-linkedin\"><\/i>\t\t\t\t\t<\/a>\n\t\t\t\t<\/span>\n\t\t\t\t\t<\/div>\n\t\t\t\t<\/div>\n\t\t\t\t<\/div>\n\t\t            <\/div>\r\n        <\/div>\r\n                <div class=\"elementor-column elementor-col-50 elementor-inner-column elementor-element elementor-element-c48026d pxl-col-none pxl-column-none\" data-id=\"c48026d\" data-element_type=\"column\">\r\n        <div class=\"elementor-widget-wrap\">\r\n                     \r\n                    <\/div>\r\n        <\/div>\r\n        \t\t\t<\/div>\n\t\t<\/section>\n\t\t\t\t<div class=\"elementor-element elementor-element-07ba64b elementor-widget elementor-widget-spacer\" data-id=\"07ba64b\" data-element_type=\"widget\" data-widget_type=\"spacer.default\">\n\t\t\t\t<div class=\"elementor-widget-container\">\n\t\t\t\t\t<div class=\"elementor-spacer\">\n\t\t\t<div class=\"elementor-spacer-inner\"><\/div>\n\t\t<\/div>\n\t\t\t\t<\/div>\n\t\t\t\t<\/div>\n\t\t            <\/div>\r\n        <\/div>\r\n        \t\t\t<\/div>\n\t\t<\/section>\n\t\t        <section class=\"elementor-section elementor-top-section elementor-element elementor-element-a9eff7f elementor-section-boxed elementor-section-height-default elementor-section-height-default pxl-type-header-none pxl-row-scroll-none pxl-bg-color-none pxl-section-overlay-none\" data-id=\"a9eff7f\" data-element_type=\"section\">\n\n                \n                <div class=\"elementor-container elementor-column-gap-default \">\n                <div class=\"elementor-column elementor-col-100 elementor-top-column elementor-element elementor-element-8655b73 pxl-col-none pxl-column-none\" data-id=\"8655b73\" data-element_type=\"column\">\r\n        <div class=\"elementor-widget-wrap elementor-element-populated\">\r\n                     \r\n        \t\t<div class=\"elementor-element elementor-element-9d89456 elementor-widget elementor-widget-spacer\" data-id=\"9d89456\" data-element_type=\"widget\" data-widget_type=\"spacer.default\">\n\t\t\t\t<div class=\"elementor-widget-container\">\n\t\t\t\t\t<div class=\"elementor-spacer\">\n\t\t\t<div class=\"elementor-spacer-inner\"><\/div>\n\t\t<\/div>\n\t\t\t\t<\/div>\n\t\t\t\t<\/div>\n\t\t            <\/div>\r\n        <\/div>\r\n        \t\t\t<\/div>\n\t\t<\/section>\n\t\t        <section class=\"elementor-section elementor-top-section elementor-element elementor-element-aadee0d elementor-section-boxed elementor-section-height-default elementor-section-height-default pxl-type-header-none pxl-row-scroll-none pxl-bg-color-none pxl-section-overlay-none\" data-id=\"aadee0d\" data-element_type=\"section\">\n\n                \n                <div class=\"elementor-container elementor-column-gap-default \">\n                <div class=\"elementor-column elementor-col-100 elementor-top-column elementor-element elementor-element-e034332 pxl-col-none pxl-column-none\" data-id=\"e034332\" data-element_type=\"column\">\r\n        <div class=\"elementor-widget-wrap elementor-element-populated\">\r\n                     \r\n        \t\t<div class=\"elementor-element elementor-element-13bc42e elementor-widget elementor-widget-heading\" data-id=\"13bc42e\" data-element_type=\"widget\" data-widget_type=\"heading.default\">\n\t\t\t\t<div class=\"elementor-widget-container\">\n\t\t\t<div id=\"pxl-heading-13bc42e-3954\" class=\"pxl-heading typewriter-color\">\n\t<div class=\"pxl-heading--inner\">\n\t\t\n\t\t\t\t\t<h3 class=\"pxl-item--title  highlight-default \" data-wow-delay=\"ms\">\n\t\t\t\tDescripci\u00f3 i experi\u00e8ncia\t\t\n\t\t\t<\/h3>\n\t\t\n\t\t\t<\/div>\n<\/div>\t\t<\/div>\n\t\t\t\t<\/div>\n\t\t\t\t<div class=\"elementor-element elementor-element-44a7d85 elementor-widget elementor-widget-spacer\" data-id=\"44a7d85\" data-element_type=\"widget\" data-widget_type=\"spacer.default\">\n\t\t\t\t<div class=\"elementor-widget-container\">\n\t\t\t\t\t<div class=\"elementor-spacer\">\n\t\t\t<div class=\"elementor-spacer-inner\"><\/div>\n\t\t<\/div>\n\t\t\t\t<\/div>\n\t\t\t\t<\/div>\n\t\t\t\t<div class=\"elementor-element elementor-element-48ade1b elementor-widget elementor-widget-text-editor\" data-id=\"48ade1b\" data-element_type=\"widget\" data-widget_type=\"text-editor.default\">\n\t\t\t\t<div class=\"elementor-widget-container\">\n\t\t\t\t\t\t\t<p data-start=\"0\" data-end=\"290\">Carlos \u00e9s soci de Mesas Trigo, despatx que va cofundar l\u2019any 2014, i codirigeix el grup d\u2019auditoria i finances d\u2019Andorra. La seva traject\u00f2ria professional va comen\u00e7ar l\u2019any 2011, a Espanya, i abans de cofundar Mesas Trigo va desenvolupar la major part de la seva carrera en un grup auditor.<\/p><p data-start=\"292\" data-end=\"597\">Est\u00e0 especialitzat en l\u2019assessorament a clients privats, tant nacionals com internacionals. T\u00e9 una \u00e0mplia experi\u00e8ncia en gesti\u00f3 empresarial, normes internacionals de comptabilitat i auditoria. Ha participat en diverses reestructuracions empresarials, inversions immobili\u00e0ries i operacions de capital risc.<\/p><p data-start=\"599\" data-end=\"817\" data-is-last-node=\"\" data-is-only-node=\"\">En Carlos presta regularment assessorament especialitzat a entitats del sector de la gesti\u00f3 de patrimonis, com ara entitats financeres, companyies d\u2019assegurances, gestores d\u2019actius i prove\u00efdors de serveis empresarials.<\/p>\t\t\t\t\t\t<\/div>\n\t\t\t\t<\/div>\n\t\t            <\/div>\r\n        <\/div>\r\n        \t\t\t<\/div>\n\t\t<\/section>\n\t\t        <section class=\"elementor-section elementor-top-section elementor-element elementor-element-c5ee0e9 elementor-section-boxed elementor-section-height-default elementor-section-height-default pxl-type-header-none pxl-row-scroll-none pxl-bg-color-none pxl-section-overlay-none\" data-id=\"c5ee0e9\" data-element_type=\"section\">\n\n                \n                <div class=\"elementor-container elementor-column-gap-default \">\n                <div class=\"elementor-column elementor-col-100 elementor-top-column elementor-element elementor-element-ba9c7e9 pxl-col-none pxl-column-none\" data-id=\"ba9c7e9\" data-element_type=\"column\">\r\n        <div class=\"elementor-widget-wrap elementor-element-populated\">\r\n                     \r\n        \t\t<div class=\"elementor-element elementor-element-fcdaae5 elementor-widget elementor-widget-accordion\" data-id=\"fcdaae5\" data-element_type=\"widget\" data-widget_type=\"accordion.default\">\n\t\t\t\t<div class=\"elementor-widget-container\">\n\t\t\t    <div class=\"pxl-accordion pxl-accordion1 style8 \" data-wow-delay=\"ms\">\r\n                    <div class=\"pxl--item \">\r\n                <h3 class=\"pxl-item--title\" data-target=\"#accordion-fcdaae5-2775-bf7b7ae\">\r\n                                        <span class=\"pxl-title--text\">Educaci\u00f3<\/span>\r\n                    <i class=\"pxl-icon--plus\"><\/i>\r\n                <\/h3>\r\n                <div id=\"accordion-fcdaae5-2775-bf7b7ae\" class=\"pxl-item--content\" >Especialitzaci\u00f3 en Administraci\u00f3 Concursal, Universitat Abat Oliba CEU, Espanya (2013)<br \/>\n<br \/>\nEspecialitzaci\u00f3 en Mediaci\u00f3 Civil i <br \/>\nMercantil, Universitat de Lleida, Espanya (2012)<br \/>\n<br \/>\nLlicenciatura en Administraci\u00f3 i Direcci\u00f3 d\u2019Empreses, Universitat Internacional de Catalunya, Espanya (2008)<\/div>\r\n            <\/div>\r\n                    <div class=\"pxl--item \">\r\n                <h3 class=\"pxl-item--title\" data-target=\"#accordion-fcdaae5-2775-9dfbd3b\">\r\n                                        <span class=\"pxl-title--text\">\u00c0rees de pr\u00e0ctica<\/span>\r\n                    <i class=\"pxl-icon--plus\"><\/i>\r\n                <\/h3>\r\n                <div id=\"accordion-fcdaae5-2775-9dfbd3b\" class=\"pxl-item--content\" >Gesti\u00f3 financera<br \/>\n<br \/>\nAuditoria<br \/>\n<br \/>\nReorganitzaci\u00f3 patrimonial i protecci\u00f3 d\u2019actius<br \/>\n<br \/>\nImmobiliari i capital risc<\/div>\r\n            <\/div>\r\n                    <div class=\"pxl--item \">\r\n                <h3 class=\"pxl-item--title\" data-target=\"#accordion-fcdaae5-2775-f9d07b7\">\r\n                                        <span class=\"pxl-title--text\">Associacions professionals i membresies<\/span>\r\n                    <i class=\"pxl-icon--plus\"><\/i>\r\n                <\/h3>\r\n                <div id=\"accordion-fcdaae5-2775-f9d07b7\" class=\"pxl-item--content\" >Membre del Col\u00b7legi Oficial d\u2019Economistes d\u2019Andorra<br \/>\n<br \/>\nMembre del Col\u00b7legi d\u2019Economistes de Catalunya<\/div>\r\n            <\/div>\r\n                    <div class=\"pxl--item \">\r\n                <h3 class=\"pxl-item--title\" data-target=\"#accordion-fcdaae5-2775-868523c\">\r\n                                        <span class=\"pxl-title--text\">Idiomes<\/span>\r\n                    <i class=\"pxl-icon--plus\"><\/i>\r\n                <\/h3>\r\n                <div id=\"accordion-fcdaae5-2775-868523c\" class=\"pxl-item--content\" >Castell\u00e0<br \/>\n<br \/>\nCatal\u00e0<br \/>\n<br \/>\nAngl\u00e8s<br \/>\n<br \/>\nFranc\u00e8s<\/div>\r\n            <\/div>\r\n            <\/div>\r\n\t\t<\/div>\n\t\t\t\t<\/div>\n\t\t            <\/div>\r\n        <\/div>\r\n        \t\t\t<\/div>\n\t\t<\/section>\n\t\t\t\t<\/div>\n\t\t","protected":false},"excerpt":{"rendered":"<p>Carlos Mesas Tapia Soci fundador Linkedin Descripci\u00f3 i experi\u00e8ncia Carlos \u00e9s soci de Mesas Trigo, despatx que va cofundar l\u2019any 2014, i codirigeix el grup d\u2019auditoria i finances d\u2019Andorra. La seva traject\u00f2ria professional va comen\u00e7ar l\u2019any 2011, a Espanya, i abans de cofundar Mesas Trigo va desenvolupar la major part de la seva carrera en [&hellip;]<\/p>\n","protected":false},"author":3,"featured_media":0,"parent":0,"menu_order":0,"comment_status":"closed","ping_status":"closed","template":"","meta":{"footnotes":""},"class_list":["post-1047","page","type-page","status-publish","hentry"],"yoast_head":"<!-- This site is optimized with the Yoast SEO Premium plugin v25.3 (Yoast SEO v25.3) - https:\/\/yoast.com\/wordpress\/plugins\/seo\/ -->\n<title>Carlos Mesas Tapia - Mesas Trigo Economistes<\/title>\n<meta name=\"robots\" content=\"index, follow, max-snippet:-1, max-image-preview:large, max-video-preview:-1\" \/>\n<link rel=\"canonical\" href=\"https:\/\/www.mesastrigoeconomistes.com\/ca\/carlos-mesas-tapia\/\" \/>\n<meta property=\"og:locale\" content=\"ca_ES\" \/>\n<meta property=\"og:type\" content=\"article\" \/>\n<meta property=\"og:title\" content=\"Carlos Mesas Tapia\" \/>\n<meta property=\"og:description\" content=\"Carlos Mesas Tapia Soci fundador Linkedin Descripci\u00f3 i experi\u00e8ncia Carlos \u00e9s soci de Mesas Trigo, despatx que va cofundar l\u2019any 2014, i codirigeix el grup d\u2019auditoria i finances d\u2019Andorra. La seva traject\u00f2ria professional va comen\u00e7ar l\u2019any 2011, a Espanya, i abans de cofundar Mesas Trigo va desenvolupar la major part de la seva carrera en [&hellip;]\" \/>\n<meta property=\"og:url\" content=\"https:\/\/www.mesastrigoeconomistes.com\/ca\/carlos-mesas-tapia\/\" \/>\n<meta property=\"og:site_name\" content=\"Mesas Trigo Economistes\" \/>\n<meta property=\"article:modified_time\" content=\"2025-07-07T07:58:48+00:00\" \/>\n<meta property=\"og:image\" content=\"http:\/\/www.mesastrigoeconomistes.com\/wp-content\/uploads\/sites\/3\/2025\/03\/Carlos.png\" \/>\n<meta name=\"twitter:card\" content=\"summary_large_image\" \/>\n<meta name=\"twitter:label1\" content=\"Temps estimat de lectura\" \/>\n\t<meta name=\"twitter:data1\" content=\"2 minuts\" \/>\n<script type=\"application\/ld+json\" class=\"yoast-schema-graph\">{\"@context\":\"https:\/\/schema.org\",\"@graph\":[{\"@type\":\"WebPage\",\"@id\":\"https:\/\/www.mesastrigoeconomistes.com\/ca\/carlos-mesas-tapia\/\",\"url\":\"https:\/\/www.mesastrigoeconomistes.com\/ca\/carlos-mesas-tapia\/\",\"name\":\"Carlos Mesas Tapia - Mesas Trigo Economistes\",\"isPartOf\":{\"@id\":\"https:\/\/www.mesastrigoeconomistes.com\/#website\"},\"primaryImageOfPage\":{\"@id\":\"https:\/\/www.mesastrigoeconomistes.com\/ca\/carlos-mesas-tapia\/#primaryimage\"},\"image\":{\"@id\":\"https:\/\/www.mesastrigoeconomistes.com\/ca\/carlos-mesas-tapia\/#primaryimage\"},\"thumbnailUrl\":\"http:\/\/www.mesastrigoeconomistes.com\/wp-content\/uploads\/sites\/3\/2025\/03\/Carlos.png\",\"datePublished\":\"2024-12-02T07:36:11+00:00\",\"dateModified\":\"2025-07-07T07:58:48+00:00\",\"breadcrumb\":{\"@id\":\"https:\/\/www.mesastrigoeconomistes.com\/ca\/carlos-mesas-tapia\/#breadcrumb\"},\"inLanguage\":\"ca\",\"potentialAction\":[{\"@type\":\"ReadAction\",\"target\":[\"https:\/\/www.mesastrigoeconomistes.com\/ca\/carlos-mesas-tapia\/\"]}]},{\"@type\":\"ImageObject\",\"inLanguage\":\"ca\",\"@id\":\"https:\/\/www.mesastrigoeconomistes.com\/ca\/carlos-mesas-tapia\/#primaryimage\",\"url\":\"http:\/\/www.mesastrigoeconomistes.com\/wp-content\/uploads\/sites\/3\/2025\/03\/Carlos.png\",\"contentUrl\":\"http:\/\/www.mesastrigoeconomistes.com\/wp-content\/uploads\/sites\/3\/2025\/03\/Carlos.png\"},{\"@type\":\"BreadcrumbList\",\"@id\":\"https:\/\/www.mesastrigoeconomistes.com\/ca\/carlos-mesas-tapia\/#breadcrumb\",\"itemListElement\":[{\"@type\":\"ListItem\",\"position\":1,\"name\":\"Portada\",\"item\":\"https:\/\/www.mesastrigoeconomistes.com\/\"},{\"@type\":\"ListItem\",\"position\":2,\"name\":\"Carlos Mesas Tapia\"}]},{\"@type\":\"WebSite\",\"@id\":\"https:\/\/www.mesastrigoeconomistes.com\/#website\",\"url\":\"https:\/\/www.mesastrigoeconomistes.com\/\",\"name\":\"Mesas Trigo Economistes\",\"description\":\"Despacho de economistas en Andorra\",\"potentialAction\":[{\"@type\":\"SearchAction\",\"target\":{\"@type\":\"EntryPoint\",\"urlTemplate\":\"https:\/\/www.mesastrigoeconomistes.com\/?s={search_term_string}\"},\"query-input\":{\"@type\":\"PropertyValueSpecification\",\"valueRequired\":true,\"valueName\":\"search_term_string\"}}],\"inLanguage\":\"ca\"}]}<\/script>\n<!-- \/ Yoast SEO Premium plugin. -->","yoast_head_json":{"title":"Carlos Mesas Tapia - Mesas Trigo Economistes","robots":{"index":"index","follow":"follow","max-snippet":"max-snippet:-1","max-image-preview":"max-image-preview:large","max-video-preview":"max-video-preview:-1"},"canonical":"https:\/\/www.mesastrigoeconomistes.com\/ca\/carlos-mesas-tapia\/","og_locale":"ca_ES","og_type":"article","og_title":"Carlos Mesas Tapia","og_description":"Carlos Mesas Tapia Soci fundador Linkedin Descripci\u00f3 i experi\u00e8ncia Carlos \u00e9s soci de Mesas Trigo, despatx que va cofundar l\u2019any 2014, i codirigeix el grup d\u2019auditoria i finances d\u2019Andorra. La seva traject\u00f2ria professional va comen\u00e7ar l\u2019any 2011, a Espanya, i abans de cofundar Mesas Trigo va desenvolupar la major part de la seva carrera en [&hellip;]","og_url":"https:\/\/www.mesastrigoeconomistes.com\/ca\/carlos-mesas-tapia\/","og_site_name":"Mesas Trigo Economistes","article_modified_time":"2025-07-07T07:58:48+00:00","og_image":[{"url":"http:\/\/www.mesastrigoeconomistes.com\/wp-content\/uploads\/sites\/3\/2025\/03\/Carlos.png","type":"","width":"","height":""}],"twitter_card":"summary_large_image","twitter_misc":{"Temps estimat de lectura":"2 minuts"},"schema":{"@context":"https:\/\/schema.org","@graph":[{"@type":"WebPage","@id":"https:\/\/www.mesastrigoeconomistes.com\/ca\/carlos-mesas-tapia\/","url":"https:\/\/www.mesastrigoeconomistes.com\/ca\/carlos-mesas-tapia\/","name":"Carlos Mesas Tapia - Mesas Trigo Economistes","isPartOf":{"@id":"https:\/\/www.mesastrigoeconomistes.com\/#website"},"primaryImageOfPage":{"@id":"https:\/\/www.mesastrigoeconomistes.com\/ca\/carlos-mesas-tapia\/#primaryimage"},"image":{"@id":"https:\/\/www.mesastrigoeconomistes.com\/ca\/carlos-mesas-tapia\/#primaryimage"},"thumbnailUrl":"http:\/\/www.mesastrigoeconomistes.com\/wp-content\/uploads\/sites\/3\/2025\/03\/Carlos.png","datePublished":"2024-12-02T07:36:11+00:00","dateModified":"2025-07-07T07:58:48+00:00","breadcrumb":{"@id":"https:\/\/www.mesastrigoeconomistes.com\/ca\/carlos-mesas-tapia\/#breadcrumb"},"inLanguage":"ca","potentialAction":[{"@type":"ReadAction","target":["https:\/\/www.mesastrigoeconomistes.com\/ca\/carlos-mesas-tapia\/"]}]},{"@type":"ImageObject","inLanguage":"ca","@id":"https:\/\/www.mesastrigoeconomistes.com\/ca\/carlos-mesas-tapia\/#primaryimage","url":"http:\/\/www.mesastrigoeconomistes.com\/wp-content\/uploads\/sites\/3\/2025\/03\/Carlos.png","contentUrl":"http:\/\/www.mesastrigoeconomistes.com\/wp-content\/uploads\/sites\/3\/2025\/03\/Carlos.png"},{"@type":"BreadcrumbList","@id":"https:\/\/www.mesastrigoeconomistes.com\/ca\/carlos-mesas-tapia\/#breadcrumb","itemListElement":[{"@type":"ListItem","position":1,"name":"Portada","item":"https:\/\/www.mesastrigoeconomistes.com\/"},{"@type":"ListItem","position":2,"name":"Carlos Mesas Tapia"}]},{"@type":"WebSite","@id":"https:\/\/www.mesastrigoeconomistes.com\/#website","url":"https:\/\/www.mesastrigoeconomistes.com\/","name":"Mesas Trigo Economistes","description":"Despacho de economistas en Andorra","potentialAction":[{"@type":"SearchAction","target":{"@type":"EntryPoint","urlTemplate":"https:\/\/www.mesastrigoeconomistes.com\/?s={search_term_string}"},"query-input":{"@type":"PropertyValueSpecification","valueRequired":true,"valueName":"search_term_string"}}],"inLanguage":"ca"}]}},"_links":{"self":[{"href":"https:\/\/www.mesastrigoeconomistes.com\/ca\/wp-json\/wp\/v2\/pages\/1047","targetHints":{"allow":["GET"]}}],"collection":[{"href":"https:\/\/www.mesastrigoeconomistes.com\/ca\/wp-json\/wp\/v2\/pages"}],"about":[{"href":"https:\/\/www.mesastrigoeconomistes.com\/ca\/wp-json\/wp\/v2\/types\/page"}],"author":[{"embeddable":true,"href":"https:\/\/www.mesastrigoeconomistes.com\/ca\/wp-json\/wp\/v2\/users\/3"}],"replies":[{"embeddable":true,"href":"https:\/\/www.mesastrigoeconomistes.com\/ca\/wp-json\/wp\/v2\/comments?post=1047"}],"version-history":[{"count":6,"href":"https:\/\/www.mesastrigoeconomistes.com\/ca\/wp-json\/wp\/v2\/pages\/1047\/revisions"}],"predecessor-version":[{"id":2023,"href":"https:\/\/www.mesastrigoeconomistes.com\/ca\/wp-json\/wp\/v2\/pages\/1047\/revisions\/2023"}],"wp:attachment":[{"href":"https:\/\/www.mesastrigoeconomistes.com\/ca\/wp-json\/wp\/v2\/media?parent=1047"}],"curies":[{"name":"wp","href":"https:\/\/api.w.org\/{rel}","templated":true}]}}